{"id":315,"date":"2025-04-10T09:49:01","date_gmt":"2025-04-10T06:49:01","guid":{"rendered":"https:\/\/tunduktravel.kg\/?page_id=315"},"modified":"2026-02-09T20:17:14","modified_gmt":"2026-02-09T17:17:14","slug":"one-day-tours","status":"publish","type":"page","link":"https:\/\/tunduktravel.kg\/fr\/one-day-tours\/","title":{"rendered":"Excursions d\u2019une journ\u00e9e"},"content":{"rendered":"<div data-elementor-type=\"wp-page\" data-elementor-id=\"315\" class=\"elementor elementor-315\">\n\t\t\t\t<div class=\"elementor-element elementor-element-7f90781 e-flex e-con-boxed e-con e-parent\" data-id=\"7f90781\" data-element_type=\"container\" data-e-type=\"container\" data-settings=\"{&quot;background_background&quot;:&quot;classic&quot;}\">\n\t\t\t\t\t<div class=\"e-con-inner\">\n\t\t\t\t<div class=\"elementor-element elementor-element-d83cc7c elementor-widget elementor-widget-heading\" data-id=\"d83cc7c\" data-element_type=\"widget\" data-e-type=\"widget\" data-widget_type=\"heading.default\">\n\t\t\t\t<div class=\"elementor-widget-container\">\n\t\t\t\t\t<h1 class=\"elementor-heading-title elementor-size-default\">Excursions d\u2019une journ\u00e9e<\/h1>\t\t\t\t<\/div>\n\t\t\t\t<\/div>\n\t\t\t\t<div class=\"elementor-element elementor-element-b2b3782 elementor-widget elementor-widget-text-editor\" data-id=\"b2b3782\" data-element_type=\"widget\" data-e-type=\"widget\" data-widget_type=\"text-editor.default\">\n\t\t\t\t<div class=\"elementor-widget-container\">\n\t\t\t\t\t\t\t\t\t<p>Profitez pleinement de votre journ\u00e9e \u2014 escapades courtes, grands souvenirs<\/p>\t\t\t\t\t\t\t\t<\/div>\n\t\t\t\t<\/div>\n\t\t\t\t\t<\/div>\n\t\t\t\t<\/div>\n\t\t<div class=\"elementor-element elementor-element-3f7e0ada e-flex e-con-boxed e-con e-parent\" data-id=\"3f7e0ada\" data-element_type=\"container\" data-e-type=\"container\">\n\t\t\t\t\t<div class=\"e-con-inner\">\n\t\t<div class=\"elementor-element elementor-element-d351af1 e-con-full e-flex e-con e-child\" data-id=\"d351af1\" data-element_type=\"container\" data-e-type=\"container\">\n\t\t<div class=\"elementor-element elementor-element-faedd5f e-con-full e-flex e-con e-child\" data-id=\"faedd5f\" data-element_type=\"container\" data-e-type=\"container\">\n\t\t\t\t<div class=\"elementor-element elementor-element-ff65bda elementor-widget elementor-widget-image\" data-id=\"ff65bda\" data-element_type=\"widget\" data-e-type=\"widget\" data-widget_type=\"image.default\">\n\t\t\t\t<div class=\"elementor-widget-container\">\n\t\t\t\t\t\t\t\t\t\t\t\t\t\t\t\t<a href=\"https:\/\/tunduktravel.kg\/fr\/bishkek-city-tour-horseback-riding-in-panorama-traditional-home-baking-tea-from-a-samovar\/\">\n\t\t\t\t\t\t\t<img fetchpriority=\"high\" decoding=\"async\" width=\"1920\" height=\"1080\" src=\"https:\/\/tunduktravel.kg\/wp-content\/uploads\/2026\/01\/mike-dudin-I1wB8lmDEoU-unsplash-2.webp\" class=\"attachment-full size-full wp-image-6000\" alt=\"\" srcset=\"https:\/\/tunduktravel.kg\/wp-content\/uploads\/2026\/01\/mike-dudin-I1wB8lmDEoU-unsplash-2.webp 1920w, https:\/\/tunduktravel.kg\/wp-content\/uploads\/2026\/01\/mike-dudin-I1wB8lmDEoU-unsplash-2-300x169.webp 300w, https:\/\/tunduktravel.kg\/wp-content\/uploads\/2026\/01\/mike-dudin-I1wB8lmDEoU-unsplash-2-1024x576.webp 1024w, https:\/\/tunduktravel.kg\/wp-content\/uploads\/2026\/01\/mike-dudin-I1wB8lmDEoU-unsplash-2-768x432.webp 768w, https:\/\/tunduktravel.kg\/wp-content\/uploads\/2026\/01\/mike-dudin-I1wB8lmDEoU-unsplash-2-1536x864.webp 1536w\" sizes=\"(max-width: 1920px) 100vw, 1920px\" \/>\t\t\t\t\t\t\t\t<\/a>\n\t\t\t\t\t\t\t\t\t\t\t\t\t\t\t<\/div>\n\t\t\t\t<\/div>\n\t\t\t\t<div class=\"elementor-element elementor-element-6f13e6d elementor-widget elementor-widget-heading\" data-id=\"6f13e6d\" data-element_type=\"widget\" data-e-type=\"widget\" data-widget_type=\"heading.default\">\n\t\t\t\t<div class=\"elementor-widget-container\">\n\t\t\t\t\t<h5 class=\"elementor-heading-title elementor-size-default\">1-Day Bishkek City Tour &amp; Ala-Archa National Park<\/h5>\t\t\t\t<\/div>\n\t\t\t\t<\/div>\n\t\t\t\t<div class=\"elementor-element elementor-element-b14e264 elementor-widget elementor-widget-text-editor\" data-id=\"b14e264\" data-element_type=\"widget\" data-e-type=\"widget\" data-widget_type=\"text-editor.default\">\n\t\t\t\t<div class=\"elementor-widget-container\">\n\t\t\t\t\t\t\t\t\t<p>D\u00e9couvrez les principaux sites de Bichkek avant de rejoindre le parc national d\u2019Ala-Archa, situ\u00e9 \u00e0 seulement 40 km de la capitale.\nLe parc propose des randonn\u00e9es pour tous les niveaux, des promenades faciles le long de la rivi\u00e8re aux sentiers plus exigeants, avec de superbes paysages alpins et des cascades.<\/p>\t\t\t\t\t\t\t\t<\/div>\n\t\t\t\t<\/div>\n\t\t\t\t<div class=\"elementor-element elementor-element-7bf4774 elementor-widget elementor-widget-button\" data-id=\"7bf4774\" data-element_type=\"widget\" data-e-type=\"widget\" data-widget_type=\"button.default\">\n\t\t\t\t<div class=\"elementor-widget-container\">\n\t\t\t\t\t\t\t\t\t<div class=\"elementor-button-wrapper\">\n\t\t\t\t\t<a class=\"elementor-button elementor-button-link elementor-size-sm\" href=\"https:\/\/tunduktravel.kg\/fr\/bishkek-city-tour-horseback-riding-in-panorama-traditional-home-baking-tea-from-a-samovar\/\">\n\t\t\t\t\t\t<span class=\"elementor-button-content-wrapper\">\n\t\t\t\t\t\t\t\t\t<span class=\"elementor-button-text\">Voir les d\u00e9tails<\/span>\n\t\t\t\t\t<\/span>\n\t\t\t\t\t<\/a>\n\t\t\t\t<\/div>\n\t\t\t\t\t\t\t\t<\/div>\n\t\t\t\t<\/div>\n\t\t\t\t<\/div>\n\t\t\t\t<\/div>\n\t\t<div class=\"elementor-element elementor-element-56963bc2 e-con-full e-flex e-con e-child\" data-id=\"56963bc2\" data-element_type=\"container\" data-e-type=\"container\">\n\t\t<div class=\"elementor-element elementor-element-60c42cac e-con-full e-flex e-con e-child\" data-id=\"60c42cac\" data-element_type=\"container\" data-e-type=\"container\">\n\t\t\t\t<div class=\"elementor-element elementor-element-16e8ef1f elementor-widget elementor-widget-image\" data-id=\"16e8ef1f\" data-element_type=\"widget\" data-e-type=\"widget\" data-widget_type=\"image.default\">\n\t\t\t\t<div class=\"elementor-widget-container\">\n\t\t\t\t\t\t\t\t\t\t\t\t\t\t\t<img decoding=\"async\" width=\"1920\" height=\"1280\" src=\"https:\/\/tunduktravel.kg\/wp-content\/uploads\/2026\/01\/IMG_0340.webp\" class=\"attachment-full size-full wp-image-3353\" alt=\"\" srcset=\"https:\/\/tunduktravel.kg\/wp-content\/uploads\/2026\/01\/IMG_0340.webp 1920w, https:\/\/tunduktravel.kg\/wp-content\/uploads\/2026\/01\/IMG_0340-300x200.webp 300w, https:\/\/tunduktravel.kg\/wp-content\/uploads\/2026\/01\/IMG_0340-1024x683.webp 1024w, https:\/\/tunduktravel.kg\/wp-content\/uploads\/2026\/01\/IMG_0340-768x512.webp 768w, https:\/\/tunduktravel.kg\/wp-content\/uploads\/2026\/01\/IMG_0340-1536x1024.webp 1536w\" sizes=\"(max-width: 1920px) 100vw, 1920px\" \/>\t\t\t\t\t\t\t\t\t\t\t\t\t\t\t<\/div>\n\t\t\t\t<\/div>\n\t\t\t\t<div class=\"elementor-element elementor-element-4492743a elementor-widget elementor-widget-heading\" data-id=\"4492743a\" data-element_type=\"widget\" data-e-type=\"widget\" data-widget_type=\"heading.default\">\n\t\t\t\t<div class=\"elementor-widget-container\">\n\t\t\t\t\t<h5 class=\"elementor-heading-title elementor-size-default\">1-Day Ala-Archa National Park &amp; Horseback Riding<\/h5>\t\t\t\t<\/div>\n\t\t\t\t<\/div>\n\t\t\t\t<div class=\"elementor-element elementor-element-6f4ccdfa elementor-widget elementor-widget-text-editor\" data-id=\"6f4ccdfa\" data-element_type=\"widget\" data-e-type=\"widget\" data-widget_type=\"text-editor.default\">\n\t\t\t\t<div class=\"elementor-widget-container\">\n\t\t\t\t\t\t\t\t\t<p>Explorez les paysages alpins du parc national d\u2019Ala-Archa, r\u00e9put\u00e9 pour ses montagnes spectaculaires et ses rivi\u00e8res cristallines.\nPoursuivez l\u2019aventure avec une randonn\u00e9e \u00e0 cheval \u00e0 travers les vall\u00e9es voisines et les sentiers forestiers, en profitant de vues panoramiques sur les montagnes environnantes.<\/p>\t\t\t\t\t\t\t\t<\/div>\n\t\t\t\t<\/div>\n\t\t\t\t<div class=\"elementor-element elementor-element-6b8de3c elementor-widget elementor-widget-button\" data-id=\"6b8de3c\" data-element_type=\"widget\" data-e-type=\"widget\" data-widget_type=\"button.default\">\n\t\t\t\t<div class=\"elementor-widget-container\">\n\t\t\t\t\t\t\t\t\t<div class=\"elementor-button-wrapper\">\n\t\t\t\t\t<a class=\"elementor-button elementor-button-link elementor-size-sm\" href=\"https:\/\/tunduktravel.kg\/fr\/ala-archa-gorge-waterfall-2\/\">\n\t\t\t\t\t\t<span class=\"elementor-button-content-wrapper\">\n\t\t\t\t\t\t\t\t\t<span class=\"elementor-button-text\">Voir les d\u00e9tails<\/span>\n\t\t\t\t\t<\/span>\n\t\t\t\t\t<\/a>\n\t\t\t\t<\/div>\n\t\t\t\t\t\t\t\t<\/div>\n\t\t\t\t<\/div>\n\t\t\t\t<\/div>\n\t\t\t\t<\/div>\n\t\t<div class=\"elementor-element elementor-element-221f6cb e-con-full e-flex e-con e-child\" data-id=\"221f6cb\" data-element_type=\"container\" data-e-type=\"container\">\n\t\t<div class=\"elementor-element elementor-element-073a183 e-con-full e-flex e-con e-child\" data-id=\"073a183\" data-element_type=\"container\" data-e-type=\"container\">\n\t\t\t\t<div class=\"elementor-element elementor-element-603b9a8 elementor-widget elementor-widget-image\" data-id=\"603b9a8\" data-element_type=\"widget\" data-e-type=\"widget\" data-widget_type=\"image.default\">\n\t\t\t\t<div class=\"elementor-widget-container\">\n\t\t\t\t\t\t\t\t\t\t\t\t\t\t\t<img decoding=\"async\" width=\"958\" height=\"720\" src=\"https:\/\/tunduktravel.kg\/wp-content\/uploads\/2026\/01\/bridge-e1768265784624.jpg\" class=\"attachment-full size-full wp-image-4283\" alt=\"\" srcset=\"https:\/\/tunduktravel.kg\/wp-content\/uploads\/2026\/01\/bridge-e1768265784624.jpg 958w, https:\/\/tunduktravel.kg\/wp-content\/uploads\/2026\/01\/bridge-e1768265784624-300x225.jpg 300w, https:\/\/tunduktravel.kg\/wp-content\/uploads\/2026\/01\/bridge-e1768265784624-768x577.jpg 768w\" sizes=\"(max-width: 958px) 100vw, 958px\" \/>\t\t\t\t\t\t\t\t\t\t\t\t\t\t\t<\/div>\n\t\t\t\t<\/div>\n\t\t\t\t<div class=\"elementor-element elementor-element-b54e83a elementor-widget elementor-widget-heading\" data-id=\"b54e83a\" data-element_type=\"widget\" data-e-type=\"widget\" data-widget_type=\"heading.default\">\n\t\t\t\t<div class=\"elementor-widget-container\">\n\t\t\t\t\t<h5 class=\"elementor-heading-title elementor-size-default\">1-Day Ala-Archa National Park, Sky Bridge &amp; Chunkurchak Gorge<\/h5>\t\t\t\t<\/div>\n\t\t\t\t<\/div>\n\t\t\t\t<div class=\"elementor-element elementor-element-13dfc38 elementor-widget elementor-widget-text-editor\" data-id=\"13dfc38\" data-element_type=\"widget\" data-e-type=\"widget\" data-widget_type=\"text-editor.default\">\n\t\t\t\t<div class=\"elementor-widget-container\">\n\t\t\t\t\t\t\t\t\t<p>Visitez le parc national d\u2019Ala-Archa pour profiter de paysages de montagne, de rivi\u00e8res et de cascades, puis traversez le Sky Bridge pour des vues panoramiques.\nPoursuivez vers les paisibles gorges de Chunkurchak, connues pour leurs prairies alpines et leurs falaises impressionnantes.<\/p>\t\t\t\t\t\t\t\t<\/div>\n\t\t\t\t<\/div>\n\t\t\t\t<div class=\"elementor-element elementor-element-c4fa30c elementor-widget elementor-widget-button\" data-id=\"c4fa30c\" data-element_type=\"widget\" data-e-type=\"widget\" data-widget_type=\"button.default\">\n\t\t\t\t<div class=\"elementor-widget-container\">\n\t\t\t\t\t\t\t\t\t<div class=\"elementor-button-wrapper\">\n\t\t\t\t\t<a class=\"elementor-button elementor-button-link elementor-size-sm\" href=\"https:\/\/tunduktravel.kg\/fr\/ala-archa-nationl-park-sky-bridge-chunkurchak-gorge\/\">\n\t\t\t\t\t\t<span class=\"elementor-button-content-wrapper\">\n\t\t\t\t\t\t\t\t\t<span class=\"elementor-button-text\">Voir les d\u00e9tails<\/span>\n\t\t\t\t\t<\/span>\n\t\t\t\t\t<\/a>\n\t\t\t\t<\/div>\n\t\t\t\t\t\t\t\t<\/div>\n\t\t\t\t<\/div>\n\t\t\t\t<\/div>\n\t\t\t\t<\/div>\n\t\t<div class=\"elementor-element elementor-element-f1af0c3 e-con-full e-flex e-con e-child\" data-id=\"f1af0c3\" data-element_type=\"container\" data-e-type=\"container\">\n\t\t<div class=\"elementor-element elementor-element-02a2177 e-con-full e-flex e-con e-child\" data-id=\"02a2177\" data-element_type=\"container\" data-e-type=\"container\">\n\t\t\t\t<div class=\"elementor-element elementor-element-eef2723 elementor-widget elementor-widget-image\" data-id=\"eef2723\" data-element_type=\"widget\" data-e-type=\"widget\" data-widget_type=\"image.default\">\n\t\t\t\t<div class=\"elementor-widget-container\">\n\t\t\t\t\t\t\t\t\t\t\t\t\t\t\t<img loading=\"lazy\" decoding=\"async\" width=\"1920\" height=\"1440\" src=\"https:\/\/tunduktravel.kg\/wp-content\/uploads\/2026\/01\/P1000364-2.webp\" class=\"attachment-full size-full wp-image-3372\" alt=\"\" srcset=\"https:\/\/tunduktravel.kg\/wp-content\/uploads\/2026\/01\/P1000364-2.webp 1920w, https:\/\/tunduktravel.kg\/wp-content\/uploads\/2026\/01\/P1000364-2-300x225.webp 300w, https:\/\/tunduktravel.kg\/wp-content\/uploads\/2026\/01\/P1000364-2-1024x768.webp 1024w, https:\/\/tunduktravel.kg\/wp-content\/uploads\/2026\/01\/P1000364-2-768x576.webp 768w, https:\/\/tunduktravel.kg\/wp-content\/uploads\/2026\/01\/P1000364-2-1536x1152.webp 1536w\" sizes=\"(max-width: 1920px) 100vw, 1920px\" \/>\t\t\t\t\t\t\t\t\t\t\t\t\t\t\t<\/div>\n\t\t\t\t<\/div>\n\t\t\t\t<div class=\"elementor-element elementor-element-f7ab243 elementor-widget elementor-widget-heading\" data-id=\"f7ab243\" data-element_type=\"widget\" data-e-type=\"widget\" data-widget_type=\"heading.default\">\n\t\t\t\t<div class=\"elementor-widget-container\">\n\t\t\t\t\t<h5 class=\"elementor-heading-title elementor-size-default\">1 jour \u2013 Randonn\u00e9e \u00e0 cheval \u00e0 Chon-Kemin &amp; tour de Burana<\/h5>\t\t\t\t<\/div>\n\t\t\t\t<\/div>\n\t\t\t\t<div class=\"elementor-element elementor-element-75b53ed elementor-widget elementor-widget-text-editor\" data-id=\"75b53ed\" data-element_type=\"widget\" data-e-type=\"widget\" data-widget_type=\"text-editor.default\">\n\t\t\t\t<div class=\"elementor-widget-container\">\n\t\t\t\t\t\t\t\t\t<p class=\"\" data-start=\"1215\" data-end=\"1459\">Explorez la pittoresque vall\u00e9e de Chon-Kemin lors d\u2019une randonn\u00e9e \u00e0 cheval \u00e0 travers des prairies alpines et le long des rivi\u00e8res, en profitant de l\u2019air pur des montagnes et de la culture nomade locale.\nPoursuivez vers la tour de Burana, un minaret du XI\u1d49 si\u00e8cle et site historique offrant de belles vues panoramiques et un aper\u00e7u de l\u2019histoire ancienne du Kirghizistan.<\/p>\t\t\t\t\t\t\t\t<\/div>\n\t\t\t\t<\/div>\n\t\t\t\t<div class=\"elementor-element elementor-element-8b15501 elementor-widget elementor-widget-button\" data-id=\"8b15501\" data-element_type=\"widget\" data-e-type=\"widget\" data-widget_type=\"button.default\">\n\t\t\t\t<div class=\"elementor-widget-container\">\n\t\t\t\t\t\t\t\t\t<div class=\"elementor-button-wrapper\">\n\t\t\t\t\t<a class=\"elementor-button elementor-button-link elementor-size-sm\" href=\"https:\/\/tunduktravel.kg\/fr\/national-park-chon-kemin-horseback-riding-burana-tower\/\">\n\t\t\t\t\t\t<span class=\"elementor-button-content-wrapper\">\n\t\t\t\t\t\t\t\t\t<span class=\"elementor-button-text\">Voir les d\u00e9tails<\/span>\n\t\t\t\t\t<\/span>\n\t\t\t\t\t<\/a>\n\t\t\t\t<\/div>\n\t\t\t\t\t\t\t\t<\/div>\n\t\t\t\t<\/div>\n\t\t\t\t<\/div>\n\t\t\t\t<\/div>\n\t\t<div class=\"elementor-element elementor-element-7a2f5d54 e-con-full e-flex e-con e-child\" data-id=\"7a2f5d54\" data-element_type=\"container\" data-e-type=\"container\">\n\t\t<div class=\"elementor-element elementor-element-1744c3a e-con-full e-flex e-con e-child\" data-id=\"1744c3a\" data-element_type=\"container\" data-e-type=\"container\">\n\t\t\t\t<div class=\"elementor-element elementor-element-5a72d69 elementor-widget elementor-widget-image\" data-id=\"5a72d69\" data-element_type=\"widget\" data-e-type=\"widget\" data-widget_type=\"image.default\">\n\t\t\t\t<div class=\"elementor-widget-container\">\n\t\t\t\t\t\t\t\t\t\t\t\t\t\t\t<img loading=\"lazy\" decoding=\"async\" width=\"1920\" height=\"1280\" src=\"https:\/\/tunduktravel.kg\/wp-content\/uploads\/2026\/01\/IMG_1115.webp\" class=\"attachment-full size-full wp-image-3404\" alt=\"\" srcset=\"https:\/\/tunduktravel.kg\/wp-content\/uploads\/2026\/01\/IMG_1115.webp 1920w, https:\/\/tunduktravel.kg\/wp-content\/uploads\/2026\/01\/IMG_1115-300x200.webp 300w, https:\/\/tunduktravel.kg\/wp-content\/uploads\/2026\/01\/IMG_1115-1024x683.webp 1024w, https:\/\/tunduktravel.kg\/wp-content\/uploads\/2026\/01\/IMG_1115-768x512.webp 768w, https:\/\/tunduktravel.kg\/wp-content\/uploads\/2026\/01\/IMG_1115-1536x1024.webp 1536w\" sizes=\"(max-width: 1920px) 100vw, 1920px\" \/>\t\t\t\t\t\t\t\t\t\t\t\t\t\t\t<\/div>\n\t\t\t\t<\/div>\n\t\t\t\t<div class=\"elementor-element elementor-element-26c0c179 elementor-widget elementor-widget-heading\" data-id=\"26c0c179\" data-element_type=\"widget\" data-e-type=\"widget\" data-widget_type=\"heading.default\">\n\t\t\t\t<div class=\"elementor-widget-container\">\n\t\t\t\t\t<h5 class=\"elementor-heading-title elementor-size-default\">1 jour \u2013 Canyon de Kok-Moynok, lac Issyk-Koul &amp; sources chaudes<\/h5>\t\t\t\t<\/div>\n\t\t\t\t<\/div>\n\t\t\t\t<div class=\"elementor-element elementor-element-569a4294 elementor-widget elementor-widget-text-editor\" data-id=\"569a4294\" data-element_type=\"widget\" data-e-type=\"widget\" data-widget_type=\"text-editor.default\">\n\t\t\t\t<div class=\"elementor-widget-container\">\n\t\t\t\t\t\t\t\t\t<p class=\"\" data-start=\"714\" data-end=\"946\">Admirez les formations rocheuses rouges du canyon de Kok-Moynok, d\u00e9tendez-vous sur les rives du lac Issyk-Koul et profitez d\u2019un bain relaxant dans une source chaude naturelle, au c\u0153ur de paysages montagneux.<\/p>\t\t\t\t\t\t\t\t<\/div>\n\t\t\t\t<\/div>\n\t\t\t\t<div class=\"elementor-element elementor-element-7f4303d0 elementor-widget elementor-widget-button\" data-id=\"7f4303d0\" data-element_type=\"widget\" data-e-type=\"widget\" data-widget_type=\"button.default\">\n\t\t\t\t<div class=\"elementor-widget-container\">\n\t\t\t\t\t\t\t\t\t<div class=\"elementor-button-wrapper\">\n\t\t\t\t\t<a class=\"elementor-button elementor-button-link elementor-size-sm\" href=\"https:\/\/tunduktravel.kg\/fr\/kok-moynok-canyon-issyk-kul-lake-hot-spring\/\">\n\t\t\t\t\t\t<span class=\"elementor-button-content-wrapper\">\n\t\t\t\t\t\t\t\t\t<span class=\"elementor-button-text\">Voir les d\u00e9tails<\/span>\n\t\t\t\t\t<\/span>\n\t\t\t\t\t<\/a>\n\t\t\t\t<\/div>\n\t\t\t\t\t\t\t\t<\/div>\n\t\t\t\t<\/div>\n\t\t\t\t<\/div>\n\t\t\t\t<\/div>\n\t\t<div class=\"elementor-element elementor-element-426e92e3 e-con-full e-flex e-con e-child\" data-id=\"426e92e3\" data-element_type=\"container\" data-e-type=\"container\">\n\t\t<div class=\"elementor-element elementor-element-594460dc e-con-full e-flex e-con e-child\" data-id=\"594460dc\" data-element_type=\"container\" data-e-type=\"container\">\n\t\t\t\t<div class=\"elementor-element elementor-element-72544d78 elementor-widget elementor-widget-image\" data-id=\"72544d78\" data-element_type=\"widget\" data-e-type=\"widget\" data-widget_type=\"image.default\">\n\t\t\t\t<div class=\"elementor-widget-container\">\n\t\t\t\t\t\t\t\t\t\t\t\t\t\t\t<img loading=\"lazy\" decoding=\"async\" width=\"1446\" height=\"1920\" src=\"https:\/\/tunduktravel.kg\/wp-content\/uploads\/2026\/01\/PXL_20240906_0614492362.webp\" class=\"attachment-full size-full wp-image-4016\" alt=\"\" srcset=\"https:\/\/tunduktravel.kg\/wp-content\/uploads\/2026\/01\/PXL_20240906_0614492362.webp 1446w, https:\/\/tunduktravel.kg\/wp-content\/uploads\/2026\/01\/PXL_20240906_0614492362-226x300.webp 226w, https:\/\/tunduktravel.kg\/wp-content\/uploads\/2026\/01\/PXL_20240906_0614492362-771x1024.webp 771w, https:\/\/tunduktravel.kg\/wp-content\/uploads\/2026\/01\/PXL_20240906_0614492362-768x1020.webp 768w, https:\/\/tunduktravel.kg\/wp-content\/uploads\/2026\/01\/PXL_20240906_0614492362-1157x1536.webp 1157w\" sizes=\"(max-width: 1446px) 100vw, 1446px\" \/>\t\t\t\t\t\t\t\t\t\t\t\t\t\t\t<\/div>\n\t\t\t\t<\/div>\n\t\t\t\t<div class=\"elementor-element elementor-element-a54c974 elementor-widget elementor-widget-heading\" data-id=\"a54c974\" data-element_type=\"widget\" data-e-type=\"widget\" data-widget_type=\"heading.default\">\n\t\t\t\t<div class=\"elementor-widget-container\">\n\t\t\t\t\t<h5 class=\"elementor-heading-title elementor-size-default\">1-Day Toguz Bulak Panorama, Issyk-Ata Hot Springs, Kegeti Waterfall &amp; Burana Tower<\/h5>\t\t\t\t<\/div>\n\t\t\t\t<\/div>\n\t\t\t\t<div class=\"elementor-element elementor-element-269f09b0 elementor-widget elementor-widget-text-editor\" data-id=\"269f09b0\" data-element_type=\"widget\" data-e-type=\"widget\" data-widget_type=\"text-editor.default\">\n\t\t\t\t<div class=\"elementor-widget-container\">\n\t\t\t\t\t\t\t\t\t<p class=\"\" data-start=\"381\" data-end=\"707\">Profitez de vues panoramiques \u00e0 Toguz Bulak, un point de vue id\u00e9al pour respirer l\u2019air frais des montagnes et prendre des photos.\nD\u00e9tendez-vous dans les sources chaudes naturelles d\u2019Issyk-Ata, visitez la paisible cascade de Kegeti, puis explorez la tour historique de Burana, un ancien minaret offrant de larges panoramas.<\/p>\t\t\t\t\t\t\t\t<\/div>\n\t\t\t\t<\/div>\n\t\t\t\t<div class=\"elementor-element elementor-element-54ee93ea elementor-widget elementor-widget-button\" data-id=\"54ee93ea\" data-element_type=\"widget\" data-e-type=\"widget\" data-widget_type=\"button.default\">\n\t\t\t\t<div class=\"elementor-widget-container\">\n\t\t\t\t\t\t\t\t\t<div class=\"elementor-button-wrapper\">\n\t\t\t\t\t<a class=\"elementor-button elementor-button-link elementor-size-sm\" href=\"https:\/\/tunduktravel.kg\/fr\/exclusive-tour-toguz-bulak-panorama-view-issyk-ata-hot-springs-kegeti-waterfall-burana-tower\/\">\n\t\t\t\t\t\t<span class=\"elementor-button-content-wrapper\">\n\t\t\t\t\t\t\t\t\t<span class=\"elementor-button-text\">Voir les d\u00e9tails<\/span>\n\t\t\t\t\t<\/span>\n\t\t\t\t\t<\/a>\n\t\t\t\t<\/div>\n\t\t\t\t\t\t\t\t<\/div>\n\t\t\t\t<\/div>\n\t\t\t\t<\/div>\n\t\t\t\t<\/div>\n\t\t\t\t\t<\/div>\n\t\t\t\t<\/div>\n\t\t<div class=\"elementor-element elementor-element-3012027a e-flex e-con-boxed e-con e-parent\" data-id=\"3012027a\" data-element_type=\"container\" data-e-type=\"container\" data-settings=\"{&quot;background_background&quot;:&quot;classic&quot;}\">\n\t\t\t\t\t<div class=\"e-con-inner\">\n\t\t\t\t<div class=\"elementor-element elementor-element-504b91b elementor-widget elementor-widget-heading\" data-id=\"504b91b\" data-element_type=\"widget\" data-e-type=\"widget\" data-widget_type=\"heading.default\">\n\t\t\t\t<div class=\"elementor-widget-container\">\n\t\t\t\t\t<h2 class=\"elementor-heading-title elementor-size-default\">Donnez vie \u00e0 votre aventure\n<\/h2>\t\t\t\t<\/div>\n\t\t\t\t<\/div>\n\t\t\t\t<div class=\"elementor-element elementor-element-315d1c50 elementor-align-justify elementor-widget elementor-widget-button\" data-id=\"315d1c50\" data-element_type=\"widget\" data-e-type=\"widget\" data-widget_type=\"button.default\">\n\t\t\t\t<div class=\"elementor-widget-container\">\n\t\t\t\t\t\t\t\t\t<div class=\"elementor-button-wrapper\">\n\t\t\t\t\t<a class=\"elementor-button elementor-button-link elementor-size-sm\" href=\"https:\/\/tunduktravel.kg\/fr\/contact\/\">\n\t\t\t\t\t\t<span class=\"elementor-button-content-wrapper\">\n\t\t\t\t\t\t\t\t\t<span class=\"elementor-button-text\">Contactez-nous<\/span>\n\t\t\t\t\t<\/span>\n\t\t\t\t\t<\/a>\n\t\t\t\t<\/div>\n\t\t\t\t\t\t\t\t<\/div>\n\t\t\t\t<\/div>\n\t\t\t\t\t<\/div>\n\t\t\t\t<\/div>\n\t\t\t\t<\/div>","protected":false},"excerpt":{"rendered":"<p>One-Day Tours Make the Most of Your Day \u2014 Quick Getaways, Big Memories 1-Day Bishkek City Tour &#038; Ala-Archa National [&hellip;]<\/p>\n","protected":false},"author":2,"featured_media":0,"parent":0,"menu_order":0,"comment_status":"closed","ping_status":"closed","template":"","meta":{"site-sidebar-layout":"no-sidebar","site-content-layout":"","ast-site-content-layout":"full-width-container","site-content-style":"default","site-sidebar-style":"default","ast-global-header-display":"","ast-banner-title-visibility":"","ast-main-header-display":"","ast-hfb-above-header-display":"","ast-hfb-below-header-display":"","ast-hfb-mobile-header-display":"","site-post-title":"disabled","ast-breadcrumbs-content":"","ast-featured-img":"disabled","footer-sml-layout":"","ast-disable-related-posts":"","theme-transparent-header-meta":"","adv-header-id-meta":"","stick-header-meta":"","header-above-stick-meta":"","header-main-stick-meta":"","header-below-stick-meta":"","astra-migrate-meta-layouts":"default","ast-page-background-enabled":"default","ast-page-background-meta":{"desktop":{"background-color":"var(--ast-global-color-4)","background-image":"","background-repeat":"repeat","background-position":"center center","background-size":"auto","background-attachment":"scroll","background-type":"","background-media":"","overlay-type":"","overlay-color":"","overlay-opacity":"","overlay-gradient":""},"tablet":{"background-color":"","background-image":"","background-repeat":"repeat","background-position":"center center","background-size":"auto","background-attachment":"scroll","background-type":"","background-media":"","overlay-type":"","overlay-color":"","overlay-opacity":"","overlay-gradient":""},"mobile":{"background-color":"","background-image":"","background-repeat":"repeat","background-position":"center center","background-size":"auto","background-attachment":"scroll","background-type":"","background-media":"","overlay-type":"","overlay-color":"","overlay-opacity":"","overlay-gradient":""}},"ast-content-background-meta":{"desktop":{"background-color":"var(--ast-global-color-5)","background-image":"","background-repeat":"repeat","background-position":"center center","background-size":"auto","background-attachment":"scroll","background-type":"","background-media":"","overlay-type":"","overlay-color":"","overlay-opacity":"","overlay-gradient":""},"tablet":{"background-color":"var(--ast-global-color-5)","background-image":"","background-repeat":"repeat","background-position":"center center","background-size":"auto","background-attachment":"scroll","background-type":"","background-media":"","overlay-type":"","overlay-color":"","overlay-opacity":"","overlay-gradient":""},"mobile":{"background-color":"var(--ast-global-color-5)","background-image":"","background-repeat":"repeat","background-position":"center center","background-size":"auto","background-attachment":"scroll","background-type":"","background-media":"","overlay-type":"","overlay-color":"","overlay-opacity":"","overlay-gradient":""}},"footnotes":""},"class_list":["post-315","page","type-page","status-publish","hentry"],"_links":{"self":[{"href":"https:\/\/tunduktravel.kg\/fr\/wp-json\/wp\/v2\/pages\/315","targetHints":{"allow":["GET"]}}],"collection":[{"href":"https:\/\/tunduktravel.kg\/fr\/wp-json\/wp\/v2\/pages"}],"about":[{"href":"https:\/\/tunduktravel.kg\/fr\/wp-json\/wp\/v2\/types\/page"}],"author":[{"embeddable":true,"href":"https:\/\/tunduktravel.kg\/fr\/wp-json\/wp\/v2\/users\/2"}],"replies":[{"embeddable":true,"href":"https:\/\/tunduktravel.kg\/fr\/wp-json\/wp\/v2\/comments?post=315"}],"version-history":[{"count":166,"href":"https:\/\/tunduktravel.kg\/fr\/wp-json\/wp\/v2\/pages\/315\/revisions"}],"predecessor-version":[{"id":6346,"href":"https:\/\/tunduktravel.kg\/fr\/wp-json\/wp\/v2\/pages\/315\/revisions\/6346"}],"wp:attachment":[{"href":"https:\/\/tunduktravel.kg\/fr\/wp-json\/wp\/v2\/media?parent=315"}],"curies":[{"name":"wp","href":"https:\/\/api.w.org\/{rel}","templated":true}]}}