{"id":26,"date":"2025-04-06T15:30:53","date_gmt":"2025-04-06T12:30:53","guid":{"rendered":"https:\/\/tunduktravel.kg\/about\/"},"modified":"2026-02-16T18:59:08","modified_gmt":"2026-02-16T15:59:08","slug":"about","status":"publish","type":"page","link":"https:\/\/tunduktravel.kg\/fr\/about\/","title":{"rendered":"Who We Are?"},"content":{"rendered":"<div data-elementor-type=\"wp-page\" data-elementor-id=\"26\" class=\"elementor elementor-26\">\n\t\t\t\t<div class=\"elementor-element elementor-element-1186e472 e-flex e-con-boxed e-con e-parent\" data-id=\"1186e472\" data-element_type=\"container\" data-e-type=\"container\" data-settings=\"{&quot;background_background&quot;:&quot;classic&quot;}\">\n\t\t\t\t\t<div class=\"e-con-inner\">\n\t\t\t\t<div class=\"elementor-element elementor-element-43ac5be4 elementor-widget elementor-widget-heading\" data-id=\"43ac5be4\" data-element_type=\"widget\" data-e-type=\"widget\" data-widget_type=\"heading.default\">\n\t\t\t\t<div class=\"elementor-widget-container\">\n\t\t\t\t\t<h1 class=\"elementor-heading-title elementor-size-default\">\u00c0 propos de nous<\/h1>\t\t\t\t<\/div>\n\t\t\t\t<\/div>\n\t\t\t\t<div class=\"elementor-element elementor-element-4a1132bc elementor-widget__width-initial elementor-widget elementor-widget-text-editor\" data-id=\"4a1132bc\" data-element_type=\"widget\" data-e-type=\"widget\" data-widget_type=\"text-editor.default\">\n\t\t\t\t<div class=\"elementor-widget-container\">\n\t\t\t\t\t\t\t\t\t<p>Qui nous sommes et ce qui nous anime<\/p>\t\t\t\t\t\t\t\t<\/div>\n\t\t\t\t<\/div>\n\t\t\t\t\t<\/div>\n\t\t\t\t<\/div>\n\t\t<div class=\"elementor-element elementor-element-48ec6778 e-flex e-con-boxed e-con e-parent\" data-id=\"48ec6778\" data-element_type=\"container\" data-e-type=\"container\">\n\t\t\t\t\t<div class=\"e-con-inner\">\n\t\t<div class=\"elementor-element elementor-element-39b54120 e-con-full e-flex e-con e-child\" data-id=\"39b54120\" data-element_type=\"container\" data-e-type=\"container\">\n\t\t\t\t<div class=\"elementor-element elementor-element-1e089744 elementor-widget elementor-widget-heading\" data-id=\"1e089744\" data-element_type=\"widget\" data-e-type=\"widget\" data-widget_type=\"heading.default\">\n\t\t\t\t<div class=\"elementor-widget-container\">\n\t\t\t\t\t<h2 class=\"elementor-heading-title elementor-size-default\">Notre histoire<\/h2>\t\t\t\t<\/div>\n\t\t\t\t<\/div>\n\t\t\t\t<div class=\"elementor-element elementor-element-2909b54 elementor-widget__width-initial elementor-widget elementor-widget-text-editor\" data-id=\"2909b54\" data-element_type=\"widget\" data-e-type=\"widget\" data-widget_type=\"text-editor.default\">\n\t\t\t\t<div class=\"elementor-widget-container\">\n\t\t\t\t\t\t\t\t\t<p><strong>Comment Tunduk Travel est n\u00e9<\/strong><br \/>En 2014, nous avons ouvert les portes de notre auberge en nous attendant \u00e0 accueillir un flux simple de voyageurs. Mais nous avons vite compris que nos h\u00f4tes ne venaient pas seulement pour un endroit o\u00f9 dormir.\nIls nous posaient des questions auxquelles nous n\u2019\u00e9tions pas encore pr\u00eats \u00e0 r\u00e9pondre : comment d\u00e9couvrir le vrai Kirghizistan, o\u00f9 trouver l\u2019aventure et que voir au-del\u00e0 des itin\u00e9raires touristiques classiques.<br \/><br \/><\/p><p><strong>Un d\u00e9fi qui a tout chang\u00e9<\/strong><\/p><p>Nous avons compris que les circuits classiques ne suffisaient plus. Nos voyageurs recherchaient plus que de beaux paysages : ils voulaient ressentir le pays.\nCe d\u00e9fi nous a pouss\u00e9s \u00e0 cr\u00e9er des voyages sur mesure : certains r\u00eavaient de dormir dans une yourte, d\u2019autres de partir \u00e0 cheval au c\u0153ur des montagnes, tandis que d\u2019autres souhaitaient simplement partager un d\u00eener avec une famille locale.\nC\u2019est ainsi qu\u2019est n\u00e9e l\u2019id\u00e9e qui a tout chang\u00e9.<\/p>\t\t\t\t\t\t\t\t<\/div>\n\t\t\t\t<\/div>\n\t\t\t\t<div class=\"elementor-element elementor-element-f46aa34 elementor-widget elementor-widget-bdt-toggle\" data-id=\"f46aa34\" data-element_type=\"widget\" data-e-type=\"widget\" data-widget_type=\"bdt-toggle.default\">\n\t\t\t\t<div class=\"elementor-widget-container\">\n\t\t\t\t\t\n        <div class=\"bdt-show-hide-container\">\n            <div id=\"bdt-show-hide-f46aa34\" class=\"bdt-show-hide\" data-settings=\"{&quot;id&quot;:&quot;f46aa34&quot;,&quot;scrollspy_top_offset&quot;:70,&quot;scrollspy_time&quot;:1000,&quot;toggle_initially_open&quot;:&quot; &quot;,&quot;by_widget_selector_status&quot;:&quot;no&quot;,&quot;viewport_lg&quot;:1023,&quot;viewport_md&quot;:767}\">\n                <div class=\"bdt-show-hide-item\">\n                    <div class=\"bdt-show-hide-content\">\n                        <p><strong>Le d\u00e9but d\u2019un nouveau chemin<\/strong><br \/>Nous avons d\u00e9pass\u00e9 les murs de l\u2019auberge pour donner naissance \u00e0 Tunduk Travel \u2014 une entreprise familiale, profond\u00e9ment attach\u00e9e \u00e0 nos valeurs et \u00e0 l\u2019amour de notre culture.\nNotre mission n\u2019\u00e9tait pas seulement de montrer le Kirghizistan, mais d\u2019aider chacun \u00e0 le vivre pleinement : partager le quotidien, ressentir le rythme de la vie locale et \u00e9couter les histoires transmises de g\u00e9n\u00e9ration en g\u00e9n\u00e9ration.<\/p><p><strong>La famille au c\u0153ur de tout<\/strong><br \/>Cette aventure a toujours \u00e9t\u00e9 une histoire de famille. Nos parents ont pos\u00e9 les bases en nous apprenant \u00e0 respecter et \u00e0 aimer notre terre.\nPeu \u00e0 peu, notre \u00e9quipe de guides est devenue une famille elle aussi \u2014 non seulement des professionnels, mais de v\u00e9ritables ambassadeurs de la culture et de l\u2019hospitalit\u00e9 kirghizes.\nEnsemble, nous accueillons nos voyageurs comme de vieux amis et les accompagnons dans des exp\u00e9riences inoubliables.<\/p><p><strong>Ce qui nous distingue<\/strong><br \/>Nous sommes convaincus que le Kirghizistan se d\u00e9couvre avant tout \u00e0 travers des rencontres humaines sinc\u00e8res.\nNos voyages vont au-del\u00e0 du simple tourisme : ils ouvrent les portes des traditions, des \u00e9changes et de la vie r\u00e9elle.\nC\u2019est ainsi que naissent les histoires. Nos itin\u00e9raires m\u00e8nent au c\u0153ur du Kirghizistan \u2014 tel que nous le connaissons et l\u2019aimons.<\/p><p><strong>Notre mission<\/strong><br \/>Notre mission est d\u2019accueillir les voyageurs comme des invit\u00e9s et de cr\u00e9er des voyages qui se transforment en v\u00e9ritables histoires.\nGr\u00e2ce \u00e0 des liens authentiques avec les habitants, la nature et la culture, nous vous aidons \u00e0 vivre le Kirghizistan \u2014 et pas seulement \u00e0 le visiter.<\/p>                    <\/div>\n\n                    <a class=\"bdt-show-hide-title\" href='javascript:void(0)'>\n                        <span class=\"bdt-show-hide-btn bdt-display-inline\">\n\n                                                                                                <span class=\"bdt-show-hide-icon left-position\" aria-hidden=\"true\">\n                                        <span class=\"bdt-show-hide-icon-closed\">\n                                            <svg aria-hidden=\"true\" class=\"fa-fw e-font-icon-svg e-fas-arrow-down\" viewbox=\"0 0 448 512\" xmlns=\"http:\/\/www.w3.org\/2000\/svg\"><path d=\"M413.1 222.5l22.2 22.2c9.4 9.4 9.4 24.6 0 33.9L241 473c-9.4 9.4-24.6 9.4-33.9 0L12.7 278.6c-9.4-9.4-9.4-24.6 0-33.9l22.2-22.2c9.5-9.5 25-9.3 34.3.4L184 343.4V56c0-13.3 10.7-24 24-24h32c13.3 0 24 10.7 24 24v287.4l114.8-120.5c9.3-9.8 24.8-10 34.3-.4z\"><\/path><\/svg>                                        <\/span>\n    \n                                        <span class=\"bdt-show-hide-icon-opened\">\n                                            <svg aria-hidden=\"true\" class=\"fa-fw e-font-icon-svg e-fas-arrow-up\" viewbox=\"0 0 448 512\" xmlns=\"http:\/\/www.w3.org\/2000\/svg\"><path d=\"M34.9 289.5l-22.2-22.2c-9.4-9.4-9.4-24.6 0-33.9L207 39c9.4-9.4 24.6-9.4 33.9 0l194.3 194.3c9.4 9.4 9.4 24.6 0 33.9L413 289.4c-9.5 9.5-25 9.3-34.3-.4L264 168.6V456c0 13.3-10.7 24-24 24h-32c-13.3 0-24-10.7-24-24V168.6L69.2 289.1c-9.3 9.8-24.8 10-34.3.4z\"><\/path><\/svg>                                        <\/span>\n    \n                                    <\/span>\n                                                                                        <span class=\"bdt-toggle-open\">\n                                En savoir plus                            <\/span>\n                            <span class=\"bdt-toggle-close\">\n                                R\u00e9duire                            <\/span>\n                                                                                                                <\/span>\n\n                    <\/a>\n                <\/div>\n            <\/div>\n        <\/div>\n\n\t\t\t\t<\/div>\n\t\t\t\t<\/div>\n\t\t\t\t<\/div>\n\t\t\t\t\t<\/div>\n\t\t\t\t<\/div>\n\t\t<div class=\"elementor-element elementor-element-fda27a3 e-flex e-con-boxed e-con e-parent\" data-id=\"fda27a3\" data-element_type=\"container\" data-e-type=\"container\">\n\t\t\t\t\t<div class=\"e-con-inner\">\n\t\t\t\t<div class=\"elementor-element elementor-element-13693c4 elementor-widget__width-initial elementor-widget-mobile__width-inherit elementor-widget elementor-widget-heading\" data-id=\"13693c4\" data-element_type=\"widget\" data-e-type=\"widget\" data-widget_type=\"heading.default\">\n\t\t\t\t<div class=\"elementor-widget-container\">\n\t\t\t\t\t<h2 class=\"elementor-heading-title elementor-size-default\">L\u2019\u00e9quipe cr\u00e9ative derri\u00e8re Tunduk Travel<\/h2>\t\t\t\t<\/div>\n\t\t\t\t<\/div>\n\t\t\t\t\t<\/div>\n\t\t\t\t<\/div>\n\t\t<div class=\"elementor-element elementor-element-41787cc e-flex e-con-boxed e-con e-parent\" data-id=\"41787cc\" data-element_type=\"container\" data-e-type=\"container\">\n\t\t\t\t\t<div class=\"e-con-inner\">\n\t\t\t\t<div class=\"elementor-element elementor-element-91f208d bdt-navigation-type-both elementor-widget__width-initial bdt-carousel-style-carousel elementor-widget elementor-widget-bdt-panel-slider\" data-id=\"91f208d\" data-element_type=\"widget\" data-e-type=\"widget\" data-settings=\"{&quot;columns&quot;:&quot;1&quot;,&quot;columns_tablet&quot;:&quot;1&quot;,&quot;columns_mobile&quot;:&quot;1&quot;}\" data-widget_type=\"bdt-panel-slider.always-visible\">\n\t\t\t\t<div class=\"elementor-widget-container\">\n\t\t\t\t\t\t\t<div class=\"bdt-arrows-dots-align-center bdt-panel-slider bdt-text-on-always\" data-settings=\"{&quot;autoplay&quot;:{&quot;delay&quot;:5000},&quot;loop&quot;:true,&quot;speed&quot;:500,&quot;slidesPerView&quot;:1,&quot;slidesPerGroup&quot;:1,&quot;effect&quot;:&quot;carousel&quot;,&quot;breakpoints&quot;:{&quot;767&quot;:{&quot;slidesPerView&quot;:1,&quot;spaceBetween&quot;:0,&quot;slidesPerGroup&quot;:1},&quot;1023&quot;:{&quot;slidesPerView&quot;:1,&quot;spaceBetween&quot;:10,&quot;slidesPerGroup&quot;:1}},&quot;navigation&quot;:{&quot;nextEl&quot;:&quot;#bdt-panel-slider-91f208d .bdt-navigation-next&quot;,&quot;prevEl&quot;:&quot;#bdt-panel-slider-91f208d .bdt-navigation-prev&quot;},&quot;pagination&quot;:{&quot;el&quot;:&quot;#bdt-panel-slider-91f208d .swiper-pagination&quot;,&quot;type&quot;:&quot;bullets&quot;,&quot;clickable&quot;:&quot;true&quot;,&quot;dynamicBullets&quot;:false},&quot;scrollbar&quot;:{&quot;el&quot;:&quot;#bdt-panel-slider-91f208d .swiper-scrollbar&quot;,&quot;hide&quot;:&quot;true&quot;},&quot;coverflowEffect&quot;:{&quot;rotate&quot;:50,&quot;stretch&quot;:0,&quot;depth&quot;:100,&quot;modifier&quot;:1,&quot;slideShadows&quot;:true}}\" id=\"bdt-panel-slider-91f208d\" data-widget-settings=\"{&quot;id&quot;:&quot;#bdt-panel-slider-91f208d&quot;,&quot;mouseInteractivity&quot;:false}\">\n\t\t\t<div class=\"swiper-carousel swiper\">\n\t\t\t\t<div class=\"swiper-wrapper\">\n\t\t\t\t\t\n\t\t\t\t\t\t\t\t\t\t\t<div class=\"bdt-panel-slide-item swiper-slide bdt-transition-toggle\">\n\n\t\t\t\t\t\t\t<div class=\"bdt-panel-slide-thumb-wrapper\">\n\t\t\t\t\t\t\t\t<div class=\"bdt-panel-slide-thumb bdt-background-cover\" data-depth=\"0.2\"\n\t\t\t\t\t\t\t\t\tstyle=\"background-image: url(https:\/\/tunduktravel.kg\/wp-content\/uploads\/2026\/01\/\u0418\u0437\u0430\u0442-\u0431\u0430\u0439\u043a\u0435.webp);\"><\/div>\n\t\t\t\t\t\t\t<\/div>\n\t\t\t\t\t\t\t<div class=\"bdt-panel-slide-desc bdt-position-bottom-left bdt-position-z-index\">\n\n\t\t\t\t\t\t\t\t\t\t\t\t\t\t\t\t\t<h3\t\t\t\t\t\t\t\t\t\tclass=\"bdt-panel-slide-title bdt-transition-slide-bottom\">\n\t\t\t\t\t\t\t\t\t\tIzat Berenaliev\t\t\t\t\t\t\t\t\t<\/h3>\n\t\t\t\t\t\t\t\t\n\t\t\t\t\t\t\t\t\t\t\t\t\t\t\t\t\t<div class=\"bdt-panel-slide-text bdt-transition-slide-bottom\">\n\t\t\t\t\t\t\t\t\t\t<p>Directeur g\u00e9n\u00e9ral<\/p>\t\t\t\t\t\t\t\t\t<\/div>\n\t\t\t\t\t\t\t\t\n\t\t\t\t\t\t\t\t\t\t\t\t\t\t\t\t\t\t\t\t\t\t\t\t\t\t\t<a class=\"bdt-panel-slide-link bdt-transition-slide-bottom\" href=\"#\">\n\t\t\t\t\t\t\t\t\t\t\t<span>\n\t\t\t\t\t\t\t\t\t\t\t\t\t\t\t\t\t\t\t\t\t\t\t<\/span>\n\t\t\t\t\t\t\t\t\t\t\t\t\t\t\t\t\t\t\t\t\t<\/a>\n\t\t\t\t\t\t\t\t\t\n\t\t\t\t\t\t\t\t\n\t\t\t\t\t\t\t<\/div>\n\n\t\t\t\t\t\t\t\t\t\t\t\t\t\t\t<div class=\"bdt-transition-fade bdt-position-cover bdt-overlay bdt-overlay-gradient\"><\/div>\n\t\t\t\t\t\t\t\t\t\t\t\t\t<\/div>\n\t\t\t\t\t\t\t\t\t\t\t\t<div class=\"bdt-panel-slide-item swiper-slide bdt-transition-toggle\">\n\n\t\t\t\t\t\t\t<div class=\"bdt-panel-slide-thumb-wrapper\">\n\t\t\t\t\t\t\t\t<div class=\"bdt-panel-slide-thumb bdt-background-cover\" data-depth=\"0.2\"\n\t\t\t\t\t\t\t\t\tstyle=\"background-image: url(https:\/\/tunduktravel.kg\/wp-content\/uploads\/2025\/05\/\u0410\u0437\u0435\u043c\u0430-1363x2048.jpg);\"><\/div>\n\t\t\t\t\t\t\t<\/div>\n\t\t\t\t\t\t\t<div class=\"bdt-panel-slide-desc bdt-position-bottom-left bdt-position-z-index\">\n\n\t\t\t\t\t\t\t\t\t\t\t\t\t\t\t\t\t<h3\t\t\t\t\t\t\t\t\t\tclass=\"bdt-panel-slide-title bdt-transition-slide-bottom\">\n\t\t\t\t\t\t\t\t\t\tAzema Berenalieva\t\t\t\t\t\t\t\t\t<\/h3>\n\t\t\t\t\t\t\t\t\n\t\t\t\t\t\t\t\t\t\t\t\t\t\t\t\t\t<div class=\"bdt-panel-slide-text bdt-transition-slide-bottom\">\n\t\t\t\t\t\t\t\t\t\t<p>Directeur des op\u00e9rations<\/p>\t\t\t\t\t\t\t\t\t<\/div>\n\t\t\t\t\t\t\t\t\n\t\t\t\t\t\t\t\t\t\t\t\t\t\t\t\t\t\t\t\t\t\t\t\t\t\t\t<a class=\"bdt-panel-slide-link bdt-transition-slide-bottom\" href=\"#\">\n\t\t\t\t\t\t\t\t\t\t\t<span>\n\t\t\t\t\t\t\t\t\t\t\t\t\t\t\t\t\t\t\t\t\t\t\t<\/span>\n\t\t\t\t\t\t\t\t\t\t\t\t\t\t\t\t\t\t\t\t\t<\/a>\n\t\t\t\t\t\t\t\t\t\n\t\t\t\t\t\t\t\t\n\t\t\t\t\t\t\t<\/div>\n\n\t\t\t\t\t\t\t\t\t\t\t\t\t\t\t<div class=\"bdt-transition-fade bdt-position-cover bdt-overlay bdt-overlay-gradient\"><\/div>\n\t\t\t\t\t\t\t\t\t\t\t\t\t<\/div>\n\t\t\t\t\t\t\t\t\t\t\t\t<div class=\"bdt-panel-slide-item swiper-slide bdt-transition-toggle\">\n\n\t\t\t\t\t\t\t<div class=\"bdt-panel-slide-thumb-wrapper\">\n\t\t\t\t\t\t\t\t<div class=\"bdt-panel-slide-thumb bdt-background-cover\" data-depth=\"0.2\"\n\t\t\t\t\t\t\t\t\tstyle=\"background-image: url(https:\/\/tunduktravel.kg\/wp-content\/uploads\/2025\/05\/JAN06954-scaled-e1747737078721-1245x2048.jpg);\"><\/div>\n\t\t\t\t\t\t\t<\/div>\n\t\t\t\t\t\t\t<div class=\"bdt-panel-slide-desc bdt-position-bottom-left bdt-position-z-index\">\n\n\t\t\t\t\t\t\t\t\t\t\t\t\t\t\t\t\t<h3\t\t\t\t\t\t\t\t\t\tclass=\"bdt-panel-slide-title bdt-transition-slide-bottom\">\n\t\t\t\t\t\t\t\t\t\tBaitur Abdykaarov\t\t\t\t\t\t\t\t\t<\/h3>\n\t\t\t\t\t\t\t\t\n\t\t\t\t\t\t\t\t\t\t\t\t\t\t\t\t\t<div class=\"bdt-panel-slide-text bdt-transition-slide-bottom\">\n\t\t\t\t\t\t\t\t\t\t<p>Directeur op\u00e9rationnel<\/p>\t\t\t\t\t\t\t\t\t<\/div>\n\t\t\t\t\t\t\t\t\n\t\t\t\t\t\t\t\t\t\t\t\t\t\t\t\t\t\t\t\t\t\t\t\t\t\t\t<a class=\"bdt-panel-slide-link bdt-transition-slide-bottom\" href=\"#\">\n\t\t\t\t\t\t\t\t\t\t\t<span>\n\t\t\t\t\t\t\t\t\t\t\t\t\t\t\t\t\t\t\t\t\t\t\t<\/span>\n\t\t\t\t\t\t\t\t\t\t\t\t\t\t\t\t\t\t\t\t\t<\/a>\n\t\t\t\t\t\t\t\t\t\n\t\t\t\t\t\t\t\t\n\t\t\t\t\t\t\t<\/div>\n\n\t\t\t\t\t\t\t\t\t\t\t\t\t\t\t<div class=\"bdt-transition-fade bdt-position-cover bdt-overlay bdt-overlay-gradient\"><\/div>\n\t\t\t\t\t\t\t\t\t\t\t\t\t<\/div>\n\t\t\t\t\t\t\t\t\t\t\t\t<div class=\"bdt-panel-slide-item swiper-slide bdt-transition-toggle\">\n\n\t\t\t\t\t\t\t<div class=\"bdt-panel-slide-thumb-wrapper\">\n\t\t\t\t\t\t\t\t<div class=\"bdt-panel-slide-thumb bdt-background-cover\" data-depth=\"0.2\"\n\t\t\t\t\t\t\t\t\tstyle=\"background-image: url(https:\/\/tunduktravel.kg\/wp-content\/uploads\/2025\/05\/\u043a\u0443\u0431\u0430-2048x1363.jpg);\"><\/div>\n\t\t\t\t\t\t\t<\/div>\n\t\t\t\t\t\t\t<div class=\"bdt-panel-slide-desc bdt-position-bottom-left bdt-position-z-index\">\n\n\t\t\t\t\t\t\t\t\t\t\t\t\t\t\t\t\t<h3\t\t\t\t\t\t\t\t\t\tclass=\"bdt-panel-slide-title bdt-transition-slide-bottom\">\n\t\t\t\t\t\t\t\t\t\tKuba idigeev\t\t\t\t\t\t\t\t\t<\/h3>\n\t\t\t\t\t\t\t\t\n\t\t\t\t\t\t\t\t\t\t\t\t\t\t\t\t\t<div class=\"bdt-panel-slide-text bdt-transition-slide-bottom\">\n\t\t\t\t\t\t\t\t\t\t<p>Responsable logistique<\/p>\t\t\t\t\t\t\t\t\t<\/div>\n\t\t\t\t\t\t\t\t\n\t\t\t\t\t\t\t\t\t\t\t\t\t\t\t\t\t\t\t\t\t\t\t\t\t\t\t<a class=\"bdt-panel-slide-link bdt-transition-slide-bottom\" href=\"#\">\n\t\t\t\t\t\t\t\t\t\t\t<span>\n\t\t\t\t\t\t\t\t\t\t\t\t\t\t\t\t\t\t\t\t\t\t\t<\/span>\n\t\t\t\t\t\t\t\t\t\t\t\t\t\t\t\t\t\t\t\t\t<\/a>\n\t\t\t\t\t\t\t\t\t\n\t\t\t\t\t\t\t\t\n\t\t\t\t\t\t\t<\/div>\n\n\t\t\t\t\t\t\t\t\t\t\t\t\t\t\t<div class=\"bdt-transition-fade bdt-position-cover bdt-overlay bdt-overlay-gradient\"><\/div>\n\t\t\t\t\t\t\t\t\t\t\t\t\t<\/div>\n\t\t\t\t\t\t\n\t\t\t\t\t\t\t<\/div>\n\t\t\t\t<\/div>\n\n\t\t\t\t\t\t\t<div class=\"bdt-position-z-index bdt-position-center\">\n\t\t\t<div class=\"bdt-arrows-dots-container bdt-slidenav-container\">\n\n\t\t\t\t<div class=\"bdt-flex bdt-flex-middle\">\n\t\t\t\t\t<div class=\"bdt-visible@m\">\n\t\t\t\t\t\t<div class=\"bdt-navigation-prev bdt-slidenav-previous bdt-icon bdt-slidenav\">\n\t\t\t\t\t\t\t<i class=\"ep-icon-arrow-left-2\" aria-hidden=\"true\"><\/i>\n\t\t\t\t\t\t<\/div>\n\t\t\t\t\t<\/div>\n\n\t\t\t\t\t\n\t\t\t\t\t<div class=\"bdt-visible@m\">\n\t\t\t\t\t\t<div class=\"bdt-navigation-next bdt-slidenav-next bdt-icon bdt-slidenav\">\n\t\t\t\t\t\t\t<i class=\"ep-icon-arrow-right-2\" aria-hidden=\"true\"><\/i>\n\t\t\t\t\t\t<\/div>\n\t\t\t\t\t<\/div>\n\n\t\t\t\t<\/div>\n\t\t\t<\/div>\n\t\t<\/div>\n\t\t\t\t\t\t\t\t<div class=\"bdt-position-z-index bdt-position-bottom\">\n\t\t\t\t\t<div class=\"bdt-dots-container\">\n\t\t\t\t\t\t<div class=\"swiper-pagination\"><\/div>\n\t\t\t\t\t<\/div>\n\t\t\t\t<\/div>\n\t\t\t\t\t\n\t\t<\/div>\n\n\t\t\t\t<\/div>\n\t\t\t\t<\/div>\n\t\t\t\t\t<\/div>\n\t\t\t\t<\/div>\n\t\t<div class=\"elementor-element elementor-element-21fa4932 e-flex e-con-boxed e-con e-parent\" data-id=\"21fa4932\" data-element_type=\"container\" data-e-type=\"container\" data-settings=\"{&quot;background_background&quot;:&quot;classic&quot;}\">\n\t\t\t\t\t<div class=\"e-con-inner\">\n\t\t\t\t<div class=\"elementor-element elementor-element-39d1457f elementor-widget elementor-widget-heading\" data-id=\"39d1457f\" data-element_type=\"widget\" data-e-type=\"widget\" data-widget_type=\"heading.default\">\n\t\t\t\t<div class=\"elementor-widget-container\">\n\t\t\t\t\t<h2 class=\"elementor-heading-title elementor-size-default\">Donnez vie \u00e0 votre aventure\n<\/h2>\t\t\t\t<\/div>\n\t\t\t\t<\/div>\n\t\t\t\t<div class=\"elementor-element elementor-element-5752bb3e elementor-align-justify elementor-widget elementor-widget-button\" data-id=\"5752bb3e\" data-element_type=\"widget\" data-e-type=\"widget\" data-widget_type=\"button.default\">\n\t\t\t\t<div class=\"elementor-widget-container\">\n\t\t\t\t\t\t\t\t\t<div class=\"elementor-button-wrapper\">\n\t\t\t\t\t<a class=\"elementor-button elementor-button-link elementor-size-sm\" href=\"https:\/\/tunduktravel.kg\/fr\/contact\/\">\n\t\t\t\t\t\t<span class=\"elementor-button-content-wrapper\">\n\t\t\t\t\t\t\t\t\t<span class=\"elementor-button-text\">Contactez-nous<\/span>\n\t\t\t\t\t<\/span>\n\t\t\t\t\t<\/a>\n\t\t\t\t<\/div>\n\t\t\t\t\t\t\t\t<\/div>\n\t\t\t\t<\/div>\n\t\t\t\t\t<\/div>\n\t\t\t\t<\/div>\n\t\t\t\t<\/div>","protected":false},"excerpt":{"rendered":"<p>About Us Who We Are and What Drives Us Our Story How Tunduk Travel Was BornBack in 2014, we opened [&hellip;]<\/p>\n","protected":false},"author":2,"featured_media":0,"parent":0,"menu_order":0,"comment_status":"closed","ping_status":"closed","template":"","meta":{"site-sidebar-layout":"no-sidebar","site-content-layout":"","ast-site-content-layout":"full-width-container","site-content-style":"default","site-sidebar-style":"default","ast-global-header-display":"","ast-banner-title-visibility":"","ast-main-header-display":"","ast-hfb-above-header-display":"","ast-hfb-below-header-display":"","ast-hfb-mobile-header-display":"","site-post-title":"disabled","ast-breadcrumbs-content":"","ast-featured-img":"disabled","footer-sml-layout":"","ast-disable-related-posts":"","theme-transparent-header-meta":"disabled","adv-header-id-meta":"","stick-header-meta":"","header-above-stick-meta":"","header-main-stick-meta":"","header-below-stick-meta":"","astra-migrate-meta-layouts":"default","ast-page-background-enabled":"default","ast-page-background-meta":{"desktop":{"background-color":"var(--ast-global-color-4)","background-image":"","background-repeat":"repeat","background-position":"center center","background-size":"auto","background-attachment":"scroll","background-type":"","background-media":"","overlay-type":"","overlay-color":"","overlay-opacity":"","overlay-gradient":""},"tablet":{"background-color":"","background-image":"","background-repeat":"repeat","background-position":"center center","background-size":"auto","background-attachment":"scroll","background-type":"","background-media":"","overlay-type":"","overlay-color":"","overlay-opacity":"","overlay-gradient":""},"mobile":{"background-color":"","background-image":"","background-repeat":"repeat","background-position":"center center","background-size":"auto","background-attachment":"scroll","background-type":"","background-media":"","overlay-type":"","overlay-color":"","overlay-opacity":"","overlay-gradient":""}},"ast-content-background-meta":{"desktop":{"background-color":"var(--ast-global-color-5)","background-image":"","background-repeat":"repeat","background-position":"center center","background-size":"auto","background-attachment":"scroll","background-type":"","background-media":"","overlay-type":"","overlay-color":"","overlay-opacity":"","overlay-gradient":""},"tablet":{"background-color":"var(--ast-global-color-5)","background-image":"","background-repeat":"repeat","background-position":"center center","background-size":"auto","background-attachment":"scroll","background-type":"","background-media":"","overlay-type":"","overlay-color":"","overlay-opacity":"","overlay-gradient":""},"mobile":{"background-color":"var(--ast-global-color-5)","background-image":"","background-repeat":"repeat","background-position":"center center","background-size":"auto","background-attachment":"scroll","background-type":"","background-media":"","overlay-type":"","overlay-color":"","overlay-opacity":"","overlay-gradient":""}},"footnotes":""},"class_list":["post-26","page","type-page","status-publish","hentry"],"_links":{"self":[{"href":"https:\/\/tunduktravel.kg\/fr\/wp-json\/wp\/v2\/pages\/26","targetHints":{"allow":["GET"]}}],"collection":[{"href":"https:\/\/tunduktravel.kg\/fr\/wp-json\/wp\/v2\/pages"}],"about":[{"href":"https:\/\/tunduktravel.kg\/fr\/wp-json\/wp\/v2\/types\/page"}],"author":[{"embeddable":true,"href":"https:\/\/tunduktravel.kg\/fr\/wp-json\/wp\/v2\/users\/2"}],"replies":[{"embeddable":true,"href":"https:\/\/tunduktravel.kg\/fr\/wp-json\/wp\/v2\/comments?post=26"}],"version-history":[{"count":272,"href":"https:\/\/tunduktravel.kg\/fr\/wp-json\/wp\/v2\/pages\/26\/revisions"}],"predecessor-version":[{"id":6662,"href":"https:\/\/tunduktravel.kg\/fr\/wp-json\/wp\/v2\/pages\/26\/revisions\/6662"}],"wp:attachment":[{"href":"https:\/\/tunduktravel.kg\/fr\/wp-json\/wp\/v2\/media?parent=26"}],"curies":[{"name":"wp","href":"https:\/\/api.w.org\/{rel}","templated":true}]}}