{"id":1379,"date":"2025-05-04T07:12:06","date_gmt":"2025-05-04T04:12:06","guid":{"rendered":"https:\/\/tunduktravel.kg\/?page_id=1379"},"modified":"2026-02-16T18:52:45","modified_gmt":"2026-02-16T15:52:45","slug":"essential-apps-for-your-phone","status":"publish","type":"page","link":"https:\/\/tunduktravel.kg\/fr\/essential-apps-for-your-phone\/","title":{"rendered":"Applications indispensables"},"content":{"rendered":"<div data-elementor-type=\"wp-page\" data-elementor-id=\"1379\" class=\"elementor elementor-1379\">\n\t\t\t\t<div class=\"elementor-element elementor-element-f497d41 e-flex e-con-boxed e-con e-parent\" data-id=\"f497d41\" data-element_type=\"container\" data-e-type=\"container\" data-settings=\"{&quot;background_background&quot;:&quot;classic&quot;}\">\n\t\t\t\t\t<div class=\"e-con-inner\">\n\t\t\t\t<div class=\"elementor-element elementor-element-f23cecd elementor-widget elementor-widget-heading\" data-id=\"f23cecd\" data-element_type=\"widget\" data-e-type=\"widget\" data-widget_type=\"heading.default\">\n\t\t\t\t<div class=\"elementor-widget-container\">\n\t\t\t\t\t<h1 class=\"elementor-heading-title elementor-size-default\">Applications indispensables<\/h1>\t\t\t\t<\/div>\n\t\t\t\t<\/div>\n\t\t\t\t\t<\/div>\n\t\t\t\t<\/div>\n\t\t<div class=\"elementor-element elementor-element-552fd3bd e-flex e-con-boxed e-con e-parent\" data-id=\"552fd3bd\" data-element_type=\"container\" data-e-type=\"container\">\n\t\t\t\t\t<div class=\"e-con-inner\">\n\t\t<div class=\"elementor-element elementor-element-dbd5643 e-con-full e-flex e-con e-child\" data-id=\"dbd5643\" data-element_type=\"container\" data-e-type=\"container\">\n\t\t\t\t<div class=\"elementor-element elementor-element-be8e4bb elementor-widget elementor-widget-heading\" data-id=\"be8e4bb\" data-element_type=\"widget\" data-e-type=\"widget\" data-widget_type=\"heading.default\">\n\t\t\t\t<div class=\"elementor-widget-container\">\n\t\t\t\t\t<span class=\"elementor-heading-title elementor-size-default\">Que vous partiez en randonn\u00e9e dans les montagnes ou que vous circuliez dans les rues de Bichkek, quelques applications mobiles essentielles peuvent rendre votre voyage au Kirghizistan plus simple et plus agr\u00e9able.\nVoici un guide des applications gratuites les plus utiles pour les voyageurs \u2014 cartes, transports, taxis et conseils locaux.\n\n<\/span>\t\t\t\t<\/div>\n\t\t\t\t<\/div>\n\t\t\t\t<div class=\"elementor-element elementor-element-2eeea09 elementor-widget elementor-widget-heading\" data-id=\"2eeea09\" data-element_type=\"widget\" data-e-type=\"widget\" data-widget_type=\"heading.default\">\n\t\t\t\t<div class=\"elementor-widget-container\">\n\t\t\t\t\t<h6 class=\"elementor-heading-title elementor-size-default\">2GIS (Navigation urbaine + transports)\n<\/h6>\t\t\t\t<\/div>\n\t\t\t\t<\/div>\n\t\t\t\t<div class=\"elementor-element elementor-element-a96ec67 elementor-widget elementor-widget-text-editor\" data-id=\"a96ec67\" data-element_type=\"widget\" data-e-type=\"widget\" data-widget_type=\"text-editor.default\">\n\t\t\t\t<div class=\"elementor-widget-container\">\n\t\t\t\t\t\t\t\t\t<p class=\"\" data-start=\"735\" data-end=\"811\">Une application locale tr\u00e8s populaire \u00e0 Bichkek et dans d\u2019autres villes.<\/p><p class=\"\" data-start=\"735\" data-end=\"811\"><strong data-start=\"791\" data-end=\"811\">Pourquoi elle est utile :<\/strong><\/p><ul data-start=\"812\" data-end=\"1037\"><li class=\"\" data-start=\"812\" data-end=\"871\"><p class=\"\" data-start=\"814\" data-end=\"871\">Cartes d\u00e9taill\u00e9es avec noms des b\u00e2timents et fiches de commerces<\/p><\/li><li class=\"\" data-start=\"872\" data-end=\"942\"><p class=\"translation-block\" data-start=\"874\" data-end=\"942\">Affiche les itin\u00e9raires de transports publics (bus et marshroutkas)<\/p><\/li><li class=\"\" data-start=\"943\" data-end=\"989\"><p class=\"\" data-start=\"945\" data-end=\"989\">Fonctionne hors ligne apr\u00e8s t\u00e9l\u00e9chargement de la carte de la ville<\/p><\/li><li class=\"\" data-start=\"990\" data-end=\"1037\"><p class=\"\" data-start=\"992\" data-end=\"1037\">Estime le temps de trajet entre deux points<\/p><\/li><\/ul><p class=\"\" data-start=\"1039\" data-end=\"1119\">\ud83d\udca1 <em data-start=\"1042\" data-end=\"1119\">L\u2019interface est partiellement en russe (alphabet latin), mais reste tr\u00e8s intuitive.<\/em><\/p>\t\t\t\t\t\t\t\t<\/div>\n\t\t\t\t<\/div>\n\t\t\t\t<div class=\"elementor-element elementor-element-f98da6f elementor-widget elementor-widget-heading\" data-id=\"f98da6f\" data-element_type=\"widget\" data-e-type=\"widget\" data-widget_type=\"heading.default\">\n\t\t\t\t<div class=\"elementor-widget-container\">\n\t\t\t\t\t<h6 class=\"elementor-heading-title elementor-size-default\">Maps.me (Cartes topographiques hors ligne)\n<\/h6>\t\t\t\t<\/div>\n\t\t\t\t<\/div>\n\t\t\t\t<div class=\"elementor-element elementor-element-2bf2aaf elementor-widget elementor-widget-text-editor\" data-id=\"2bf2aaf\" data-element_type=\"widget\" data-e-type=\"widget\" data-widget_type=\"text-editor.default\">\n\t\t\t\t<div class=\"elementor-widget-container\">\n\t\t\t\t\t\t\t\t\t<p class=\"translation-block\" data-start=\"1176\" data-end=\"1254\">Parfaite pour explorer les montagnes, les sentiers de randonn\u00e9e ou les zones sans connexion.<\/p><p class=\"\" data-start=\"1256\" data-end=\"1269\"><strong data-start=\"1256\" data-end=\"1269\">Fonctionnalit\u00e9s :<\/strong><\/p><ul data-start=\"1270\" data-end=\"1464\"><li class=\"\" data-start=\"1270\" data-end=\"1324\"><p class=\"translation-block\" data-start=\"1272\" data-end=\"1324\">Cartes hors ligne tr\u00e8s d\u00e9taill\u00e9es de tout le pays<\/p><\/li><li class=\"\" data-start=\"1325\" data-end=\"1384\"><p class=\"translation-block\" data-start=\"1327\" data-end=\"1384\">Itin\u00e9raires de randonn\u00e9e, campings, h\u00f4tels et attractions<\/p><\/li><li class=\"\" data-start=\"1385\" data-end=\"1430\"><p class=\"\" data-start=\"1387\" data-end=\"1430\">S\u2019installe dans la langue par d\u00e9faut de votre t\u00e9l\u00e9phone<\/p><\/li><li class=\"\" data-start=\"1431\" data-end=\"1464\"><p class=\"\" data-start=\"1433\" data-end=\"1464\">S\u2019installe dans la langue par d\u00e9faut de votre t\u00e9l\u00e9phone<\/p><\/li><\/ul>\t\t\t\t\t\t\t\t<\/div>\n\t\t\t\t<\/div>\n\t\t\t\t<div class=\"elementor-element elementor-element-ee1b9e7 elementor-widget elementor-widget-heading\" data-id=\"ee1b9e7\" data-element_type=\"widget\" data-e-type=\"widget\" data-widget_type=\"heading.default\">\n\t\t\t\t<div class=\"elementor-widget-container\">\n\t\t\t\t\t<h6 class=\"elementor-heading-title elementor-size-default\">S\u2019installe dans la langue par d\u00e9faut de votre t\u00e9l\u00e9phone\n<\/h6>\t\t\t\t<\/div>\n\t\t\t\t<\/div>\n\t\t\t\t<div class=\"elementor-element elementor-element-8256ac8 elementor-widget elementor-widget-text-editor\" data-id=\"8256ac8\" data-element_type=\"widget\" data-e-type=\"widget\" data-widget_type=\"text-editor.default\">\n\t\t\t\t<div class=\"elementor-widget-container\">\n\t\t\t\t\t\t\t\t\t<p class=\"\" data-start=\"1562\" data-end=\"1647\">L\u2019application de taxi la plus fiable et la plus utilis\u00e9e dans le pays.<\/p><p class=\"\" data-start=\"1562\" data-end=\"1647\"><br data-start=\"1624\" data-end=\"1627\" \/><strong data-start=\"1627\" data-end=\"1647\">Pourquoi l\u2019utiliser :<\/strong><\/p><ul data-start=\"1648\" data-end=\"1811\"><li class=\"\" data-start=\"1648\" data-end=\"1687\"><p class=\"\" data-start=\"1650\" data-end=\"1687\">Courses abordables et s\u00fbres en ville<\/p><\/li><li class=\"\" data-start=\"1688\" data-end=\"1733\"><p class=\"\" data-start=\"1690\" data-end=\"1733\">Choix du type de trajet (\u00c9conomie, Confort, etc.)<\/p><\/li><li class=\"\" data-start=\"1734\" data-end=\"1761\"><p class=\"translation-block\" data-start=\"1736\" data-end=\"1761\">Paiement en esp\u00e8ces ou par carte<\/p><\/li><li class=\"\" data-start=\"1762\" data-end=\"1811\"><p class=\"\" data-start=\"1764\" data-end=\"1811\">L\u2019application g\u00e8re toute la communication avec le chauffeur<\/p><\/li><\/ul><p class=\"\" data-start=\"1813\" data-end=\"1927\">\ud83d\udec2 <strong data-start=\"1816\" data-end=\"1867\">N\u00e9cessite une inscription avec un num\u00e9ro local<\/strong> \u2014 nous recommandons d\u2019acheter une carte SIM locale pour une meilleure exp\u00e9rience.<\/p>\t\t\t\t\t\t\t\t<\/div>\n\t\t\t\t<\/div>\n\t\t\t\t<div class=\"elementor-element elementor-element-2cd3ac8 elementor-widget elementor-widget-heading\" data-id=\"2cd3ac8\" data-element_type=\"widget\" data-e-type=\"widget\" data-widget_type=\"heading.default\">\n\t\t\t\t<div class=\"elementor-widget-container\">\n\t\t\t\t\t<h6 class=\"elementor-heading-title elementor-size-default\">Yango \u2013 Alternative avec SIM \u00e9trang\u00e8re\n<\/h6>\t\t\t\t<\/div>\n\t\t\t\t<\/div>\n\t\t\t\t<div class=\"elementor-element elementor-element-61d7a19 elementor-widget elementor-widget-text-editor\" data-id=\"61d7a19\" data-element_type=\"widget\" data-e-type=\"widget\" data-widget_type=\"text-editor.default\">\n\t\t\t\t<div class=\"elementor-widget-container\">\n\t\t\t\t\t\t\t\t\t<p class=\"translation-block\" data-start=\"2003\" data-end=\"2108\">Yango est la version internationale de Yandex Go et peut \u00eatre utilis\u00e9e avec un num\u00e9ro \u00e9tranger.<\/p><p class=\"\" data-start=\"2110\" data-end=\"2125\"><strong data-start=\"2110\" data-end=\"2125\">Utile pour :<\/strong><\/p><ul data-start=\"2126\" data-end=\"2208\"><li class=\"\" data-start=\"2126\" data-end=\"2174\"><p class=\"translation-block\" data-start=\"2128\" data-end=\"2174\">Les voyageurs qui ne souhaitent pas acheter de SIM locale<\/p><\/li><li class=\"\" data-start=\"2175\" data-end=\"2208\"><p class=\"\" data-start=\"2177\" data-end=\"2208\">R\u00e9server des trajets via l\u2019application<\/p><\/li><\/ul><p class=\"\" data-start=\"2210\" data-end=\"2479\">\u26a0\ufe0f <strong data-start=\"2213\" data-end=\"2227\">Important :<\/strong> la majorit\u00e9 des chauffeurs utilisent <strong data-start=\"2245\" data-end=\"2258\">Yandex Go<\/strong> et <strong data-start=\"2263\" data-end=\"2292\">ne pourront pas vous appeler<\/strong> si votre num\u00e9ro est international. Cela peut compliquer la communication en cas de point de prise en charge impr\u00e9cis.<br data-start=\"2397\" data-end=\"2400\" \/>\u2705 <em data-start=\"2402\" data-end=\"2479\">Vous pouvez tout de m\u00eame utiliser Yango \u2014 privil\u00e9giez les messages via l\u2019application.<\/em><\/p>\t\t\t\t\t\t\t\t<\/div>\n\t\t\t\t<\/div>\n\t\t\t\t<div class=\"elementor-element elementor-element-81882f0 elementor-widget elementor-widget-heading\" data-id=\"81882f0\" data-element_type=\"widget\" data-e-type=\"widget\" data-widget_type=\"heading.default\">\n\t\t\t\t<div class=\"elementor-widget-container\">\n\t\t\t\t\t<span class=\"elementor-heading-title elementor-size-default\">En utilisant ces applications, vous vous sentirez plus \u00e0 l\u2019aise pour explorer le Kirghizistan \u2014 aussi bien en ville qu\u2019en pleine nature. La plupart sont gratuites, fonctionnent hors ligne et vous aident \u00e0 voyager plus intelligemment.\n\n<\/span>\t\t\t\t<\/div>\n\t\t\t\t<\/div>\n\t\t\t\t<\/div>\n\t\t\t\t\t<\/div>\n\t\t\t\t<\/div>\n\t\t<div class=\"elementor-element elementor-element-4251ef83 e-flex e-con-boxed e-con e-parent\" data-id=\"4251ef83\" data-element_type=\"container\" data-e-type=\"container\">\n\t\t\t\t\t<div class=\"e-con-inner\">\n\t\t<div class=\"elementor-element elementor-element-1fe4306b e-con-full e-flex e-con e-child\" data-id=\"1fe4306b\" data-element_type=\"container\" data-e-type=\"container\">\n\t\t<div class=\"elementor-element elementor-element-136eaf2f e-con-full e-flex e-con e-child\" data-id=\"136eaf2f\" data-element_type=\"container\" data-e-type=\"container\">\n\t\t\t\t<div class=\"elementor-element elementor-element-72db9612 elementor-widget elementor-widget-image\" data-id=\"72db9612\" data-element_type=\"widget\" data-e-type=\"widget\" data-widget_type=\"image.default\">\n\t\t\t\t<div class=\"elementor-widget-container\">\n\t\t\t\t\t\t\t\t\t\t\t\t\t\t\t<img fetchpriority=\"high\" decoding=\"async\" width=\"2000\" height=\"2000\" src=\"https:\/\/tunduktravel.kg\/wp-content\/uploads\/2026\/01\/2gis.webp\" class=\"attachment-full size-full wp-image-4496\" alt=\"\" srcset=\"https:\/\/tunduktravel.kg\/wp-content\/uploads\/2026\/01\/2gis.webp 2000w, https:\/\/tunduktravel.kg\/wp-content\/uploads\/2026\/01\/2gis-300x300.webp 300w, https:\/\/tunduktravel.kg\/wp-content\/uploads\/2026\/01\/2gis-1024x1024.webp 1024w, https:\/\/tunduktravel.kg\/wp-content\/uploads\/2026\/01\/2gis-150x150.webp 150w, https:\/\/tunduktravel.kg\/wp-content\/uploads\/2026\/01\/2gis-768x768.webp 768w, https:\/\/tunduktravel.kg\/wp-content\/uploads\/2026\/01\/2gis-1536x1536.webp 1536w\" sizes=\"(max-width: 2000px) 100vw, 2000px\" \/>\t\t\t\t\t\t\t\t\t\t\t\t\t\t\t<\/div>\n\t\t\t\t<\/div>\n\t\t\t\t<div class=\"elementor-element elementor-element-174dd8d2 elementor-widget elementor-widget-heading\" data-id=\"174dd8d2\" data-element_type=\"widget\" data-e-type=\"widget\" data-widget_type=\"heading.default\">\n\t\t\t\t<div class=\"elementor-widget-container\">\n\t\t\t\t\t<h5 class=\"elementor-heading-title elementor-size-default\">2GIS <\/h5>\t\t\t\t<\/div>\n\t\t\t\t<\/div>\n\t\t\t\t<\/div>\n\t\t<div class=\"elementor-element elementor-element-36acf9ed e-con-full e-flex e-con e-child\" data-id=\"36acf9ed\" data-element_type=\"container\" data-e-type=\"container\">\n\t\t\t\t<div class=\"elementor-element elementor-element-311f399 elementor-widget elementor-widget-image\" data-id=\"311f399\" data-element_type=\"widget\" data-e-type=\"widget\" data-widget_type=\"image.default\">\n\t\t\t\t<div class=\"elementor-widget-container\">\n\t\t\t\t\t\t\t\t\t\t\t\t\t\t\t<img decoding=\"async\" width=\"2000\" height=\"2000\" src=\"https:\/\/tunduktravel.kg\/wp-content\/uploads\/2026\/01\/maps.me_.webp\" class=\"attachment-full size-full wp-image-4498\" alt=\"\" srcset=\"https:\/\/tunduktravel.kg\/wp-content\/uploads\/2026\/01\/maps.me_.webp 2000w, https:\/\/tunduktravel.kg\/wp-content\/uploads\/2026\/01\/maps.me_-300x300.webp 300w, https:\/\/tunduktravel.kg\/wp-content\/uploads\/2026\/01\/maps.me_-1024x1024.webp 1024w, https:\/\/tunduktravel.kg\/wp-content\/uploads\/2026\/01\/maps.me_-150x150.webp 150w, https:\/\/tunduktravel.kg\/wp-content\/uploads\/2026\/01\/maps.me_-768x768.webp 768w, https:\/\/tunduktravel.kg\/wp-content\/uploads\/2026\/01\/maps.me_-1536x1536.webp 1536w\" sizes=\"(max-width: 2000px) 100vw, 2000px\" \/>\t\t\t\t\t\t\t\t\t\t\t\t\t\t\t<\/div>\n\t\t\t\t<\/div>\n\t\t\t\t<div class=\"elementor-element elementor-element-435a36cf elementor-widget elementor-widget-heading\" data-id=\"435a36cf\" data-element_type=\"widget\" data-e-type=\"widget\" data-widget_type=\"heading.default\">\n\t\t\t\t<div class=\"elementor-widget-container\">\n\t\t\t\t\t<h5 class=\"elementor-heading-title elementor-size-default\">Maps.me<\/h5>\t\t\t\t<\/div>\n\t\t\t\t<\/div>\n\t\t\t\t<\/div>\n\t\t<div class=\"elementor-element elementor-element-1512fef e-con-full e-flex e-con e-child\" data-id=\"1512fef\" data-element_type=\"container\" data-e-type=\"container\">\n\t\t\t\t<div class=\"elementor-element elementor-element-2eda4e3f elementor-widget elementor-widget-image\" data-id=\"2eda4e3f\" data-element_type=\"widget\" data-e-type=\"widget\" data-widget_type=\"image.default\">\n\t\t\t\t<div class=\"elementor-widget-container\">\n\t\t\t\t\t\t\t\t\t\t\t\t\t\t\t<img decoding=\"async\" width=\"2000\" height=\"2000\" src=\"https:\/\/tunduktravel.kg\/wp-content\/uploads\/2026\/01\/yangex-go.webp\" class=\"attachment-full size-full wp-image-4499\" alt=\"\" srcset=\"https:\/\/tunduktravel.kg\/wp-content\/uploads\/2026\/01\/yangex-go.webp 2000w, https:\/\/tunduktravel.kg\/wp-content\/uploads\/2026\/01\/yangex-go-300x300.webp 300w, https:\/\/tunduktravel.kg\/wp-content\/uploads\/2026\/01\/yangex-go-1024x1024.webp 1024w, https:\/\/tunduktravel.kg\/wp-content\/uploads\/2026\/01\/yangex-go-150x150.webp 150w, https:\/\/tunduktravel.kg\/wp-content\/uploads\/2026\/01\/yangex-go-768x768.webp 768w, https:\/\/tunduktravel.kg\/wp-content\/uploads\/2026\/01\/yangex-go-1536x1536.webp 1536w\" sizes=\"(max-width: 2000px) 100vw, 2000px\" \/>\t\t\t\t\t\t\t\t\t\t\t\t\t\t\t<\/div>\n\t\t\t\t<\/div>\n\t\t\t\t<div class=\"elementor-element elementor-element-2cef97e5 elementor-widget elementor-widget-heading\" data-id=\"2cef97e5\" data-element_type=\"widget\" data-e-type=\"widget\" data-widget_type=\"heading.default\">\n\t\t\t\t<div class=\"elementor-widget-container\">\n\t\t\t\t\t<h5 class=\"elementor-heading-title elementor-size-default\">Yandex Go <\/h5>\t\t\t\t<\/div>\n\t\t\t\t<\/div>\n\t\t\t\t<\/div>\n\t\t<div class=\"elementor-element elementor-element-de612a9 e-con-full e-flex e-con e-child\" data-id=\"de612a9\" data-element_type=\"container\" data-e-type=\"container\">\n\t\t\t\t<div class=\"elementor-element elementor-element-50c5f6dd elementor-widget elementor-widget-image\" data-id=\"50c5f6dd\" data-element_type=\"widget\" data-e-type=\"widget\" data-widget_type=\"image.default\">\n\t\t\t\t<div class=\"elementor-widget-container\">\n\t\t\t\t\t\t\t\t\t\t\t\t\t\t\t<img loading=\"lazy\" decoding=\"async\" width=\"2000\" height=\"2000\" src=\"https:\/\/tunduktravel.kg\/wp-content\/uploads\/2026\/01\/yango.webp\" class=\"attachment-full size-full wp-image-4500\" alt=\"\" srcset=\"https:\/\/tunduktravel.kg\/wp-content\/uploads\/2026\/01\/yango.webp 2000w, https:\/\/tunduktravel.kg\/wp-content\/uploads\/2026\/01\/yango-300x300.webp 300w, https:\/\/tunduktravel.kg\/wp-content\/uploads\/2026\/01\/yango-1024x1024.webp 1024w, https:\/\/tunduktravel.kg\/wp-content\/uploads\/2026\/01\/yango-150x150.webp 150w, https:\/\/tunduktravel.kg\/wp-content\/uploads\/2026\/01\/yango-768x768.webp 768w, https:\/\/tunduktravel.kg\/wp-content\/uploads\/2026\/01\/yango-1536x1536.webp 1536w\" sizes=\"(max-width: 2000px) 100vw, 2000px\" \/>\t\t\t\t\t\t\t\t\t\t\t\t\t\t\t<\/div>\n\t\t\t\t<\/div>\n\t\t\t\t<div class=\"elementor-element elementor-element-354e443a elementor-widget elementor-widget-heading\" data-id=\"354e443a\" data-element_type=\"widget\" data-e-type=\"widget\" data-widget_type=\"heading.default\">\n\t\t\t\t<div class=\"elementor-widget-container\">\n\t\t\t\t\t<h5 class=\"elementor-heading-title elementor-size-default\">Yango <\/h5>\t\t\t\t<\/div>\n\t\t\t\t<\/div>\n\t\t\t\t<\/div>\n\t\t\t\t<\/div>\n\t\t\t\t\t<\/div>\n\t\t\t\t<\/div>\n\t\t<div class=\"elementor-element elementor-element-74390354 e-flex e-con-boxed e-con e-parent\" data-id=\"74390354\" data-element_type=\"container\" data-e-type=\"container\" data-settings=\"{&quot;background_background&quot;:&quot;classic&quot;}\">\n\t\t\t\t\t<div class=\"e-con-inner\">\n\t\t\t\t<div class=\"elementor-element elementor-element-6ad00986 elementor-widget elementor-widget-heading\" data-id=\"6ad00986\" data-element_type=\"widget\" data-e-type=\"widget\" data-widget_type=\"heading.default\">\n\t\t\t\t<div class=\"elementor-widget-container\">\n\t\t\t\t\t<h2 class=\"elementor-heading-title elementor-size-default\">Donnez vie \u00e0 votre aventure\n<\/h2>\t\t\t\t<\/div>\n\t\t\t\t<\/div>\n\t\t\t\t<div class=\"elementor-element elementor-element-53318e42 elementor-align-justify elementor-widget elementor-widget-button\" data-id=\"53318e42\" data-element_type=\"widget\" data-e-type=\"widget\" data-widget_type=\"button.default\">\n\t\t\t\t<div class=\"elementor-widget-container\">\n\t\t\t\t\t\t\t\t\t<div class=\"elementor-button-wrapper\">\n\t\t\t\t\t<a class=\"elementor-button elementor-button-link elementor-size-sm\" href=\"https:\/\/tunduktravel.kg\/fr\/contact\/\">\n\t\t\t\t\t\t<span class=\"elementor-button-content-wrapper\">\n\t\t\t\t\t\t\t\t\t<span class=\"elementor-button-text\">Contactez-nous<\/span>\n\t\t\t\t\t<\/span>\n\t\t\t\t\t<\/a>\n\t\t\t\t<\/div>\n\t\t\t\t\t\t\t\t<\/div>\n\t\t\t\t<\/div>\n\t\t\t\t\t<\/div>\n\t\t\t\t<\/div>\n\t\t\t\t<\/div>","protected":false},"excerpt":{"rendered":"<p>Essential Apps for Your Phone Whether you&#8217;re hiking in the mountains or navigating the streets of Bishkek, a few essential [&hellip;]<\/p>\n","protected":false},"author":2,"featured_media":0,"parent":0,"menu_order":0,"comment_status":"closed","ping_status":"closed","template":"","meta":{"site-sidebar-layout":"no-sidebar","site-content-layout":"","ast-site-content-layout":"full-width-container","site-content-style":"default","site-sidebar-style":"default","ast-global-header-display":"","ast-banner-title-visibility":"","ast-main-header-display":"","ast-hfb-above-header-display":"","ast-hfb-below-header-display":"","ast-hfb-mobile-header-display":"","site-post-title":"disabled","ast-breadcrumbs-content":"","ast-featured-img":"disabled","footer-sml-layout":"","ast-disable-related-posts":"","theme-transparent-header-meta":"","adv-header-id-meta":"","stick-header-meta":"","header-above-stick-meta":"","header-main-stick-meta":"","header-below-stick-meta":"","astra-migrate-meta-layouts":"default","ast-page-background-enabled":"default","ast-page-background-meta":{"desktop":{"background-color":"var(--ast-global-color-4)","background-image":"","background-repeat":"repeat","background-position":"center center","background-size":"auto","background-attachment":"scroll","background-type":"","background-media":"","overlay-type":"","overlay-color":"","overlay-opacity":"","overlay-gradient":""},"tablet":{"background-color":"","background-image":"","background-repeat":"repeat","background-position":"center center","background-size":"auto","background-attachment":"scroll","background-type":"","background-media":"","overlay-type":"","overlay-color":"","overlay-opacity":"","overlay-gradient":""},"mobile":{"background-color":"","background-image":"","background-repeat":"repeat","background-position":"center center","background-size":"auto","background-attachment":"scroll","background-type":"","background-media":"","overlay-type":"","overlay-color":"","overlay-opacity":"","overlay-gradient":""}},"ast-content-background-meta":{"desktop":{"background-color":"var(--ast-global-color-5)","background-image":"","background-repeat":"repeat","background-position":"center center","background-size":"auto","background-attachment":"scroll","background-type":"","background-media":"","overlay-type":"","overlay-color":"","overlay-opacity":"","overlay-gradient":""},"tablet":{"background-color":"var(--ast-global-color-5)","background-image":"","background-repeat":"repeat","background-position":"center center","background-size":"auto","background-attachment":"scroll","background-type":"","background-media":"","overlay-type":"","overlay-color":"","overlay-opacity":"","overlay-gradient":""},"mobile":{"background-color":"var(--ast-global-color-5)","background-image":"","background-repeat":"repeat","background-position":"center center","background-size":"auto","background-attachment":"scroll","background-type":"","background-media":"","overlay-type":"","overlay-color":"","overlay-opacity":"","overlay-gradient":""}},"footnotes":""},"class_list":["post-1379","page","type-page","status-publish","hentry"],"_links":{"self":[{"href":"https:\/\/tunduktravel.kg\/fr\/wp-json\/wp\/v2\/pages\/1379","targetHints":{"allow":["GET"]}}],"collection":[{"href":"https:\/\/tunduktravel.kg\/fr\/wp-json\/wp\/v2\/pages"}],"about":[{"href":"https:\/\/tunduktravel.kg\/fr\/wp-json\/wp\/v2\/types\/page"}],"author":[{"embeddable":true,"href":"https:\/\/tunduktravel.kg\/fr\/wp-json\/wp\/v2\/users\/2"}],"replies":[{"embeddable":true,"href":"https:\/\/tunduktravel.kg\/fr\/wp-json\/wp\/v2\/comments?post=1379"}],"version-history":[{"count":25,"href":"https:\/\/tunduktravel.kg\/fr\/wp-json\/wp\/v2\/pages\/1379\/revisions"}],"predecessor-version":[{"id":6659,"href":"https:\/\/tunduktravel.kg\/fr\/wp-json\/wp\/v2\/pages\/1379\/revisions\/6659"}],"wp:attachment":[{"href":"https:\/\/tunduktravel.kg\/fr\/wp-json\/wp\/v2\/media?parent=1379"}],"curies":[{"name":"wp","href":"https:\/\/api.w.org\/{rel}","templated":true}]}}