{"id":1370,"date":"2025-05-04T07:00:59","date_gmt":"2025-05-04T04:00:59","guid":{"rendered":"https:\/\/tunduktravel.kg\/?page_id=1370"},"modified":"2026-02-16T18:40:47","modified_gmt":"2026-02-16T15:40:47","slug":"mobile-and-internet-connectivity-in-kyrgyzstan","status":"publish","type":"page","link":"https:\/\/tunduktravel.kg\/fr\/mobile-and-internet-connectivity-in-kyrgyzstan\/","title":{"rendered":"T\u00e9l\u00e9phonie mobile et Internet au Kirghizistan"},"content":{"rendered":"<div data-elementor-type=\"wp-page\" data-elementor-id=\"1370\" class=\"elementor elementor-1370\">\n\t\t\t\t<div class=\"elementor-element elementor-element-700495e0 e-flex e-con-boxed e-con e-parent\" data-id=\"700495e0\" data-element_type=\"container\" data-e-type=\"container\" data-settings=\"{&quot;background_background&quot;:&quot;classic&quot;}\">\n\t\t\t\t\t<div class=\"e-con-inner\">\n\t\t\t\t<div class=\"elementor-element elementor-element-4718ba10 elementor-widget elementor-widget-heading\" data-id=\"4718ba10\" data-element_type=\"widget\" data-e-type=\"widget\" data-widget_type=\"heading.default\">\n\t\t\t\t<div class=\"elementor-widget-container\">\n\t\t\t\t\t<h1 class=\"elementor-heading-title elementor-size-default\">T\u00e9l\u00e9phonie mobile et Internet au Kirghizistan<\/h1>\t\t\t\t<\/div>\n\t\t\t\t<\/div>\n\t\t\t\t\t<\/div>\n\t\t\t\t<\/div>\n\t\t<div class=\"elementor-element elementor-element-646976d7 e-flex e-con-boxed e-con e-parent\" data-id=\"646976d7\" data-element_type=\"container\" data-e-type=\"container\">\n\t\t\t\t\t<div class=\"e-con-inner\">\n\t\t<div class=\"elementor-element elementor-element-eeb6661 e-con-full e-flex e-con e-child\" data-id=\"eeb6661\" data-element_type=\"container\" data-e-type=\"container\">\n\t\t\t\t<div class=\"elementor-element elementor-element-45939f8 elementor-widget elementor-widget-heading\" data-id=\"45939f8\" data-element_type=\"widget\" data-e-type=\"widget\" data-widget_type=\"heading.default\">\n\t\t\t\t<div class=\"elementor-widget-container\">\n\t\t\t\t\t<h5 class=\"elementor-heading-title elementor-size-default\">T\u00e9l\u00e9phone et connexion Internet au Kirghizistan\n<\/h5>\t\t\t\t<\/div>\n\t\t\t\t<\/div>\n\t\t\t\t<div class=\"elementor-element elementor-element-71dbad0 elementor-widget elementor-widget-text-editor\" data-id=\"71dbad0\" data-element_type=\"widget\" data-e-type=\"widget\" data-widget_type=\"text-editor.default\">\n\t\t\t\t<div class=\"elementor-widget-container\">\n\t\t\t\t\t\t\t\t\t<p class=\"\" data-start=\"224\" data-end=\"324\">Rester connect\u00e9 au Kirghizistan est simple et abordable. Le pays compte trois principaux op\u00e9rateurs mobiles :<\/p><ul data-start=\"326\" data-end=\"374\"><li class=\"\" data-start=\"326\" data-end=\"341\"><p class=\"\" data-start=\"328\" data-end=\"341\"><strong data-start=\"328\" data-end=\"339\">MegaCom<\/strong><\/p><\/li><li class=\"\" data-start=\"342\" data-end=\"357\"><p class=\"\" data-start=\"344\" data-end=\"357\"><strong data-start=\"344\" data-end=\"355\">Beeline<\/strong><\/p><\/li><li class=\"\" data-start=\"358\" data-end=\"374\"><p class=\"\" data-start=\"360\" data-end=\"374\"><strong data-start=\"360\" data-end=\"374\">O! (aussi appel\u00e9 Oshka)<\/strong><\/p><\/li><\/ul><p class=\"\" data-start=\"376\" data-end=\"579\">Chaque op\u00e9rateur propose des offres pr\u00e9pay\u00e9es incluant Internet mobile, appels locaux et parfois des minutes internationales. Vous pouvez choisir un forfait selon la dur\u00e9e de votre s\u00e9jour \u2014 quelques jours, une semaine ou un mois.<\/p>\t\t\t\t\t\t\t\t<\/div>\n\t\t\t\t<\/div>\n\t\t\t\t<div class=\"elementor-element elementor-element-56f9452 elementor-widget elementor-widget-heading\" data-id=\"56f9452\" data-element_type=\"widget\" data-e-type=\"widget\" data-widget_type=\"heading.default\">\n\t\t\t\t<div class=\"elementor-widget-container\">\n\t\t\t\t\t<h6 class=\"elementor-heading-title elementor-size-default\">Quel op\u00e9rateur choisir ?\n<\/h6>\t\t\t\t<\/div>\n\t\t\t\t<\/div>\n\t\t\t\t<div class=\"elementor-element elementor-element-bd17fb3 elementor-widget elementor-widget-text-editor\" data-id=\"bd17fb3\" data-element_type=\"widget\" data-e-type=\"widget\" data-widget_type=\"text-editor.default\">\n\t\t\t\t<div class=\"elementor-widget-container\">\n\t\t\t\t\t\t\t\t\t<ul data-start=\"625\" data-end=\"1150\"><li class=\"\" data-start=\"625\" data-end=\"811\"><p class=\"\" data-start=\"627\" data-end=\"811\"><strong data-start=\"627\" data-end=\"633\">O!<\/strong><br data-start=\"633\" data-end=\"636\" \/>R\u00e9put\u00e9 pour \u00eatre le moins cher et offrir la couverture la plus \u00e9tendue, y compris dans les r\u00e9gions montagneuses et isol\u00e9es. Id\u00e9al si vous pr\u00e9voyez d\u2019explorer des zones rurales ou alpines.<\/p><\/li><li class=\"\" data-start=\"813\" data-end=\"990\"><p class=\"\" data-start=\"815\" data-end=\"990\"><strong data-start=\"815\" data-end=\"826\">MegaCom<\/strong><br data-start=\"826\" data-end=\"829\" \/>Dispose \u00e9galement d\u2019une tr\u00e8s bonne couverture nationale, surtout dans les villes et les r\u00e9gions touristiques populaires. Un choix fiable si vous restez principalement dans les zones urbaines ou les grandes villes.<\/p><\/li><li class=\"\" data-start=\"992\" data-end=\"1150\"><p class=\"\" data-start=\"994\" data-end=\"1150\"><strong data-start=\"994\" data-end=\"1005\">Beeline<\/strong><br data-start=\"1005\" data-end=\"1008\" \/>Bonne couverture en ville et forfaits data attractifs, mais une couverture un peu plus limit\u00e9e \u00e0 la campagne par rapport aux deux autres.<\/p><\/li><\/ul>\t\t\t\t\t\t\t\t<\/div>\n\t\t\t\t<\/div>\n\t\t\t\t<div class=\"elementor-element elementor-element-c3f7785 elementor-widget elementor-widget-heading\" data-id=\"c3f7785\" data-element_type=\"widget\" data-e-type=\"widget\" data-widget_type=\"heading.default\">\n\t\t\t\t<div class=\"elementor-widget-container\">\n\t\t\t\t\t<h6 class=\"elementor-heading-title elementor-size-default\">O\u00f9 acheter une carte SIM ?\n<\/h6>\t\t\t\t<\/div>\n\t\t\t\t<\/div>\n\t\t\t\t<div class=\"elementor-element elementor-element-f41ce91 elementor-widget elementor-widget-text-editor\" data-id=\"f41ce91\" data-element_type=\"widget\" data-e-type=\"widget\" data-widget_type=\"text-editor.default\">\n\t\t\t\t<div class=\"elementor-widget-container\">\n\t\t\t\t\t\t\t\t\t<ul data-start=\"1194\" data-end=\"1438\"><li class=\"\" data-start=\"1194\" data-end=\"1305\"><p class=\"\" data-start=\"1196\" data-end=\"1305\">\u00c0 l\u2019a\u00e9roport, dans les boutiques d\u2019op\u00e9rateurs mobiles, dans les centres commerciaux, dans certains kiosques locaux<\/p><\/li><li class=\"\" data-start=\"1306\" data-end=\"1381\"><p class=\"\" data-start=\"1308\" data-end=\"1381\">Les cartes SIM sont gratuites \u2014 vous payez uniquement le forfait choisi.<\/p><\/li><li class=\"\" data-start=\"1382\" data-end=\"1438\"><p class=\"\" data-start=\"1384\" data-end=\"1438\">Un passeport ou une pi\u00e8ce d\u2019identit\u00e9 peut \u00eatre requis pour l\u2019enregistrement.<\/p><\/li><\/ul>\t\t\t\t\t\t\t\t<\/div>\n\t\t\t\t<\/div>\n\t\t\t\t<div class=\"elementor-element elementor-element-106e924 elementor-widget elementor-widget-heading\" data-id=\"106e924\" data-element_type=\"widget\" data-e-type=\"widget\" data-widget_type=\"heading.default\">\n\t\t\t\t<div class=\"elementor-widget-container\">\n\t\t\t\t\t<h6 class=\"elementor-heading-title elementor-size-default\">Internet mobile\n<\/h6>\t\t\t\t<\/div>\n\t\t\t\t<\/div>\n\t\t\t\t<div class=\"elementor-element elementor-element-77450f2 elementor-widget elementor-widget-text-editor\" data-id=\"77450f2\" data-element_type=\"widget\" data-e-type=\"widget\" data-widget_type=\"text-editor.default\">\n\t\t\t\t<div class=\"elementor-widget-container\">\n\t\t\t\t\t\t\t\t\t<p>La 4G et la LTE sont disponibles dans la plupart des villes et des localit\u00e9s. Dans les zones recul\u00e9es, la connexion peut passer en 3G ou EDGE. Tous les op\u00e9rateurs proposent des forfaits data \u00e0 prix abordables, parfaitement adapt\u00e9s \u00e0 l\u2019utilisation de Google Maps, WhatsApp ou des r\u00e9seaux sociaux pendant votre voyage.<\/p>\t\t\t\t\t\t\t\t<\/div>\n\t\t\t\t<\/div>\n\t\t\t\t<div class=\"elementor-element elementor-element-17872ec elementor-widget elementor-widget-heading\" data-id=\"17872ec\" data-element_type=\"widget\" data-e-type=\"widget\" data-widget_type=\"heading.default\">\n\t\t\t\t<div class=\"elementor-widget-container\">\n\t\t\t\t\t<span class=\"elementor-heading-title elementor-size-default\">Gr\u00e2ce \u00e0 une bonne couverture et \u00e0 des tarifs accessibles, rester connect\u00e9 au Kirghizistan est pratique \u2014 que vous soyez en ville ou en randonn\u00e9e en montagne.\n\n<\/span>\t\t\t\t<\/div>\n\t\t\t\t<\/div>\n\t\t\t\t<div class=\"elementor-element elementor-element-3ff31c9 elementor-widget elementor-widget-heading\" data-id=\"3ff31c9\" data-element_type=\"widget\" data-e-type=\"widget\" data-widget_type=\"heading.default\">\n\t\t\t\t<div class=\"elementor-widget-container\">\n\t\t\t\t\t<span class=\"elementor-heading-title elementor-size-default\">Nouvelle r\u00e9glementation (important) :\n\nLes t\u00e9l\u00e9phones mobiles apport\u00e9s de l\u2019\u00e9tranger ne n\u00e9cessitent pas d\u2019enregistrement pendant les 30 premiers jours.\nSi votre s\u00e9jour d\u00e9passe 30 jours, vous devrez suivre la proc\u00e9dure d\u2019enregistrement du smartphone conform\u00e9ment \u00e0 la r\u00e9glementation locale.<\/span>\t\t\t\t<\/div>\n\t\t\t\t<\/div>\n\t\t\t\t<\/div>\n\t\t\t\t\t<\/div>\n\t\t\t\t<\/div>\n\t\t<div class=\"elementor-element elementor-element-1d91168a e-flex e-con-boxed e-con e-parent\" data-id=\"1d91168a\" data-element_type=\"container\" data-e-type=\"container\">\n\t\t\t\t\t<div class=\"e-con-inner\">\n\t\t<div class=\"elementor-element elementor-element-43dfdf57 e-con-full e-flex e-con e-child\" data-id=\"43dfdf57\" data-element_type=\"container\" data-e-type=\"container\">\n\t\t<div class=\"elementor-element elementor-element-51c81a1 e-con-full e-flex e-con e-child\" data-id=\"51c81a1\" data-element_type=\"container\" data-e-type=\"container\">\n\t\t\t\t<div class=\"elementor-element elementor-element-13c1689 elementor-widget elementor-widget-image\" data-id=\"13c1689\" data-element_type=\"widget\" data-e-type=\"widget\" data-widget_type=\"image.default\">\n\t\t\t\t<div class=\"elementor-widget-container\">\n\t\t\t\t\t\t\t\t\t\t\t\t\t\t\t<img fetchpriority=\"high\" decoding=\"async\" width=\"1920\" height=\"1920\" src=\"https:\/\/tunduktravel.kg\/wp-content\/uploads\/2026\/01\/o.webp\" class=\"attachment-full size-full wp-image-4847\" alt=\"\" srcset=\"https:\/\/tunduktravel.kg\/wp-content\/uploads\/2026\/01\/o.webp 1920w, https:\/\/tunduktravel.kg\/wp-content\/uploads\/2026\/01\/o-300x300.webp 300w, https:\/\/tunduktravel.kg\/wp-content\/uploads\/2026\/01\/o-1024x1024.webp 1024w, https:\/\/tunduktravel.kg\/wp-content\/uploads\/2026\/01\/o-150x150.webp 150w, https:\/\/tunduktravel.kg\/wp-content\/uploads\/2026\/01\/o-768x768.webp 768w, https:\/\/tunduktravel.kg\/wp-content\/uploads\/2026\/01\/o-1536x1536.webp 1536w\" sizes=\"(max-width: 1920px) 100vw, 1920px\" \/>\t\t\t\t\t\t\t\t\t\t\t\t\t\t\t<\/div>\n\t\t\t\t<\/div>\n\t\t\t\t<div class=\"elementor-element elementor-element-6a679a93 elementor-widget elementor-widget-heading\" data-id=\"6a679a93\" data-element_type=\"widget\" data-e-type=\"widget\" data-widget_type=\"heading.default\">\n\t\t\t\t<div class=\"elementor-widget-container\">\n\t\t\t\t\t<h5 class=\"elementor-heading-title elementor-size-default\">O!\n<\/h5>\t\t\t\t<\/div>\n\t\t\t\t<\/div>\n\t\t\t\t<\/div>\n\t\t<div class=\"elementor-element elementor-element-3a131713 e-con-full e-flex e-con e-child\" data-id=\"3a131713\" data-element_type=\"container\" data-e-type=\"container\">\n\t\t\t\t<div class=\"elementor-element elementor-element-469b6855 elementor-widget elementor-widget-image\" data-id=\"469b6855\" data-element_type=\"widget\" data-e-type=\"widget\" data-widget_type=\"image.default\">\n\t\t\t\t<div class=\"elementor-widget-container\">\n\t\t\t\t\t\t\t\t\t\t\t\t\t\t\t<img decoding=\"async\" width=\"1920\" height=\"1920\" src=\"https:\/\/tunduktravel.kg\/wp-content\/uploads\/2026\/01\/mega.webp\" class=\"attachment-full size-full wp-image-4846\" alt=\"\" srcset=\"https:\/\/tunduktravel.kg\/wp-content\/uploads\/2026\/01\/mega.webp 1920w, https:\/\/tunduktravel.kg\/wp-content\/uploads\/2026\/01\/mega-300x300.webp 300w, https:\/\/tunduktravel.kg\/wp-content\/uploads\/2026\/01\/mega-1024x1024.webp 1024w, https:\/\/tunduktravel.kg\/wp-content\/uploads\/2026\/01\/mega-150x150.webp 150w, https:\/\/tunduktravel.kg\/wp-content\/uploads\/2026\/01\/mega-768x768.webp 768w, https:\/\/tunduktravel.kg\/wp-content\/uploads\/2026\/01\/mega-1536x1536.webp 1536w\" sizes=\"(max-width: 1920px) 100vw, 1920px\" \/>\t\t\t\t\t\t\t\t\t\t\t\t\t\t\t<\/div>\n\t\t\t\t<\/div>\n\t\t\t\t<div class=\"elementor-element elementor-element-7dd1f7b0 elementor-widget elementor-widget-heading\" data-id=\"7dd1f7b0\" data-element_type=\"widget\" data-e-type=\"widget\" data-widget_type=\"heading.default\">\n\t\t\t\t<div class=\"elementor-widget-container\">\n\t\t\t\t\t<h5 class=\"elementor-heading-title elementor-size-default\">Mega<\/h5>\t\t\t\t<\/div>\n\t\t\t\t<\/div>\n\t\t\t\t<\/div>\n\t\t<div class=\"elementor-element elementor-element-6b096cac e-con-full e-flex e-con e-child\" data-id=\"6b096cac\" data-element_type=\"container\" data-e-type=\"container\">\n\t\t\t\t<div class=\"elementor-element elementor-element-247c4610 elementor-widget elementor-widget-image\" data-id=\"247c4610\" data-element_type=\"widget\" data-e-type=\"widget\" data-widget_type=\"image.default\">\n\t\t\t\t<div class=\"elementor-widget-container\">\n\t\t\t\t\t\t\t\t\t\t\t\t\t\t\t<img decoding=\"async\" width=\"1920\" height=\"1920\" src=\"https:\/\/tunduktravel.kg\/wp-content\/uploads\/2026\/01\/beeline.webp\" class=\"attachment-full size-full wp-image-4848\" alt=\"\" srcset=\"https:\/\/tunduktravel.kg\/wp-content\/uploads\/2026\/01\/beeline.webp 1920w, https:\/\/tunduktravel.kg\/wp-content\/uploads\/2026\/01\/beeline-300x300.webp 300w, https:\/\/tunduktravel.kg\/wp-content\/uploads\/2026\/01\/beeline-1024x1024.webp 1024w, https:\/\/tunduktravel.kg\/wp-content\/uploads\/2026\/01\/beeline-150x150.webp 150w, https:\/\/tunduktravel.kg\/wp-content\/uploads\/2026\/01\/beeline-768x768.webp 768w, https:\/\/tunduktravel.kg\/wp-content\/uploads\/2026\/01\/beeline-1536x1536.webp 1536w\" sizes=\"(max-width: 1920px) 100vw, 1920px\" \/>\t\t\t\t\t\t\t\t\t\t\t\t\t\t\t<\/div>\n\t\t\t\t<\/div>\n\t\t\t\t<div class=\"elementor-element elementor-element-674e0017 elementor-widget elementor-widget-heading\" data-id=\"674e0017\" data-element_type=\"widget\" data-e-type=\"widget\" data-widget_type=\"heading.default\">\n\t\t\t\t<div class=\"elementor-widget-container\">\n\t\t\t\t\t<h5 class=\"elementor-heading-title elementor-size-default\">Beeline<\/h5>\t\t\t\t<\/div>\n\t\t\t\t<\/div>\n\t\t\t\t<\/div>\n\t\t\t\t<\/div>\n\t\t\t\t\t<\/div>\n\t\t\t\t<\/div>\n\t\t<div class=\"elementor-element elementor-element-2f77235d e-flex e-con-boxed e-con e-parent\" data-id=\"2f77235d\" data-element_type=\"container\" data-e-type=\"container\" data-settings=\"{&quot;background_background&quot;:&quot;classic&quot;}\">\n\t\t\t\t\t<div class=\"e-con-inner\">\n\t\t\t\t<div class=\"elementor-element elementor-element-16ad8099 elementor-widget elementor-widget-heading\" data-id=\"16ad8099\" data-element_type=\"widget\" data-e-type=\"widget\" data-widget_type=\"heading.default\">\n\t\t\t\t<div class=\"elementor-widget-container\">\n\t\t\t\t\t<h2 class=\"elementor-heading-title elementor-size-default\">Donnez vie \u00e0 votre aventure\n<\/h2>\t\t\t\t<\/div>\n\t\t\t\t<\/div>\n\t\t\t\t<div class=\"elementor-element elementor-element-2c856c49 elementor-align-justify elementor-widget elementor-widget-button\" data-id=\"2c856c49\" data-element_type=\"widget\" data-e-type=\"widget\" data-widget_type=\"button.default\">\n\t\t\t\t<div class=\"elementor-widget-container\">\n\t\t\t\t\t\t\t\t\t<div class=\"elementor-button-wrapper\">\n\t\t\t\t\t<a class=\"elementor-button elementor-button-link elementor-size-sm\" href=\"https:\/\/tunduktravel.kg\/fr\/contact\/\">\n\t\t\t\t\t\t<span class=\"elementor-button-content-wrapper\">\n\t\t\t\t\t\t\t\t\t<span class=\"elementor-button-text\">Contactez-nous<\/span>\n\t\t\t\t\t<\/span>\n\t\t\t\t\t<\/a>\n\t\t\t\t<\/div>\n\t\t\t\t\t\t\t\t<\/div>\n\t\t\t\t<\/div>\n\t\t\t\t\t<\/div>\n\t\t\t\t<\/div>\n\t\t\t\t<\/div>","protected":false},"excerpt":{"rendered":"<p>Mobile and Internet Connectivity in Kyrgyzstan Telephone and Internet Connection in Kyrgyzstan Staying connected in Kyrgyzstan is easy and affordable. [&hellip;]<\/p>\n","protected":false},"author":2,"featured_media":0,"parent":0,"menu_order":0,"comment_status":"closed","ping_status":"closed","template":"","meta":{"site-sidebar-layout":"no-sidebar","site-content-layout":"","ast-site-content-layout":"full-width-container","site-content-style":"default","site-sidebar-style":"default","ast-global-header-display":"","ast-banner-title-visibility":"","ast-main-header-display":"","ast-hfb-above-header-display":"","ast-hfb-below-header-display":"","ast-hfb-mobile-header-display":"","site-post-title":"disabled","ast-breadcrumbs-content":"","ast-featured-img":"disabled","footer-sml-layout":"","ast-disable-related-posts":"","theme-transparent-header-meta":"","adv-header-id-meta":"","stick-header-meta":"","header-above-stick-meta":"","header-main-stick-meta":"","header-below-stick-meta":"","astra-migrate-meta-layouts":"default","ast-page-background-enabled":"default","ast-page-background-meta":{"desktop":{"background-color":"var(--ast-global-color-4)","background-image":"","background-repeat":"repeat","background-position":"center center","background-size":"auto","background-attachment":"scroll","background-type":"","background-media":"","overlay-type":"","overlay-color":"","overlay-opacity":"","overlay-gradient":""},"tablet":{"background-color":"","background-image":"","background-repeat":"repeat","background-position":"center center","background-size":"auto","background-attachment":"scroll","background-type":"","background-media":"","overlay-type":"","overlay-color":"","overlay-opacity":"","overlay-gradient":""},"mobile":{"background-color":"","background-image":"","background-repeat":"repeat","background-position":"center center","background-size":"auto","background-attachment":"scroll","background-type":"","background-media":"","overlay-type":"","overlay-color":"","overlay-opacity":"","overlay-gradient":""}},"ast-content-background-meta":{"desktop":{"background-color":"var(--ast-global-color-5)","background-image":"","background-repeat":"repeat","background-position":"center center","background-size":"auto","background-attachment":"scroll","background-type":"","background-media":"","overlay-type":"","overlay-color":"","overlay-opacity":"","overlay-gradient":""},"tablet":{"background-color":"var(--ast-global-color-5)","background-image":"","background-repeat":"repeat","background-position":"center center","background-size":"auto","background-attachment":"scroll","background-type":"","background-media":"","overlay-type":"","overlay-color":"","overlay-opacity":"","overlay-gradient":""},"mobile":{"background-color":"var(--ast-global-color-5)","background-image":"","background-repeat":"repeat","background-position":"center center","background-size":"auto","background-attachment":"scroll","background-type":"","background-media":"","overlay-type":"","overlay-color":"","overlay-opacity":"","overlay-gradient":""}},"footnotes":""},"class_list":["post-1370","page","type-page","status-publish","hentry"],"_links":{"self":[{"href":"https:\/\/tunduktravel.kg\/fr\/wp-json\/wp\/v2\/pages\/1370","targetHints":{"allow":["GET"]}}],"collection":[{"href":"https:\/\/tunduktravel.kg\/fr\/wp-json\/wp\/v2\/pages"}],"about":[{"href":"https:\/\/tunduktravel.kg\/fr\/wp-json\/wp\/v2\/types\/page"}],"author":[{"embeddable":true,"href":"https:\/\/tunduktravel.kg\/fr\/wp-json\/wp\/v2\/users\/2"}],"replies":[{"embeddable":true,"href":"https:\/\/tunduktravel.kg\/fr\/wp-json\/wp\/v2\/comments?post=1370"}],"version-history":[{"count":31,"href":"https:\/\/tunduktravel.kg\/fr\/wp-json\/wp\/v2\/pages\/1370\/revisions"}],"predecessor-version":[{"id":6656,"href":"https:\/\/tunduktravel.kg\/fr\/wp-json\/wp\/v2\/pages\/1370\/revisions\/6656"}],"wp:attachment":[{"href":"https:\/\/tunduktravel.kg\/fr\/wp-json\/wp\/v2\/media?parent=1370"}],"curies":[{"name":"wp","href":"https:\/\/api.w.org\/{rel}","templated":true}]}}