{"id":1351,"date":"2025-05-03T22:11:17","date_gmt":"2025-05-03T19:11:17","guid":{"rendered":"https:\/\/tunduktravel.kg\/?page_id=1351"},"modified":"2026-01-17T08:15:11","modified_gmt":"2026-01-17T05:15:11","slug":"where-to-enjoy-drinks-bars-and-nightclubs","status":"publish","type":"page","link":"https:\/\/tunduktravel.kg\/fr\/where-to-enjoy-drinks-bars-and-nightclubs\/","title":{"rendered":"O\u00f9 sortir le soir ? Bars et clubs"},"content":{"rendered":"<div data-elementor-type=\"wp-page\" data-elementor-id=\"1351\" class=\"elementor elementor-1351\">\n\t\t\t\t<div class=\"elementor-element elementor-element-63914722 e-flex e-con-boxed e-con e-parent\" data-id=\"63914722\" data-element_type=\"container\" data-e-type=\"container\" data-settings=\"{&quot;background_background&quot;:&quot;classic&quot;}\">\n\t\t\t\t\t<div class=\"e-con-inner\">\n\t\t\t\t<div class=\"elementor-element elementor-element-413fcff elementor-widget elementor-widget-heading\" data-id=\"413fcff\" data-element_type=\"widget\" data-e-type=\"widget\" data-widget_type=\"heading.default\">\n\t\t\t\t<div class=\"elementor-widget-container\">\n\t\t\t\t\t<h1 class=\"elementor-heading-title elementor-size-default\">Where to Drink in Bishkek: Bars and Nightlife<\/h1>\t\t\t\t<\/div>\n\t\t\t\t<\/div>\n\t\t\t\t\t<\/div>\n\t\t\t\t<\/div>\n\t\t<div class=\"elementor-element elementor-element-212c689b e-flex e-con-boxed e-con e-parent\" data-id=\"212c689b\" data-element_type=\"container\" data-e-type=\"container\">\n\t\t\t\t\t<div class=\"e-con-inner\">\n\t\t<div class=\"elementor-element elementor-element-bc479b2 e-con-full e-flex e-con e-child\" data-id=\"bc479b2\" data-element_type=\"container\" data-e-type=\"container\">\n\t\t\t\t<div class=\"elementor-element elementor-element-49a9196 elementor-widget elementor-widget-heading\" data-id=\"49a9196\" data-element_type=\"widget\" data-e-type=\"widget\" data-widget_type=\"heading.default\">\n\t\t\t\t<div class=\"elementor-widget-container\">\n\t\t\t\t\t<span class=\"elementor-heading-title elementor-size-default\">La sc\u00e8ne nocturne de Bichkek ne cesse de se d\u00e9velopper, avec des bars \u00e9l\u00e9gants, des pubs chaleureux et des clubs anim\u00e9s. Que vous soyez amateur de bi\u00e8re artisanale, de cocktails cr\u00e9atifs ou de danse jusqu\u2019au bout de la nuit, voici quelques-uns des meilleurs endroits \u00e0 d\u00e9couvrir.<\/span>\t\t\t\t<\/div>\n\t\t\t\t<\/div>\n\t\t\t\t<div class=\"elementor-element elementor-element-6099f72 elementor-widget elementor-widget-heading\" data-id=\"6099f72\" data-element_type=\"widget\" data-e-type=\"widget\" data-widget_type=\"heading.default\">\n\t\t\t\t<div class=\"elementor-widget-container\">\n\t\t\t\t\t<h5 class=\"elementor-heading-title elementor-size-default\">Bars &amp; Pubs<\/h5>\t\t\t\t<\/div>\n\t\t\t\t<\/div>\n\t\t\t\t<div class=\"elementor-element elementor-element-d26570f elementor-widget elementor-widget-heading\" data-id=\"d26570f\" data-element_type=\"widget\" data-e-type=\"widget\" data-widget_type=\"heading.default\">\n\t\t\t\t<div class=\"elementor-widget-container\">\n\t\t\t\t\t<h6 class=\"elementor-heading-title elementor-size-default\">Brewster Craft Beer<\/h6>\t\t\t\t<\/div>\n\t\t\t\t<\/div>\n\t\t\t\t<div class=\"elementor-element elementor-element-97f85f1 elementor-widget elementor-widget-text-editor\" data-id=\"97f85f1\" data-element_type=\"widget\" data-e-type=\"widget\" data-widget_type=\"text-editor.default\">\n\t\t\t\t<div class=\"elementor-widget-container\">\n\t\t\t\t\t\t\t\t\t<p class=\"translation-block\">Situ\u00e9 au 121, rue Moskovskaya, Brewster est r\u00e9put\u00e9 pour sa belle s\u00e9lection de bi\u00e8res artisanales locales, dans une ambiance d\u00e9tendue et conviviale.<\/p>\t\t\t\t\t\t\t\t<\/div>\n\t\t\t\t<\/div>\n\t\t\t\t<div class=\"elementor-element elementor-element-228d76c elementor-widget elementor-widget-heading\" data-id=\"228d76c\" data-element_type=\"widget\" data-e-type=\"widget\" data-widget_type=\"heading.default\">\n\t\t\t\t<div class=\"elementor-widget-container\">\n\t\t\t\t\t<h6 class=\"elementor-heading-title elementor-size-default\">Irish Pub<\/h6>\t\t\t\t<\/div>\n\t\t\t\t<\/div>\n\t\t\t\t<div class=\"elementor-element elementor-element-fa93049 elementor-widget elementor-widget-text-editor\" data-id=\"fa93049\" data-element_type=\"widget\" data-e-type=\"widget\" data-widget_type=\"text-editor.default\">\n\t\t\t\t<div class=\"elementor-widget-container\">\n\t\t\t\t\t\t\t\t\t<p class=\"\" data-start=\"1456\" data-end=\"1557\">Un pub cosy \u00e0 l\u2019atmosph\u00e8re d\u00e9contract\u00e9e, appr\u00e9ci\u00e9 pour sa bonne cuisine, ses infusions maison et ses barmen tr\u00e8s accueillants.\n? Bonus : jam session de jazz en live tous les dimanches \u00e0 21h.<\/p>\t\t\t\t\t\t\t\t<\/div>\n\t\t\t\t<\/div>\n\t\t\t\t<div class=\"elementor-element elementor-element-8267c7e elementor-widget elementor-widget-heading\" data-id=\"8267c7e\" data-element_type=\"widget\" data-e-type=\"widget\" data-widget_type=\"heading.default\">\n\t\t\t\t<div class=\"elementor-widget-container\">\n\t\t\t\t\t<h6 class=\"elementor-heading-title elementor-size-default\">Munchen Pub<\/h6>\t\t\t\t<\/div>\n\t\t\t\t<\/div>\n\t\t\t\t<div class=\"elementor-element elementor-element-530e942 elementor-widget elementor-widget-text-editor\" data-id=\"530e942\" data-element_type=\"widget\" data-e-type=\"widget\" data-widget_type=\"text-editor.default\">\n\t\t\t\t<div class=\"elementor-widget-container\">\n\t\t\t\t\t\t\t\t\t<p class=\"\" data-start=\"1784\" data-end=\"1879\">Brasserie de style allemand proposant une cuisine g\u00e9n\u00e9reuse, des bi\u00e8res import\u00e9es et des soir\u00e9es \u00e0 th\u00e8me. Un excellent choix pour les groupes et les amateurs d\u2019ambiance festive.<\/p>\t\t\t\t\t\t\t\t<\/div>\n\t\t\t\t<\/div>\n\t\t\t\t<div class=\"elementor-element elementor-element-008517a elementor-widget elementor-widget-heading\" data-id=\"008517a\" data-element_type=\"widget\" data-e-type=\"widget\" data-widget_type=\"heading.default\">\n\t\t\t\t<div class=\"elementor-widget-container\">\n\t\t\t\t\t<h6 class=\"elementor-heading-title elementor-size-default\">SomeWhere Bistro<\/h6>\t\t\t\t<\/div>\n\t\t\t\t<\/div>\n\t\t\t\t<div class=\"elementor-element elementor-element-11e1628 elementor-widget elementor-widget-text-editor\" data-id=\"11e1628\" data-element_type=\"widget\" data-e-type=\"widget\" data-widget_type=\"text-editor.default\">\n\t\t\t\t<div class=\"elementor-widget-container\">\n\t\t\t\t\t\t\t\t\t<p class=\"\" data-start=\"1078\" data-end=\"1214\">Un lieu tendance et d\u00e9contract\u00e9, id\u00e9al pour d\u00e9guster des cocktails tout en discutant. Le bistro propose \u00e9galement une tr\u00e8s bonne cuisine dans un cadre moderne et \u00e9l\u00e9gant.<\/p>\t\t\t\t\t\t\t\t<\/div>\n\t\t\t\t<\/div>\n\t\t\t\t<div class=\"elementor-element elementor-element-a1578f1 elementor-widget elementor-widget-heading\" data-id=\"a1578f1\" data-element_type=\"widget\" data-e-type=\"widget\" data-widget_type=\"heading.default\">\n\t\t\t\t<div class=\"elementor-widget-container\">\n\t\t\t\t\t<h5 class=\"elementor-heading-title elementor-size-default\">Nightclubs &amp; Lounges<\/h5>\t\t\t\t<\/div>\n\t\t\t\t<\/div>\n\t\t\t\t<div class=\"elementor-element elementor-element-dba79a8 elementor-widget elementor-widget-heading\" data-id=\"dba79a8\" data-element_type=\"widget\" data-e-type=\"widget\" data-widget_type=\"heading.default\">\n\t\t\t\t<div class=\"elementor-widget-container\">\n\t\t\t\t\t<h6 class=\"elementor-heading-title elementor-size-default\">Boho City Bar<\/h6>\t\t\t\t<\/div>\n\t\t\t\t<\/div>\n\t\t\t\t<div class=\"elementor-element elementor-element-4364efd elementor-widget elementor-widget-text-editor\" data-id=\"4364efd\" data-element_type=\"widget\" data-e-type=\"widget\" data-widget_type=\"text-editor.default\">\n\t\t\t\t<div class=\"elementor-widget-container\">\n\t\t\t\t\t\t\t\t\t<p class=\"\" data-start=\"1078\" data-end=\"1214\">Un lounge bar chic au d\u00e9cor boh\u00e8me, avec des DJ sets live et une atmosph\u00e8re \u00e0 la fois d\u00e9tendue et raffin\u00e9e.<\/p>\t\t\t\t\t\t\t\t<\/div>\n\t\t\t\t<\/div>\n\t\t\t\t<div class=\"elementor-element elementor-element-c07cc88 elementor-widget elementor-widget-heading\" data-id=\"c07cc88\" data-element_type=\"widget\" data-e-type=\"widget\" data-widget_type=\"heading.default\">\n\t\t\t\t<div class=\"elementor-widget-container\">\n\t\t\t\t\t<h6 class=\"elementor-heading-title elementor-size-default\">Suzie Wong Night Club<\/h6>\t\t\t\t<\/div>\n\t\t\t\t<\/div>\n\t\t\t\t<div class=\"elementor-element elementor-element-a124bec elementor-widget elementor-widget-text-editor\" data-id=\"a124bec\" data-element_type=\"widget\" data-e-type=\"widget\" data-widget_type=\"text-editor.default\">\n\t\t\t\t<div class=\"elementor-widget-container\">\n\t\t\t\t\t\t\t\t\t<p class=\"\" data-start=\"1078\" data-end=\"1214\">Club moderne et dynamique, connu pour ses soir\u00e9es \u00e0 th\u00e8me et ses performances de DJ. Tr\u00e8s populaire aupr\u00e8s des locaux comme des visiteurs.<\/p>\t\t\t\t\t\t\t\t<\/div>\n\t\t\t\t<\/div>\n\t\t\t\t<div class=\"elementor-element elementor-element-f8e380b elementor-widget elementor-widget-text-editor\" data-id=\"f8e380b\" data-element_type=\"widget\" data-e-type=\"widget\" data-widget_type=\"text-editor.default\">\n\t\t\t\t<div class=\"elementor-widget-container\">\n\t\t\t\t\t\t\t\t\t<p class=\"\" data-start=\"1825\" data-end=\"1989\">Que vous souhaitiez prendre un verre tranquillement, siroter des cocktails ou danser jusqu\u2019\u00e0 l\u2019aube, Bichkek propose une vie nocturne accueillante, vari\u00e9e et en constante \u00e9volution.<\/p><p class=\"\" data-start=\"1991\" data-end=\"2088\"><em data-start=\"1991\" data-end=\"2087\">? Conseil : pensez \u00e0 v\u00e9rifier les horaires d\u2019ouverture et les \u00e9v\u00e9nements sur les r\u00e9seaux sociaux ou Google Maps avant de sortir.<\/em><\/p>\t\t\t\t\t\t\t\t<\/div>\n\t\t\t\t<\/div>\n\t\t\t\t<\/div>\n\t\t\t\t\t<\/div>\n\t\t\t\t<\/div>\n\t\t<div class=\"elementor-element elementor-element-733250e8 e-flex e-con-boxed e-con e-parent\" data-id=\"733250e8\" data-element_type=\"container\" data-e-type=\"container\">\n\t\t\t\t\t<div class=\"e-con-inner\">\n\t\t<div class=\"elementor-element elementor-element-276985b e-con-full e-flex e-con e-child\" data-id=\"276985b\" data-element_type=\"container\" data-e-type=\"container\">\n\t\t<div class=\"elementor-element elementor-element-719ef8a e-con-full e-flex e-con e-child\" data-id=\"719ef8a\" data-element_type=\"container\" data-e-type=\"container\">\n\t\t\t\t<div class=\"elementor-element elementor-element-1ae8bcb7 elementor-widget elementor-widget-image\" data-id=\"1ae8bcb7\" data-element_type=\"widget\" data-e-type=\"widget\" data-widget_type=\"image.default\">\n\t\t\t\t<div class=\"elementor-widget-container\">\n\t\t\t\t\t\t\t\t\t\t\t\t\t\t\t<img fetchpriority=\"high\" decoding=\"async\" width=\"1920\" height=\"1280\" src=\"https:\/\/tunduktravel.kg\/wp-content\/uploads\/2026\/01\/image-1-1.webp\" class=\"attachment-full size-full wp-image-4858\" alt=\"\" srcset=\"https:\/\/tunduktravel.kg\/wp-content\/uploads\/2026\/01\/image-1-1.webp 1920w, https:\/\/tunduktravel.kg\/wp-content\/uploads\/2026\/01\/image-1-1-300x200.webp 300w, https:\/\/tunduktravel.kg\/wp-content\/uploads\/2026\/01\/image-1-1-1024x683.webp 1024w, https:\/\/tunduktravel.kg\/wp-content\/uploads\/2026\/01\/image-1-1-768x512.webp 768w, https:\/\/tunduktravel.kg\/wp-content\/uploads\/2026\/01\/image-1-1-1536x1024.webp 1536w\" sizes=\"(max-width: 1920px) 100vw, 1920px\" \/>\t\t\t\t\t\t\t\t\t\t\t\t\t\t\t<\/div>\n\t\t\t\t<\/div>\n\t\t\t\t<div class=\"elementor-element elementor-element-34d1c512 elementor-widget elementor-widget-heading\" data-id=\"34d1c512\" data-element_type=\"widget\" data-e-type=\"widget\" data-widget_type=\"heading.default\">\n\t\t\t\t<div class=\"elementor-widget-container\">\n\t\t\t\t\t<h5 class=\"elementor-heading-title elementor-size-default\">Brewster Craft Beer<\/h5>\t\t\t\t<\/div>\n\t\t\t\t<\/div>\n\t\t\t\t<\/div>\n\t\t<div class=\"elementor-element elementor-element-5982192 e-con-full e-flex e-con e-child\" data-id=\"5982192\" data-element_type=\"container\" data-e-type=\"container\">\n\t\t\t\t<div class=\"elementor-element elementor-element-73cea208 elementor-widget elementor-widget-image\" data-id=\"73cea208\" data-element_type=\"widget\" data-e-type=\"widget\" data-widget_type=\"image.default\">\n\t\t\t\t<div class=\"elementor-widget-container\">\n\t\t\t\t\t\t\t\t\t\t\t\t\t\t\t<img decoding=\"async\" width=\"1920\" height=\"1280\" src=\"https:\/\/tunduktravel.kg\/wp-content\/uploads\/2026\/01\/image-1.webp\" class=\"attachment-full size-full wp-image-4857\" alt=\"\" srcset=\"https:\/\/tunduktravel.kg\/wp-content\/uploads\/2026\/01\/image-1.webp 1920w, https:\/\/tunduktravel.kg\/wp-content\/uploads\/2026\/01\/image-1-300x200.webp 300w, https:\/\/tunduktravel.kg\/wp-content\/uploads\/2026\/01\/image-1-1024x683.webp 1024w, https:\/\/tunduktravel.kg\/wp-content\/uploads\/2026\/01\/image-1-768x512.webp 768w, https:\/\/tunduktravel.kg\/wp-content\/uploads\/2026\/01\/image-1-1536x1024.webp 1536w\" sizes=\"(max-width: 1920px) 100vw, 1920px\" \/>\t\t\t\t\t\t\t\t\t\t\t\t\t\t\t<\/div>\n\t\t\t\t<\/div>\n\t\t\t\t<div class=\"elementor-element elementor-element-3de5abf0 elementor-widget elementor-widget-heading\" data-id=\"3de5abf0\" data-element_type=\"widget\" data-e-type=\"widget\" data-widget_type=\"heading.default\">\n\t\t\t\t<div class=\"elementor-widget-container\">\n\t\t\t\t\t<h5 class=\"elementor-heading-title elementor-size-default\">Irish Pub<\/h5>\t\t\t\t<\/div>\n\t\t\t\t<\/div>\n\t\t\t\t<\/div>\n\t\t<div class=\"elementor-element elementor-element-4870086 e-con-full e-flex e-con e-child\" data-id=\"4870086\" data-element_type=\"container\" data-e-type=\"container\">\n\t\t\t\t<div class=\"elementor-element elementor-element-13e4e48 elementor-widget elementor-widget-image\" data-id=\"13e4e48\" data-element_type=\"widget\" data-e-type=\"widget\" data-widget_type=\"image.default\">\n\t\t\t\t<div class=\"elementor-widget-container\">\n\t\t\t\t\t\t\t\t\t\t\t\t\t\t\t<img decoding=\"async\" width=\"1920\" height=\"1920\" src=\"https:\/\/tunduktravel.kg\/wp-content\/uploads\/2026\/01\/image-2.webp\" class=\"attachment-full size-full wp-image-4859\" alt=\"\" srcset=\"https:\/\/tunduktravel.kg\/wp-content\/uploads\/2026\/01\/image-2.webp 1920w, https:\/\/tunduktravel.kg\/wp-content\/uploads\/2026\/01\/image-2-300x300.webp 300w, https:\/\/tunduktravel.kg\/wp-content\/uploads\/2026\/01\/image-2-1024x1024.webp 1024w, https:\/\/tunduktravel.kg\/wp-content\/uploads\/2026\/01\/image-2-150x150.webp 150w, https:\/\/tunduktravel.kg\/wp-content\/uploads\/2026\/01\/image-2-768x768.webp 768w, https:\/\/tunduktravel.kg\/wp-content\/uploads\/2026\/01\/image-2-1536x1536.webp 1536w\" sizes=\"(max-width: 1920px) 100vw, 1920px\" \/>\t\t\t\t\t\t\t\t\t\t\t\t\t\t\t<\/div>\n\t\t\t\t<\/div>\n\t\t\t\t<div class=\"elementor-element elementor-element-d6d6af1 elementor-widget elementor-widget-heading\" data-id=\"d6d6af1\" data-element_type=\"widget\" data-e-type=\"widget\" data-widget_type=\"heading.default\">\n\t\t\t\t<div class=\"elementor-widget-container\">\n\t\t\t\t\t<h5 class=\"elementor-heading-title elementor-size-default\">Munchen Pub<\/h5>\t\t\t\t<\/div>\n\t\t\t\t<\/div>\n\t\t\t\t<\/div>\n\t\t\t\t<\/div>\n\t\t<div class=\"elementor-element elementor-element-203824c6 e-con-full e-flex e-con e-child\" data-id=\"203824c6\" data-element_type=\"container\" data-e-type=\"container\">\n\t\t<div class=\"elementor-element elementor-element-5fb95952 e-con-full e-flex e-con e-child\" data-id=\"5fb95952\" data-element_type=\"container\" data-e-type=\"container\">\n\t\t\t\t<div class=\"elementor-element elementor-element-536a6e00 elementor-widget elementor-widget-image\" data-id=\"536a6e00\" data-element_type=\"widget\" data-e-type=\"widget\" data-widget_type=\"image.default\">\n\t\t\t\t<div class=\"elementor-widget-container\">\n\t\t\t\t\t\t\t\t\t\t\t\t\t\t\t<img loading=\"lazy\" decoding=\"async\" width=\"1920\" height=\"1280\" src=\"https:\/\/tunduktravel.kg\/wp-content\/uploads\/2026\/01\/image-3.webp\" class=\"attachment-full size-full wp-image-4860\" alt=\"\" srcset=\"https:\/\/tunduktravel.kg\/wp-content\/uploads\/2026\/01\/image-3.webp 1920w, https:\/\/tunduktravel.kg\/wp-content\/uploads\/2026\/01\/image-3-300x200.webp 300w, https:\/\/tunduktravel.kg\/wp-content\/uploads\/2026\/01\/image-3-1024x683.webp 1024w, https:\/\/tunduktravel.kg\/wp-content\/uploads\/2026\/01\/image-3-768x512.webp 768w, https:\/\/tunduktravel.kg\/wp-content\/uploads\/2026\/01\/image-3-1536x1024.webp 1536w\" sizes=\"(max-width: 1920px) 100vw, 1920px\" \/>\t\t\t\t\t\t\t\t\t\t\t\t\t\t\t<\/div>\n\t\t\t\t<\/div>\n\t\t\t\t<div class=\"elementor-element elementor-element-548eea9f elementor-widget elementor-widget-heading\" data-id=\"548eea9f\" data-element_type=\"widget\" data-e-type=\"widget\" data-widget_type=\"heading.default\">\n\t\t\t\t<div class=\"elementor-widget-container\">\n\t\t\t\t\t<h5 class=\"elementor-heading-title elementor-size-default\">SomeWhere Bistro<\/h5>\t\t\t\t<\/div>\n\t\t\t\t<\/div>\n\t\t\t\t<\/div>\n\t\t<div class=\"elementor-element elementor-element-49d91e8 e-con-full e-flex e-con e-child\" data-id=\"49d91e8\" data-element_type=\"container\" data-e-type=\"container\">\n\t\t\t\t<div class=\"elementor-element elementor-element-d2f0b23 elementor-widget elementor-widget-image\" data-id=\"d2f0b23\" data-element_type=\"widget\" data-e-type=\"widget\" data-widget_type=\"image.default\">\n\t\t\t\t<div class=\"elementor-widget-container\">\n\t\t\t\t\t\t\t\t\t\t\t\t\t\t\t<img loading=\"lazy\" decoding=\"async\" width=\"1920\" height=\"1280\" src=\"https:\/\/tunduktravel.kg\/wp-content\/uploads\/2026\/01\/image-4.webp\" class=\"attachment-full size-full wp-image-4861\" alt=\"\" srcset=\"https:\/\/tunduktravel.kg\/wp-content\/uploads\/2026\/01\/image-4.webp 1920w, https:\/\/tunduktravel.kg\/wp-content\/uploads\/2026\/01\/image-4-300x200.webp 300w, https:\/\/tunduktravel.kg\/wp-content\/uploads\/2026\/01\/image-4-1024x683.webp 1024w, https:\/\/tunduktravel.kg\/wp-content\/uploads\/2026\/01\/image-4-768x512.webp 768w, https:\/\/tunduktravel.kg\/wp-content\/uploads\/2026\/01\/image-4-1536x1024.webp 1536w\" sizes=\"(max-width: 1920px) 100vw, 1920px\" \/>\t\t\t\t\t\t\t\t\t\t\t\t\t\t\t<\/div>\n\t\t\t\t<\/div>\n\t\t\t\t<div class=\"elementor-element elementor-element-79451dc elementor-widget elementor-widget-heading\" data-id=\"79451dc\" data-element_type=\"widget\" data-e-type=\"widget\" data-widget_type=\"heading.default\">\n\t\t\t\t<div class=\"elementor-widget-container\">\n\t\t\t\t\t<h5 class=\"elementor-heading-title elementor-size-default\">Boho City Bar<\/h5>\t\t\t\t<\/div>\n\t\t\t\t<\/div>\n\t\t\t\t<\/div>\n\t\t<div class=\"elementor-element elementor-element-348aea9 e-con-full e-flex e-con e-child\" data-id=\"348aea9\" data-element_type=\"container\" data-e-type=\"container\">\n\t\t\t\t<div class=\"elementor-element elementor-element-3653075 elementor-widget elementor-widget-image\" data-id=\"3653075\" data-element_type=\"widget\" data-e-type=\"widget\" data-widget_type=\"image.default\">\n\t\t\t\t<div class=\"elementor-widget-container\">\n\t\t\t\t\t\t\t\t\t\t\t\t\t\t\t<img loading=\"lazy\" decoding=\"async\" width=\"1920\" height=\"1920\" src=\"https:\/\/tunduktravel.kg\/wp-content\/uploads\/2026\/01\/image-5.webp\" class=\"attachment-full size-full wp-image-4862\" alt=\"\" srcset=\"https:\/\/tunduktravel.kg\/wp-content\/uploads\/2026\/01\/image-5.webp 1920w, https:\/\/tunduktravel.kg\/wp-content\/uploads\/2026\/01\/image-5-300x300.webp 300w, https:\/\/tunduktravel.kg\/wp-content\/uploads\/2026\/01\/image-5-1024x1024.webp 1024w, https:\/\/tunduktravel.kg\/wp-content\/uploads\/2026\/01\/image-5-150x150.webp 150w, https:\/\/tunduktravel.kg\/wp-content\/uploads\/2026\/01\/image-5-768x768.webp 768w, https:\/\/tunduktravel.kg\/wp-content\/uploads\/2026\/01\/image-5-1536x1536.webp 1536w\" sizes=\"(max-width: 1920px) 100vw, 1920px\" \/>\t\t\t\t\t\t\t\t\t\t\t\t\t\t\t<\/div>\n\t\t\t\t<\/div>\n\t\t\t\t<div class=\"elementor-element elementor-element-8f977d1 elementor-widget elementor-widget-heading\" data-id=\"8f977d1\" data-element_type=\"widget\" data-e-type=\"widget\" data-widget_type=\"heading.default\">\n\t\t\t\t<div class=\"elementor-widget-container\">\n\t\t\t\t\t<h5 class=\"elementor-heading-title elementor-size-default\">Suzie Wong Night Club<\/h5>\t\t\t\t<\/div>\n\t\t\t\t<\/div>\n\t\t\t\t<\/div>\n\t\t\t\t<\/div>\n\t\t\t\t\t<\/div>\n\t\t\t\t<\/div>\n\t\t<div class=\"elementor-element elementor-element-30aae492 e-flex e-con-boxed e-con e-parent\" data-id=\"30aae492\" data-element_type=\"container\" data-e-type=\"container\" data-settings=\"{&quot;background_background&quot;:&quot;classic&quot;}\">\n\t\t\t\t\t<div class=\"e-con-inner\">\n\t\t\t\t<div class=\"elementor-element elementor-element-184a20ed elementor-widget elementor-widget-heading\" data-id=\"184a20ed\" data-element_type=\"widget\" data-e-type=\"widget\" data-widget_type=\"heading.default\">\n\t\t\t\t<div class=\"elementor-widget-container\">\n\t\t\t\t\t<h2 class=\"elementor-heading-title elementor-size-default\">Donnez vie \u00e0 votre aventure\n<\/h2>\t\t\t\t<\/div>\n\t\t\t\t<\/div>\n\t\t\t\t<div class=\"elementor-element elementor-element-293fd156 elementor-align-justify elementor-widget elementor-widget-button\" data-id=\"293fd156\" data-element_type=\"widget\" data-e-type=\"widget\" data-widget_type=\"button.default\">\n\t\t\t\t<div class=\"elementor-widget-container\">\n\t\t\t\t\t\t\t\t\t<div class=\"elementor-button-wrapper\">\n\t\t\t\t\t<a class=\"elementor-button elementor-button-link elementor-size-sm\" href=\"https:\/\/tunduktravel.kg\/fr\/contact\/\">\n\t\t\t\t\t\t<span class=\"elementor-button-content-wrapper\">\n\t\t\t\t\t\t\t\t\t<span class=\"elementor-button-text\">Contactez-nous<\/span>\n\t\t\t\t\t<\/span>\n\t\t\t\t\t<\/a>\n\t\t\t\t<\/div>\n\t\t\t\t\t\t\t\t<\/div>\n\t\t\t\t<\/div>\n\t\t\t\t\t<\/div>\n\t\t\t\t<\/div>\n\t\t\t\t<\/div>","protected":false},"excerpt":{"rendered":"<p>Where to Drink in Bishkek: Bars and Nightlife Bishkek\u2019s nightlife scene continues to grow with stylish bars, cozy pubs, and [&hellip;]<\/p>\n","protected":false},"author":2,"featured_media":0,"parent":0,"menu_order":0,"comment_status":"closed","ping_status":"closed","template":"","meta":{"site-sidebar-layout":"no-sidebar","site-content-layout":"","ast-site-content-layout":"full-width-container","site-content-style":"default","site-sidebar-style":"default","ast-global-header-display":"","ast-banner-title-visibility":"","ast-main-header-display":"","ast-hfb-above-header-display":"","ast-hfb-below-header-display":"","ast-hfb-mobile-header-display":"","site-post-title":"disabled","ast-breadcrumbs-content":"","ast-featured-img":"disabled","footer-sml-layout":"","ast-disable-related-posts":"","theme-transparent-header-meta":"","adv-header-id-meta":"","stick-header-meta":"","header-above-stick-meta":"","header-main-stick-meta":"","header-below-stick-meta":"","astra-migrate-meta-layouts":"default","ast-page-background-enabled":"default","ast-page-background-meta":{"desktop":{"background-color":"var(--ast-global-color-4)","background-image":"","background-repeat":"repeat","background-position":"center center","background-size":"auto","background-attachment":"scroll","background-type":"","background-media":"","overlay-type":"","overlay-color":"","overlay-opacity":"","overlay-gradient":""},"tablet":{"background-color":"","background-image":"","background-repeat":"repeat","background-position":"center center","background-size":"auto","background-attachment":"scroll","background-type":"","background-media":"","overlay-type":"","overlay-color":"","overlay-opacity":"","overlay-gradient":""},"mobile":{"background-color":"","background-image":"","background-repeat":"repeat","background-position":"center center","background-size":"auto","background-attachment":"scroll","background-type":"","background-media":"","overlay-type":"","overlay-color":"","overlay-opacity":"","overlay-gradient":""}},"ast-content-background-meta":{"desktop":{"background-color":"var(--ast-global-color-5)","background-image":"","background-repeat":"repeat","background-position":"center center","background-size":"auto","background-attachment":"scroll","background-type":"","background-media":"","overlay-type":"","overlay-color":"","overlay-opacity":"","overlay-gradient":""},"tablet":{"background-color":"var(--ast-global-color-5)","background-image":"","background-repeat":"repeat","background-position":"center center","background-size":"auto","background-attachment":"scroll","background-type":"","background-media":"","overlay-type":"","overlay-color":"","overlay-opacity":"","overlay-gradient":""},"mobile":{"background-color":"var(--ast-global-color-5)","background-image":"","background-repeat":"repeat","background-position":"center center","background-size":"auto","background-attachment":"scroll","background-type":"","background-media":"","overlay-type":"","overlay-color":"","overlay-opacity":"","overlay-gradient":""}},"footnotes":""},"class_list":["post-1351","page","type-page","status-publish","hentry"],"_links":{"self":[{"href":"https:\/\/tunduktravel.kg\/fr\/wp-json\/wp\/v2\/pages\/1351","targetHints":{"allow":["GET"]}}],"collection":[{"href":"https:\/\/tunduktravel.kg\/fr\/wp-json\/wp\/v2\/pages"}],"about":[{"href":"https:\/\/tunduktravel.kg\/fr\/wp-json\/wp\/v2\/types\/page"}],"author":[{"embeddable":true,"href":"https:\/\/tunduktravel.kg\/fr\/wp-json\/wp\/v2\/users\/2"}],"replies":[{"embeddable":true,"href":"https:\/\/tunduktravel.kg\/fr\/wp-json\/wp\/v2\/comments?post=1351"}],"version-history":[{"count":19,"href":"https:\/\/tunduktravel.kg\/fr\/wp-json\/wp\/v2\/pages\/1351\/revisions"}],"predecessor-version":[{"id":4871,"href":"https:\/\/tunduktravel.kg\/fr\/wp-json\/wp\/v2\/pages\/1351\/revisions\/4871"}],"wp:attachment":[{"href":"https:\/\/tunduktravel.kg\/fr\/wp-json\/wp\/v2\/media?parent=1351"}],"curies":[{"name":"wp","href":"https:\/\/api.w.org\/{rel}","templated":true}]}}