{"id":1321,"date":"2025-05-02T01:05:58","date_gmt":"2025-05-01T22:05:58","guid":{"rendered":"https:\/\/tunduktravel.kg\/?page_id=1321"},"modified":"2026-01-17T06:57:27","modified_gmt":"2026-01-17T03:57:27","slug":"traditional-local-beverages-2","status":"publish","type":"page","link":"https:\/\/tunduktravel.kg\/fr\/traditional-local-beverages-2\/","title":{"rendered":"Boissons locales traditionnelles"},"content":{"rendered":"<div data-elementor-type=\"wp-page\" data-elementor-id=\"1321\" class=\"elementor elementor-1321\">\n\t\t\t\t<div class=\"elementor-element elementor-element-26e9f82f e-flex e-con-boxed e-con e-parent\" data-id=\"26e9f82f\" data-element_type=\"container\" data-e-type=\"container\" data-settings=\"{&quot;background_background&quot;:&quot;classic&quot;}\">\n\t\t\t\t\t<div class=\"e-con-inner\">\n\t\t\t\t<div class=\"elementor-element elementor-element-396d5940 elementor-widget elementor-widget-heading\" data-id=\"396d5940\" data-element_type=\"widget\" data-e-type=\"widget\" data-widget_type=\"heading.default\">\n\t\t\t\t<div class=\"elementor-widget-container\">\n\t\t\t\t\t<h1 class=\"elementor-heading-title elementor-size-default\">Boissons locales traditionnelles\n\n<\/h1>\t\t\t\t<\/div>\n\t\t\t\t<\/div>\n\t\t\t\t\t<\/div>\n\t\t\t\t<\/div>\n\t\t<div class=\"elementor-element elementor-element-803aaf7 e-flex e-con-boxed e-con e-parent\" data-id=\"803aaf7\" data-element_type=\"container\" data-e-type=\"container\">\n\t\t\t\t\t<div class=\"e-con-inner\">\n\t\t<div class=\"elementor-element elementor-element-dde5521 e-con-full e-flex e-con e-child\" data-id=\"dde5521\" data-element_type=\"container\" data-e-type=\"container\">\n\t\t\t\t<div class=\"elementor-element elementor-element-2a72f8e elementor-widget elementor-widget-heading\" data-id=\"2a72f8e\" data-element_type=\"widget\" data-e-type=\"widget\" data-widget_type=\"heading.default\">\n\t\t\t\t<div class=\"elementor-widget-container\">\n\t\t\t\t\t<span class=\"elementor-heading-title elementor-size-default\">En \u00e9t\u00e9, en voyageant au Kirghizistan, vous remarquerez souvent de grands tonneaux color\u00e9s install\u00e9s aux coins des rues, sur les march\u00e9s ou dans les parcs \u2014 surtout dans des villes comme Bichkek et Och. Ces tonneaux contiennent des boissons traditionnelles fra\u00eeches, consomm\u00e9es depuis des g\u00e9n\u00e9rations.\nOn trouve aussi la plupart de ces boissons en bouteille toute l\u2019ann\u00e9e dans les magasins, mais rien ne vaut leur go\u00fbt frais, directement chez un vendeur de rue.\n\nVoici les boissons locales les plus populaires :<\/span>\t\t\t\t<\/div>\n\t\t\t\t<\/div>\n\t\t<div class=\"elementor-element elementor-element-98feb8d e-con-full e-flex e-con e-child\" data-id=\"98feb8d\" data-element_type=\"container\" data-e-type=\"container\">\n\t\t<div class=\"elementor-element elementor-element-fcf3989 e-con-full e-flex e-con e-child\" data-id=\"fcf3989\" data-element_type=\"container\" data-e-type=\"container\">\n\t\t\t\t<div class=\"elementor-element elementor-element-b1bcd7a elementor-widget elementor-widget-image\" data-id=\"b1bcd7a\" data-element_type=\"widget\" data-e-type=\"widget\" data-widget_type=\"image.default\">\n\t\t\t\t<div class=\"elementor-widget-container\">\n\t\t\t\t\t\t\t\t\t\t\t\t\t\t\t<img fetchpriority=\"high\" decoding=\"async\" width=\"1920\" height=\"1280\" src=\"https:\/\/tunduktravel.kg\/wp-content\/uploads\/2026\/01\/\u043c\u0430\u043a\u0441\u044b\u043c.webp\" class=\"attachment-full size-full wp-image-4824\" alt=\"\" srcset=\"https:\/\/tunduktravel.kg\/wp-content\/uploads\/2026\/01\/\u043c\u0430\u043a\u0441\u044b\u043c.webp 1920w, https:\/\/tunduktravel.kg\/wp-content\/uploads\/2026\/01\/\u043c\u0430\u043a\u0441\u044b\u043c-300x200.webp 300w, https:\/\/tunduktravel.kg\/wp-content\/uploads\/2026\/01\/\u043c\u0430\u043a\u0441\u044b\u043c-1024x683.webp 1024w, https:\/\/tunduktravel.kg\/wp-content\/uploads\/2026\/01\/\u043c\u0430\u043a\u0441\u044b\u043c-768x512.webp 768w, https:\/\/tunduktravel.kg\/wp-content\/uploads\/2026\/01\/\u043c\u0430\u043a\u0441\u044b\u043c-1536x1024.webp 1536w\" sizes=\"(max-width: 1920px) 100vw, 1920px\" \/>\t\t\t\t\t\t\t\t\t\t\t\t\t\t\t<\/div>\n\t\t\t\t<\/div>\n\t\t\t\t<div class=\"elementor-element elementor-element-6fe9184 elementor-widget elementor-widget-heading\" data-id=\"6fe9184\" data-element_type=\"widget\" data-e-type=\"widget\" data-widget_type=\"heading.default\">\n\t\t\t\t<div class=\"elementor-widget-container\">\n\t\t\t\t\t<h5 class=\"elementor-heading-title elementor-size-default\">\ud83d\udd34 Maksym Shoro (Red Barrel)<\/h5>\t\t\t\t<\/div>\n\t\t\t\t<\/div>\n\t\t\t\t<div class=\"elementor-element elementor-element-c1d3c03 elementor-widget elementor-widget-heading\" data-id=\"c1d3c03\" data-element_type=\"widget\" data-e-type=\"widget\" data-widget_type=\"heading.default\">\n\t\t\t\t<div class=\"elementor-widget-container\">\n\t\t\t\t\t<span class=\"elementor-heading-title elementor-size-default\">Cette boisson fonc\u00e9e, l\u00e9g\u00e8rement acidul\u00e9e, est pr\u00e9par\u00e9e \u00e0 base de bl\u00e9 ferment\u00e9 et fait partie des plus anciennes boissons traditionnelles nomades. Riche en fibres et tr\u00e8s nourrissante, le maksym \u00e9tait autrefois utilis\u00e9 par les bergers et les voyageurs comme substitut de repas lorsque la nourriture se faisait rare.\nL\u00e9g\u00e8rement p\u00e9tillant, au go\u00fbt sal\u00e9-acide et c\u00e9r\u00e9aliers, il est tr\u00e8s appr\u00e9ci\u00e9 des habitants.\n? Astuce : il est \u00e9galement excellent pour la digestion.\n\n<\/span>\t\t\t\t<\/div>\n\t\t\t\t<\/div>\n\t\t\t\t<\/div>\n\t\t<div class=\"elementor-element elementor-element-649df39 e-con-full e-flex e-con e-child\" data-id=\"649df39\" data-element_type=\"container\" data-e-type=\"container\">\n\t\t\t\t<div class=\"elementor-element elementor-element-8d93865 elementor-widget elementor-widget-image\" data-id=\"8d93865\" data-element_type=\"widget\" data-e-type=\"widget\" data-widget_type=\"image.default\">\n\t\t\t\t<div class=\"elementor-widget-container\">\n\t\t\t\t\t\t\t\t\t\t\t\t\t\t\t<img decoding=\"async\" width=\"1920\" height=\"1280\" src=\"https:\/\/tunduktravel.kg\/wp-content\/uploads\/2026\/01\/\u0447\u0430\u043b\u0430\u043f.webp\" class=\"attachment-full size-full wp-image-4821\" alt=\"\" srcset=\"https:\/\/tunduktravel.kg\/wp-content\/uploads\/2026\/01\/\u0447\u0430\u043b\u0430\u043f.webp 1920w, https:\/\/tunduktravel.kg\/wp-content\/uploads\/2026\/01\/\u0447\u0430\u043b\u0430\u043f-300x200.webp 300w, https:\/\/tunduktravel.kg\/wp-content\/uploads\/2026\/01\/\u0447\u0430\u043b\u0430\u043f-1024x683.webp 1024w, https:\/\/tunduktravel.kg\/wp-content\/uploads\/2026\/01\/\u0447\u0430\u043b\u0430\u043f-768x512.webp 768w, https:\/\/tunduktravel.kg\/wp-content\/uploads\/2026\/01\/\u0447\u0430\u043b\u0430\u043f-1536x1024.webp 1536w\" sizes=\"(max-width: 1920px) 100vw, 1920px\" \/>\t\t\t\t\t\t\t\t\t\t\t\t\t\t\t<\/div>\n\t\t\t\t<\/div>\n\t\t\t\t<div class=\"elementor-element elementor-element-ed98320 elementor-widget elementor-widget-heading\" data-id=\"ed98320\" data-element_type=\"widget\" data-e-type=\"widget\" data-widget_type=\"heading.default\">\n\t\t\t\t<div class=\"elementor-widget-container\">\n\t\t\t\t\t<h5 class=\"elementor-heading-title elementor-size-default\">\ud83d\udd35 Chalap Shoro (Blue Barrel)<\/h5>\t\t\t\t<\/div>\n\t\t\t\t<\/div>\n\t\t\t\t<div class=\"elementor-element elementor-element-a3dbcf8 elementor-widget elementor-widget-heading\" data-id=\"a3dbcf8\" data-element_type=\"widget\" data-e-type=\"widget\" data-widget_type=\"heading.default\">\n\t\t\t\t<div class=\"elementor-widget-container\">\n\t\t\t\t\t<span class=\"elementor-heading-title elementor-size-default\">Proche de l\u2019ayran turc ou du k\u00e9fir, le chalap est pr\u00e9par\u00e9 \u00e0 partir de yaourt ferment\u00e9 m\u00e9lang\u00e9 \u00e0 de l\u2019eau, du sel et parfois des herbes. L\u00e9g\u00e8rement p\u00e9tillant et acidul\u00e9, il est extr\u00eamement rafra\u00eechissant pendant les journ\u00e9es chaudes.\nLes locaux le boivent pour se rafra\u00eechir, s\u2019hydrater et faciliter la digestion.<\/span>\t\t\t\t<\/div>\n\t\t\t\t<\/div>\n\t\t\t\t<\/div>\n\t\t<div class=\"elementor-element elementor-element-81ad8ec e-con-full e-flex e-con e-child\" data-id=\"81ad8ec\" data-element_type=\"container\" data-e-type=\"container\">\n\t\t\t\t<div class=\"elementor-element elementor-element-e6c3352 elementor-widget elementor-widget-image\" data-id=\"e6c3352\" data-element_type=\"widget\" data-e-type=\"widget\" data-widget_type=\"image.default\">\n\t\t\t\t<div class=\"elementor-widget-container\">\n\t\t\t\t\t\t\t\t\t\t\t\t\t\t\t<img decoding=\"async\" width=\"1920\" height=\"1280\" src=\"https:\/\/tunduktravel.kg\/wp-content\/uploads\/2026\/01\/\u043a\u0432\u0430\u0441.webp\" class=\"attachment-full size-full wp-image-4823\" alt=\"\" srcset=\"https:\/\/tunduktravel.kg\/wp-content\/uploads\/2026\/01\/\u043a\u0432\u0430\u0441.webp 1920w, https:\/\/tunduktravel.kg\/wp-content\/uploads\/2026\/01\/\u043a\u0432\u0430\u0441-300x200.webp 300w, https:\/\/tunduktravel.kg\/wp-content\/uploads\/2026\/01\/\u043a\u0432\u0430\u0441-1024x683.webp 1024w, https:\/\/tunduktravel.kg\/wp-content\/uploads\/2026\/01\/\u043a\u0432\u0430\u0441-768x512.webp 768w, https:\/\/tunduktravel.kg\/wp-content\/uploads\/2026\/01\/\u043a\u0432\u0430\u0441-1536x1024.webp 1536w\" sizes=\"(max-width: 1920px) 100vw, 1920px\" \/>\t\t\t\t\t\t\t\t\t\t\t\t\t\t\t<\/div>\n\t\t\t\t<\/div>\n\t\t\t\t<div class=\"elementor-element elementor-element-17454ee elementor-widget elementor-widget-heading\" data-id=\"17454ee\" data-element_type=\"widget\" data-e-type=\"widget\" data-widget_type=\"heading.default\">\n\t\t\t\t<div class=\"elementor-widget-container\">\n\t\t\t\t\t<h5 class=\"elementor-heading-title elementor-size-default\"><img decoding=\"async\" role=\"img\" class=\"emoji\" alt=\"\ud83d\udfe4\" src=\"https:\/\/s.w.org\/images\/core\/emoji\/17.0.2\/svg\/1f7e4.svg\">  Kvass Shoro (tonneau marron)<\/h5>\t\t\t\t<\/div>\n\t\t\t\t<\/div>\n\t\t\t\t<div class=\"elementor-element elementor-element-657f512 elementor-widget elementor-widget-heading\" data-id=\"657f512\" data-element_type=\"widget\" data-e-type=\"widget\" data-widget_type=\"heading.default\">\n\t\t\t\t<div class=\"elementor-widget-container\">\n\t\t\t\t\t<span class=\"elementor-heading-title elementor-size-default\">Bien que le kvass ne soit pas d\u2019origine kirghize, cette boisson venue de Russie s\u2019est popularis\u00e9e durant la p\u00e9riode sovi\u00e9tique. Elle est fabriqu\u00e9e \u00e0 partir de pain de seigle ferment\u00e9 et rappelle l\u00e9g\u00e8rement une bi\u00e8re sans alcool, avec une saveur douce et acidul\u00e9e.\nC\u2019est une boisson estivale tr\u00e8s appr\u00e9ci\u00e9e \u2014 m\u00eame les enfants en raffolent.\n\n<\/span>\t\t\t\t<\/div>\n\t\t\t\t<\/div>\n\t\t\t\t<\/div>\n\t\t\t\t<\/div>\n\t\t\t\t<\/div>\n\t\t\t\t\t<\/div>\n\t\t\t\t<\/div>\n\t\t<div class=\"elementor-element elementor-element-6a1e869d e-flex e-con-boxed e-con e-parent\" data-id=\"6a1e869d\" data-element_type=\"container\" data-e-type=\"container\" data-settings=\"{&quot;background_background&quot;:&quot;classic&quot;}\">\n\t\t\t\t\t<div class=\"e-con-inner\">\n\t\t\t\t<div class=\"elementor-element elementor-element-34a5d0ac elementor-widget elementor-widget-heading\" data-id=\"34a5d0ac\" data-element_type=\"widget\" data-e-type=\"widget\" data-widget_type=\"heading.default\">\n\t\t\t\t<div class=\"elementor-widget-container\">\n\t\t\t\t\t<h2 class=\"elementor-heading-title elementor-size-default\">Donnez vie \u00e0 votre aventure\n<\/h2>\t\t\t\t<\/div>\n\t\t\t\t<\/div>\n\t\t\t\t<div class=\"elementor-element elementor-element-50aa74f9 elementor-align-justify elementor-widget elementor-widget-button\" data-id=\"50aa74f9\" data-element_type=\"widget\" data-e-type=\"widget\" data-widget_type=\"button.default\">\n\t\t\t\t<div class=\"elementor-widget-container\">\n\t\t\t\t\t\t\t\t\t<div class=\"elementor-button-wrapper\">\n\t\t\t\t\t<a class=\"elementor-button elementor-button-link elementor-size-sm\" href=\"https:\/\/tunduktravel.kg\/fr\/contact\/\">\n\t\t\t\t\t\t<span class=\"elementor-button-content-wrapper\">\n\t\t\t\t\t\t\t\t\t<span class=\"elementor-button-text\">Contactez-nous<\/span>\n\t\t\t\t\t<\/span>\n\t\t\t\t\t<\/a>\n\t\t\t\t<\/div>\n\t\t\t\t\t\t\t\t<\/div>\n\t\t\t\t<\/div>\n\t\t\t\t\t<\/div>\n\t\t\t\t<\/div>\n\t\t\t\t<\/div>","protected":false},"excerpt":{"rendered":"<p>Traditional Local Beverages When exploring Kyrgyzstan in the summer, you\u2019ll often see colorful barrels on street corners, markets, or parks [&hellip;]<\/p>\n","protected":false},"author":2,"featured_media":0,"parent":0,"menu_order":0,"comment_status":"closed","ping_status":"closed","template":"","meta":{"site-sidebar-layout":"no-sidebar","site-content-layout":"","ast-site-content-layout":"full-width-container","site-content-style":"default","site-sidebar-style":"default","ast-global-header-display":"","ast-banner-title-visibility":"","ast-main-header-display":"","ast-hfb-above-header-display":"","ast-hfb-below-header-display":"","ast-hfb-mobile-header-display":"","site-post-title":"disabled","ast-breadcrumbs-content":"","ast-featured-img":"disabled","footer-sml-layout":"","ast-disable-related-posts":"","theme-transparent-header-meta":"","adv-header-id-meta":"","stick-header-meta":"","header-above-stick-meta":"","header-main-stick-meta":"","header-below-stick-meta":"","astra-migrate-meta-layouts":"default","ast-page-background-enabled":"default","ast-page-background-meta":{"desktop":{"background-color":"var(--ast-global-color-4)","background-image":"","background-repeat":"repeat","background-position":"center center","background-size":"auto","background-attachment":"scroll","background-type":"","background-media":"","overlay-type":"","overlay-color":"","overlay-opacity":"","overlay-gradient":""},"tablet":{"background-color":"","background-image":"","background-repeat":"repeat","background-position":"center center","background-size":"auto","background-attachment":"scroll","background-type":"","background-media":"","overlay-type":"","overlay-color":"","overlay-opacity":"","overlay-gradient":""},"mobile":{"background-color":"","background-image":"","background-repeat":"repeat","background-position":"center center","background-size":"auto","background-attachment":"scroll","background-type":"","background-media":"","overlay-type":"","overlay-color":"","overlay-opacity":"","overlay-gradient":""}},"ast-content-background-meta":{"desktop":{"background-color":"var(--ast-global-color-5)","background-image":"","background-repeat":"repeat","background-position":"center center","background-size":"auto","background-attachment":"scroll","background-type":"","background-media":"","overlay-type":"","overlay-color":"","overlay-opacity":"","overlay-gradient":""},"tablet":{"background-color":"var(--ast-global-color-5)","background-image":"","background-repeat":"repeat","background-position":"center center","background-size":"auto","background-attachment":"scroll","background-type":"","background-media":"","overlay-type":"","overlay-color":"","overlay-opacity":"","overlay-gradient":""},"mobile":{"background-color":"var(--ast-global-color-5)","background-image":"","background-repeat":"repeat","background-position":"center center","background-size":"auto","background-attachment":"scroll","background-type":"","background-media":"","overlay-type":"","overlay-color":"","overlay-opacity":"","overlay-gradient":""}},"footnotes":""},"class_list":["post-1321","page","type-page","status-publish","hentry"],"_links":{"self":[{"href":"https:\/\/tunduktravel.kg\/fr\/wp-json\/wp\/v2\/pages\/1321","targetHints":{"allow":["GET"]}}],"collection":[{"href":"https:\/\/tunduktravel.kg\/fr\/wp-json\/wp\/v2\/pages"}],"about":[{"href":"https:\/\/tunduktravel.kg\/fr\/wp-json\/wp\/v2\/types\/page"}],"author":[{"embeddable":true,"href":"https:\/\/tunduktravel.kg\/fr\/wp-json\/wp\/v2\/users\/2"}],"replies":[{"embeddable":true,"href":"https:\/\/tunduktravel.kg\/fr\/wp-json\/wp\/v2\/comments?post=1321"}],"version-history":[{"count":19,"href":"https:\/\/tunduktravel.kg\/fr\/wp-json\/wp\/v2\/pages\/1321\/revisions"}],"predecessor-version":[{"id":4831,"href":"https:\/\/tunduktravel.kg\/fr\/wp-json\/wp\/v2\/pages\/1321\/revisions\/4831"}],"wp:attachment":[{"href":"https:\/\/tunduktravel.kg\/fr\/wp-json\/wp\/v2\/media?parent=1321"}],"curies":[{"name":"wp","href":"https:\/\/api.w.org\/{rel}","templated":true}]}}