{"id":1286,"date":"2025-05-01T22:34:29","date_gmt":"2025-05-01T19:34:29","guid":{"rendered":"https:\/\/tunduktravel.kg\/?page_id=1286"},"modified":"2026-01-16T17:12:17","modified_gmt":"2026-01-16T14:12:17","slug":"climate-and-weather-in-kyrgyzstan","status":"publish","type":"page","link":"https:\/\/tunduktravel.kg\/fr\/climate-and-weather-in-kyrgyzstan\/","title":{"rendered":"Climat et m\u00e9t\u00e9o au Kirghizistan"},"content":{"rendered":"<div data-elementor-type=\"wp-page\" data-elementor-id=\"1286\" class=\"elementor elementor-1286\">\n\t\t\t\t<div class=\"elementor-element elementor-element-64376cf7 e-flex e-con-boxed e-con e-parent\" data-id=\"64376cf7\" data-element_type=\"container\" data-e-type=\"container\" data-settings=\"{&quot;background_background&quot;:&quot;classic&quot;}\">\n\t\t\t\t\t<div class=\"e-con-inner\">\n\t\t\t\t<div class=\"elementor-element elementor-element-35aab8c9 elementor-widget elementor-widget-heading\" data-id=\"35aab8c9\" data-element_type=\"widget\" data-e-type=\"widget\" data-widget_type=\"heading.default\">\n\t\t\t\t<div class=\"elementor-widget-container\">\n\t\t\t\t\t<h1 class=\"elementor-heading-title elementor-size-default\">Climat et m\u00e9t\u00e9o au Kirghizistan<\/h1>\t\t\t\t<\/div>\n\t\t\t\t<\/div>\n\t\t\t\t\t<\/div>\n\t\t\t\t<\/div>\n\t\t<div class=\"elementor-element elementor-element-2262e25 e-flex e-con-boxed e-con e-parent\" data-id=\"2262e25\" data-element_type=\"container\" data-e-type=\"container\">\n\t\t\t\t\t<div class=\"e-con-inner\">\n\t\t<div class=\"elementor-element elementor-element-b606c4d e-con-full e-flex e-con e-child\" data-id=\"b606c4d\" data-element_type=\"container\" data-e-type=\"container\">\n\t\t\t\t<div class=\"elementor-element elementor-element-db1b754 elementor-widget elementor-widget-heading\" data-id=\"db1b754\" data-element_type=\"widget\" data-e-type=\"widget\" data-widget_type=\"heading.default\">\n\t\t\t\t<div class=\"elementor-widget-container\">\n\t\t\t\t\t<span class=\"elementor-heading-title elementor-size-default\">Situ\u00e9 au c\u0153ur de l\u2019Asie centrale et entour\u00e9 de hautes montagnes, le Kirghizistan poss\u00e8de un climat fortement continental. Cela se traduit par des \u00e9t\u00e9s chauds, des hivers froids et de fortes variations de temp\u00e9rature entre le jour et la nuit.<\/span>\t\t\t\t<\/div>\n\t\t\t\t<\/div>\n\t\t\t\t<div class=\"elementor-element elementor-element-82762b2 elementor-widget elementor-widget-heading\" data-id=\"82762b2\" data-element_type=\"widget\" data-e-type=\"widget\" data-widget_type=\"heading.default\">\n\t\t\t\t<div class=\"elementor-widget-container\">\n\t\t\t\t\t<h6 class=\"elementor-heading-title elementor-size-default\">Un pays tr\u00e8s ensoleill\u00e9<\/h6>\t\t\t\t<\/div>\n\t\t\t\t<\/div>\n\t\t\t\t<div class=\"elementor-element elementor-element-f4ac515 elementor-widget elementor-widget-text-editor\" data-id=\"f4ac515\" data-element_type=\"widget\" data-e-type=\"widget\" data-widget_type=\"text-editor.default\">\n\t\t\t\t<div class=\"elementor-widget-container\">\n\t\t\t\t\t\t\t\t\t<p class=\"translation-block\">Avec plus de 240 jours de soleil par an, le Kirghizistan est une destination id\u00e9ale pour les voyageurs qui appr\u00e9cient le ciel d\u00e9gag\u00e9 et le beau temps. Les quatre saisons \u2014 hiver, printemps, \u00e9t\u00e9 et automne \u2014 y sont nettement marqu\u00e9es.<\/p>\t\t\t\t\t\t\t\t<\/div>\n\t\t\t\t<\/div>\n\t\t\t\t<div class=\"elementor-element elementor-element-5bedac5 elementor-widget elementor-widget-heading\" data-id=\"5bedac5\" data-element_type=\"widget\" data-e-type=\"widget\" data-widget_type=\"heading.default\">\n\t\t\t\t<div class=\"elementor-widget-container\">\n\t\t\t\t\t<h6 class=\"elementor-heading-title elementor-size-default\">\u00c9t\u00e9 : chaud dans les vall\u00e9es, frais en montagne<\/h6>\t\t\t\t<\/div>\n\t\t\t\t<\/div>\n\t\t\t\t<div class=\"elementor-element elementor-element-a5e7bc1 elementor-widget elementor-widget-text-editor\" data-id=\"a5e7bc1\" data-element_type=\"widget\" data-e-type=\"widget\" data-widget_type=\"text-editor.default\">\n\t\t\t\t<div class=\"elementor-widget-container\">\n\t\t\t\t\t\t\t\t\t<ul data-start=\"853\" data-end=\"1284\"><li class=\"\" data-start=\"853\" data-end=\"953\"><p class=\"translation-block\" data-start=\"855\" data-end=\"953\">Dans les plaines et les vall\u00e9es (comme \u00e0 Bichkek), les temp\u00e9ratures estivales peuvent atteindre +36 \u00e0 +40 \u00b0C.<\/p><\/li><li class=\"\" data-start=\"954\" data-end=\"1104\"><p class=\"translation-block\" data-start=\"956\" data-end=\"1104\">Cependant, l\u2019air \u00e9tant tr\u00e8s sec (l\u2019Asie centrale est l\u2019une des r\u00e9gions les plus \u00e9loign\u00e9es des oc\u00e9ans), la chaleur est g\u00e9n\u00e9ralement plus supportable que dans les climats humides.<\/p><\/li><li class=\"\" data-start=\"1105\" data-end=\"1284\"><p class=\"translation-block\" data-start=\"1107\" data-end=\"1284\">En revanche, les r\u00e9gions montagneuses restent fra\u00eeches m\u00eame en juillet et en ao\u00fbt. En haute altitude, les temp\u00e9ratures peuvent descendre \u00e0 +5 \u00e0 +11 \u00b0C, avec des averses soudaines, voire de la neige occasionnelle.<\/p><\/li><\/ul><p class=\"\" data-start=\"1286\" data-end=\"1314\">Temp\u00e9ratures moyennes en \u00e9t\u00e9 :<\/p><ul data-start=\"1315\" data-end=\"1411\"><li class=\"\" data-start=\"1315\" data-end=\"1346\"><p class=\"\" data-start=\"1317\" data-end=\"1346\"><strong data-start=\"1317\" data-end=\"1328\">Vall\u00e9es<\/strong>: +15 \u00b0C \u00e0 +27 \u00b0C<\/p><\/li><li class=\"\" data-start=\"1347\" data-end=\"1380\"><p class=\"\" data-start=\"1349\" data-end=\"1380\"><strong data-start=\"1349\" data-end=\"1362\">Contreforts<\/strong>: +10 \u00b0C \u00e0 +24 \u00b0C<\/p><\/li><li class=\"\" data-start=\"1381\" data-end=\"1411\"><p class=\"\" data-start=\"1383\" data-end=\"1411\"><strong data-start=\"1383\" data-end=\"1396\">Montagnes<\/strong>: +5 \u00b0C \u00e0 +11 \u00b0C<\/p><\/li><\/ul>\t\t\t\t\t\t\t\t<\/div>\n\t\t\t\t<\/div>\n\t\t\t\t<div class=\"elementor-element elementor-element-0c2dbbe elementor-widget elementor-widget-heading\" data-id=\"0c2dbbe\" data-element_type=\"widget\" data-e-type=\"widget\" data-widget_type=\"heading.default\">\n\t\t\t\t<div class=\"elementor-widget-container\">\n\t\t\t\t\t<h6 class=\"elementor-heading-title elementor-size-default\">Hiver : froid et enneig\u00e9<\/h6>\t\t\t\t<\/div>\n\t\t\t\t<\/div>\n\t\t\t\t<div class=\"elementor-element elementor-element-6ae4e38 elementor-widget elementor-widget-text-editor\" data-id=\"6ae4e38\" data-element_type=\"widget\" data-e-type=\"widget\" data-widget_type=\"text-editor.default\">\n\t\t\t\t<div class=\"elementor-widget-container\">\n\t\t\t\t\t\t\t\t\t<ul data-start=\"1454\" data-end=\"1700\"><li class=\"\" data-start=\"1454\" data-end=\"1557\"><p class=\"translation-block\" data-start=\"1456\" data-end=\"1557\">L\u2019hiver apporte d\u2019importantes chutes de neige, surtout en montagne \u2014 des conditions id\u00e9ales pour le ski et les randonn\u00e9es hivernales.<\/p><\/li><li class=\"\" data-start=\"1558\" data-end=\"1700\"><p class=\"translation-block\" data-start=\"1560\" data-end=\"1700\">En janvier, les temp\u00e9ratures moyennes varient de -1 \u00b0C \u00e0 -8 \u00b0C dans les vall\u00e9es et peuvent descendre jusqu\u2019\u00e0 -18 \u00b0C \u00e0 -27 \u00b0C en altitude.<\/p><\/li><\/ul>\t\t\t\t\t\t\t\t<\/div>\n\t\t\t\t<\/div>\n\t\t\t\t<div class=\"elementor-element elementor-element-5843547 elementor-widget elementor-widget-heading\" data-id=\"5843547\" data-element_type=\"widget\" data-e-type=\"widget\" data-widget_type=\"heading.default\">\n\t\t\t\t<div class=\"elementor-widget-container\">\n\t\t\t\t\t<h6 class=\"elementor-heading-title elementor-size-default\">Que porter ?\n<\/h6>\t\t\t\t<\/div>\n\t\t\t\t<\/div>\n\t\t\t\t<div class=\"elementor-element elementor-element-03d8246 elementor-widget elementor-widget-text-editor\" data-id=\"03d8246\" data-element_type=\"widget\" data-e-type=\"widget\" data-widget_type=\"text-editor.default\">\n\t\t\t\t<div class=\"elementor-widget-container\">\n\t\t\t\t\t\t\t\t\t<ul><li class=\"\" data-start=\"1733\" data-end=\"1955\"><p class=\"translation-block\" data-start=\"1735\" data-end=\"1955\">En \u00e9t\u00e9 :\nDes v\u00eatements l\u00e9gers en coton, des sandales, des lunettes de soleil et un chapeau sont recommand\u00e9s. Les shorts et t-shirts sont courants et bien accept\u00e9s. En revanche, une tenue plus modeste est requise lors de la visite de mosqu\u00e9es ou de sites religieux.<\/p><\/li><li class=\"\" data-start=\"1956\" data-end=\"2101\"><p class=\"translation-block\" data-start=\"1958\" data-end=\"2101\">En montagne (m\u00eame en \u00e9t\u00e9) :\nPr\u00e9voyez toujours une veste chaude, un pantalon long et des chaussures solides. Les temp\u00e9ratures chutent rapidement, surtout la nuit.<\/p><\/li><li class=\"\" data-start=\"2102\" data-end=\"2241\"><p class=\"translation-block\" data-start=\"2104\" data-end=\"2241\">En hiver :\nEmportez des v\u00eatements chauds en couches, des gants, une veste d\u2019hiver et des chaussures imperm\u00e9ables \u2014 aussi bien pour les villes que pour les zones montagneuses.<\/p><\/li><\/ul>\t\t\t\t\t\t\t\t<\/div>\n\t\t\t\t<\/div>\n\t\t\t\t<div class=\"elementor-element elementor-element-d6f7c0e elementor-widget elementor-widget-heading\" data-id=\"d6f7c0e\" data-element_type=\"widget\" data-e-type=\"widget\" data-widget_type=\"heading.default\">\n\t\t\t\t<div class=\"elementor-widget-container\">\n\t\t\t\t\t<span class=\"elementor-heading-title elementor-size-default\">Le climat contrast\u00e9 du Kirghizistan fait partie de son charme : sommets enneig\u00e9s, vall\u00e9es ensoleill\u00e9es, air pur de montagne et saisons bien marqu\u00e9es. Que vous veniez pour la randonn\u00e9e, le ski ou la d\u00e9couverte culturelle, \u00eatre bien pr\u00e9par\u00e9 \u00e0 la m\u00e9t\u00e9o rendra votre voyage encore plus agr\u00e9able.<\/span>\t\t\t\t<\/div>\n\t\t\t\t<\/div>\n\t\t\t\t<\/div>\n\t\t\t\t\t<\/div>\n\t\t\t\t<\/div>\n\t\t<div class=\"elementor-element elementor-element-1baed82 e-flex e-con-boxed e-con e-parent\" data-id=\"1baed82\" data-element_type=\"container\" data-e-type=\"container\">\n\t\t\t\t\t<div class=\"e-con-inner\">\n\t\t<div class=\"elementor-element elementor-element-033ff8a e-con-full e-flex e-con e-child\" data-id=\"033ff8a\" data-element_type=\"container\" data-e-type=\"container\">\n\t\t<div class=\"elementor-element elementor-element-a70c919 e-con-full e-flex e-con e-child\" data-id=\"a70c919\" data-element_type=\"container\" data-e-type=\"container\">\n\t\t\t\t<div class=\"elementor-element elementor-element-65a77f8 elementor-widget elementor-widget-image\" data-id=\"65a77f8\" data-element_type=\"widget\" data-e-type=\"widget\" data-widget_type=\"image.default\">\n\t\t\t\t<div class=\"elementor-widget-container\">\n\t\t\t\t\t\t\t\t\t\t\t\t\t\t\t<img fetchpriority=\"high\" decoding=\"async\" width=\"1080\" height=\"1920\" src=\"https:\/\/tunduktravel.kg\/wp-content\/uploads\/2026\/01\/aziza-timurova-GEjEgRoHUaY-unsplash.webp\" class=\"attachment-full size-full wp-image-4644\" alt=\"\" srcset=\"https:\/\/tunduktravel.kg\/wp-content\/uploads\/2026\/01\/aziza-timurova-GEjEgRoHUaY-unsplash.webp 1080w, https:\/\/tunduktravel.kg\/wp-content\/uploads\/2026\/01\/aziza-timurova-GEjEgRoHUaY-unsplash-169x300.webp 169w, https:\/\/tunduktravel.kg\/wp-content\/uploads\/2026\/01\/aziza-timurova-GEjEgRoHUaY-unsplash-576x1024.webp 576w, https:\/\/tunduktravel.kg\/wp-content\/uploads\/2026\/01\/aziza-timurova-GEjEgRoHUaY-unsplash-768x1365.webp 768w, https:\/\/tunduktravel.kg\/wp-content\/uploads\/2026\/01\/aziza-timurova-GEjEgRoHUaY-unsplash-864x1536.webp 864w\" sizes=\"(max-width: 1080px) 100vw, 1080px\" \/>\t\t\t\t\t\t\t\t\t\t\t\t\t\t\t<\/div>\n\t\t\t\t<\/div>\n\t\t\t\t<\/div>\n\t\t<div class=\"elementor-element elementor-element-c6038b2 e-con-full e-flex e-con e-child\" data-id=\"c6038b2\" data-element_type=\"container\" data-e-type=\"container\">\n\t\t\t\t<div class=\"elementor-element elementor-element-06f13fb elementor-widget elementor-widget-image\" data-id=\"06f13fb\" data-element_type=\"widget\" data-e-type=\"widget\" data-widget_type=\"image.default\">\n\t\t\t\t<div class=\"elementor-widget-container\">\n\t\t\t\t\t\t\t\t\t\t\t\t\t\t\t<img decoding=\"async\" width=\"1920\" height=\"1280\" src=\"https:\/\/tunduktravel.kg\/wp-content\/uploads\/2026\/01\/collab-media-Le6dN1AimG4-unsplash.webp\" class=\"attachment-full size-full wp-image-4645\" alt=\"\" srcset=\"https:\/\/tunduktravel.kg\/wp-content\/uploads\/2026\/01\/collab-media-Le6dN1AimG4-unsplash.webp 1920w, https:\/\/tunduktravel.kg\/wp-content\/uploads\/2026\/01\/collab-media-Le6dN1AimG4-unsplash-300x200.webp 300w, https:\/\/tunduktravel.kg\/wp-content\/uploads\/2026\/01\/collab-media-Le6dN1AimG4-unsplash-1024x683.webp 1024w, https:\/\/tunduktravel.kg\/wp-content\/uploads\/2026\/01\/collab-media-Le6dN1AimG4-unsplash-768x512.webp 768w, https:\/\/tunduktravel.kg\/wp-content\/uploads\/2026\/01\/collab-media-Le6dN1AimG4-unsplash-1536x1024.webp 1536w\" sizes=\"(max-width: 1920px) 100vw, 1920px\" \/>\t\t\t\t\t\t\t\t\t\t\t\t\t\t\t<\/div>\n\t\t\t\t<\/div>\n\t\t\t\t<\/div>\n\t\t<div class=\"elementor-element elementor-element-7c1b2b7 e-con-full e-flex e-con e-child\" data-id=\"7c1b2b7\" data-element_type=\"container\" data-e-type=\"container\">\n\t\t\t\t<div class=\"elementor-element elementor-element-7e962bc elementor-widget elementor-widget-image\" data-id=\"7e962bc\" data-element_type=\"widget\" data-e-type=\"widget\" data-widget_type=\"image.default\">\n\t\t\t\t<div class=\"elementor-widget-container\">\n\t\t\t\t\t\t\t\t\t\t\t\t\t\t\t<img decoding=\"async\" width=\"1536\" height=\"1920\" src=\"https:\/\/tunduktravel.kg\/wp-content\/uploads\/2026\/01\/adilet-asilbekov-KYZkGgRiNi4-unsplash.webp\" class=\"attachment-full size-full wp-image-4646\" alt=\"\" srcset=\"https:\/\/tunduktravel.kg\/wp-content\/uploads\/2026\/01\/adilet-asilbekov-KYZkGgRiNi4-unsplash.webp 1536w, https:\/\/tunduktravel.kg\/wp-content\/uploads\/2026\/01\/adilet-asilbekov-KYZkGgRiNi4-unsplash-240x300.webp 240w, https:\/\/tunduktravel.kg\/wp-content\/uploads\/2026\/01\/adilet-asilbekov-KYZkGgRiNi4-unsplash-819x1024.webp 819w, https:\/\/tunduktravel.kg\/wp-content\/uploads\/2026\/01\/adilet-asilbekov-KYZkGgRiNi4-unsplash-768x960.webp 768w, https:\/\/tunduktravel.kg\/wp-content\/uploads\/2026\/01\/adilet-asilbekov-KYZkGgRiNi4-unsplash-1229x1536.webp 1229w\" sizes=\"(max-width: 1536px) 100vw, 1536px\" \/>\t\t\t\t\t\t\t\t\t\t\t\t\t\t\t<\/div>\n\t\t\t\t<\/div>\n\t\t\t\t<\/div>\n\t\t<div class=\"elementor-element elementor-element-ecddc50 e-con-full e-flex e-con e-child\" data-id=\"ecddc50\" data-element_type=\"container\" data-e-type=\"container\">\n\t\t\t\t<div class=\"elementor-element elementor-element-b3bcb23 elementor-widget elementor-widget-image\" data-id=\"b3bcb23\" data-element_type=\"widget\" data-e-type=\"widget\" data-widget_type=\"image.default\">\n\t\t\t\t<div class=\"elementor-widget-container\">\n\t\t\t\t\t\t\t\t\t\t\t\t\t\t\t<img loading=\"lazy\" decoding=\"async\" width=\"1920\" height=\"1281\" src=\"https:\/\/tunduktravel.kg\/wp-content\/uploads\/2026\/01\/IMG_1783.webp\" class=\"attachment-full size-full wp-image-3432\" alt=\"\" srcset=\"https:\/\/tunduktravel.kg\/wp-content\/uploads\/2026\/01\/IMG_1783.webp 1920w, https:\/\/tunduktravel.kg\/wp-content\/uploads\/2026\/01\/IMG_1783-300x200.webp 300w, https:\/\/tunduktravel.kg\/wp-content\/uploads\/2026\/01\/IMG_1783-1024x683.webp 1024w, https:\/\/tunduktravel.kg\/wp-content\/uploads\/2026\/01\/IMG_1783-768x512.webp 768w, https:\/\/tunduktravel.kg\/wp-content\/uploads\/2026\/01\/IMG_1783-1536x1025.webp 1536w\" sizes=\"(max-width: 1920px) 100vw, 1920px\" \/>\t\t\t\t\t\t\t\t\t\t\t\t\t\t\t<\/div>\n\t\t\t\t<\/div>\n\t\t\t\t<\/div>\n\t\t\t\t<\/div>\n\t\t\t\t\t<\/div>\n\t\t\t\t<\/div>\n\t\t<div class=\"elementor-element elementor-element-6fde80f0 e-flex e-con-boxed e-con e-parent\" data-id=\"6fde80f0\" data-element_type=\"container\" data-e-type=\"container\" data-settings=\"{&quot;background_background&quot;:&quot;classic&quot;}\">\n\t\t\t\t\t<div class=\"e-con-inner\">\n\t\t\t\t<div class=\"elementor-element elementor-element-689aad7e elementor-widget elementor-widget-heading\" data-id=\"689aad7e\" data-element_type=\"widget\" data-e-type=\"widget\" data-widget_type=\"heading.default\">\n\t\t\t\t<div class=\"elementor-widget-container\">\n\t\t\t\t\t<h2 class=\"elementor-heading-title elementor-size-default\">Donnez vie \u00e0 votre aventure\n<\/h2>\t\t\t\t<\/div>\n\t\t\t\t<\/div>\n\t\t\t\t<div class=\"elementor-element elementor-element-63827682 elementor-align-justify elementor-widget elementor-widget-button\" data-id=\"63827682\" data-element_type=\"widget\" data-e-type=\"widget\" data-widget_type=\"button.default\">\n\t\t\t\t<div class=\"elementor-widget-container\">\n\t\t\t\t\t\t\t\t\t<div class=\"elementor-button-wrapper\">\n\t\t\t\t\t<a class=\"elementor-button elementor-button-link elementor-size-sm\" href=\"https:\/\/tunduktravel.kg\/fr\/contact\/\">\n\t\t\t\t\t\t<span class=\"elementor-button-content-wrapper\">\n\t\t\t\t\t\t\t\t\t<span class=\"elementor-button-text\">Contactez-nous<\/span>\n\t\t\t\t\t<\/span>\n\t\t\t\t\t<\/a>\n\t\t\t\t<\/div>\n\t\t\t\t\t\t\t\t<\/div>\n\t\t\t\t<\/div>\n\t\t\t\t\t<\/div>\n\t\t\t\t<\/div>\n\t\t\t\t<\/div>","protected":false},"excerpt":{"rendered":"<p>Climate and Weather in Kyrgyzstan Kyrgyzstan, located in the heart of Central Asia and surrounded by towering mountains, has a [&hellip;]<\/p>\n","protected":false},"author":2,"featured_media":0,"parent":0,"menu_order":0,"comment_status":"closed","ping_status":"closed","template":"","meta":{"site-sidebar-layout":"no-sidebar","site-content-layout":"","ast-site-content-layout":"full-width-container","site-content-style":"default","site-sidebar-style":"default","ast-global-header-display":"","ast-banner-title-visibility":"","ast-main-header-display":"","ast-hfb-above-header-display":"","ast-hfb-below-header-display":"","ast-hfb-mobile-header-display":"","site-post-title":"disabled","ast-breadcrumbs-content":"","ast-featured-img":"disabled","footer-sml-layout":"","ast-disable-related-posts":"","theme-transparent-header-meta":"","adv-header-id-meta":"","stick-header-meta":"","header-above-stick-meta":"","header-main-stick-meta":"","header-below-stick-meta":"","astra-migrate-meta-layouts":"default","ast-page-background-enabled":"default","ast-page-background-meta":{"desktop":{"background-color":"var(--ast-global-color-4)","background-image":"","background-repeat":"repeat","background-position":"center center","background-size":"auto","background-attachment":"scroll","background-type":"","background-media":"","overlay-type":"","overlay-color":"","overlay-opacity":"","overlay-gradient":""},"tablet":{"background-color":"","background-image":"","background-repeat":"repeat","background-position":"center center","background-size":"auto","background-attachment":"scroll","background-type":"","background-media":"","overlay-type":"","overlay-color":"","overlay-opacity":"","overlay-gradient":""},"mobile":{"background-color":"","background-image":"","background-repeat":"repeat","background-position":"center center","background-size":"auto","background-attachment":"scroll","background-type":"","background-media":"","overlay-type":"","overlay-color":"","overlay-opacity":"","overlay-gradient":""}},"ast-content-background-meta":{"desktop":{"background-color":"var(--ast-global-color-5)","background-image":"","background-repeat":"repeat","background-position":"center center","background-size":"auto","background-attachment":"scroll","background-type":"","background-media":"","overlay-type":"","overlay-color":"","overlay-opacity":"","overlay-gradient":""},"tablet":{"background-color":"var(--ast-global-color-5)","background-image":"","background-repeat":"repeat","background-position":"center center","background-size":"auto","background-attachment":"scroll","background-type":"","background-media":"","overlay-type":"","overlay-color":"","overlay-opacity":"","overlay-gradient":""},"mobile":{"background-color":"var(--ast-global-color-5)","background-image":"","background-repeat":"repeat","background-position":"center center","background-size":"auto","background-attachment":"scroll","background-type":"","background-media":"","overlay-type":"","overlay-color":"","overlay-opacity":"","overlay-gradient":""}},"footnotes":""},"class_list":["post-1286","page","type-page","status-publish","hentry"],"_links":{"self":[{"href":"https:\/\/tunduktravel.kg\/fr\/wp-json\/wp\/v2\/pages\/1286","targetHints":{"allow":["GET"]}}],"collection":[{"href":"https:\/\/tunduktravel.kg\/fr\/wp-json\/wp\/v2\/pages"}],"about":[{"href":"https:\/\/tunduktravel.kg\/fr\/wp-json\/wp\/v2\/types\/page"}],"author":[{"embeddable":true,"href":"https:\/\/tunduktravel.kg\/fr\/wp-json\/wp\/v2\/users\/2"}],"replies":[{"embeddable":true,"href":"https:\/\/tunduktravel.kg\/fr\/wp-json\/wp\/v2\/comments?post=1286"}],"version-history":[{"count":19,"href":"https:\/\/tunduktravel.kg\/fr\/wp-json\/wp\/v2\/pages\/1286\/revisions"}],"predecessor-version":[{"id":4649,"href":"https:\/\/tunduktravel.kg\/fr\/wp-json\/wp\/v2\/pages\/1286\/revisions\/4649"}],"wp:attachment":[{"href":"https:\/\/tunduktravel.kg\/fr\/wp-json\/wp\/v2\/media?parent=1286"}],"curies":[{"name":"wp","href":"https:\/\/api.w.org\/{rel}","templated":true}]}}