{"id":1264,"date":"2025-05-01T22:22:27","date_gmt":"2025-05-01T19:22:27","guid":{"rendered":"https:\/\/tunduktravel.kg\/?page_id=1264"},"modified":"2026-01-14T22:12:52","modified_gmt":"2026-01-14T19:12:52","slug":"the-worlds-longest-epic","status":"publish","type":"page","link":"https:\/\/tunduktravel.kg\/fr\/the-worlds-longest-epic\/","title":{"rendered":"La plus longue \u00e9pop\u00e9e du monde"},"content":{"rendered":"<div data-elementor-type=\"wp-page\" data-elementor-id=\"1264\" class=\"elementor elementor-1264\">\n\t\t\t\t<div class=\"elementor-element elementor-element-6a5b362e e-flex e-con-boxed e-con e-parent\" data-id=\"6a5b362e\" data-element_type=\"container\" data-e-type=\"container\" data-settings=\"{&quot;background_background&quot;:&quot;classic&quot;}\">\n\t\t\t\t\t<div class=\"e-con-inner\">\n\t\t\t\t<div class=\"elementor-element elementor-element-a0ce903 elementor-widget elementor-widget-heading\" data-id=\"a0ce903\" data-element_type=\"widget\" data-e-type=\"widget\" data-widget_type=\"heading.default\">\n\t\t\t\t<div class=\"elementor-widget-container\">\n\t\t\t\t\t<h1 class=\"elementor-heading-title elementor-size-default\">L\u2019\u00c9pop\u00e9e de Manas<\/h1>\t\t\t\t<\/div>\n\t\t\t\t<\/div>\n\t\t\t\t\t<\/div>\n\t\t\t\t<\/div>\n\t\t<div class=\"elementor-element elementor-element-43dcd0ec e-flex e-con-boxed e-con e-parent\" data-id=\"43dcd0ec\" data-element_type=\"container\" data-e-type=\"container\">\n\t\t\t\t\t<div class=\"e-con-inner\">\n\t\t<div class=\"elementor-element elementor-element-e5c6cf3 e-con-full e-flex e-con e-child\" data-id=\"e5c6cf3\" data-element_type=\"container\" data-e-type=\"container\">\n\t\t\t\t<div class=\"elementor-element elementor-element-d71cd29 elementor-widget elementor-widget-heading\" data-id=\"d71cd29\" data-element_type=\"widget\" data-e-type=\"widget\" data-widget_type=\"heading.default\">\n\t\t\t\t<div class=\"elementor-widget-container\">\n\t\t\t\t\t<h5 class=\"elementor-heading-title elementor-size-default\">L\u2019\u00c9pop\u00e9e de Manas : l\u2019\u00e2me de la nation kirghize<\/h5>\t\t\t\t<\/div>\n\t\t\t\t<\/div>\n\t\t\t\t<div class=\"elementor-element elementor-element-7ed4f69 elementor-widget elementor-widget-heading\" data-id=\"7ed4f69\" data-element_type=\"widget\" data-e-type=\"widget\" data-widget_type=\"heading.default\">\n\t\t\t\t<div class=\"elementor-widget-container\">\n\t\t\t\t\t<span class=\"elementor-heading-title elementor-size-default\">L\u2019\u00e9pop\u00e9e de Manas est au c\u0153ur de la tradition orale kirghize \u2014 un po\u00e8me h\u00e9ro\u00efque transmis de g\u00e9n\u00e9ration en g\u00e9n\u00e9ration depuis plus de mille ans. Il s\u2019agit non seulement de l\u2019\u00e9pop\u00e9e la plus longue du monde, avec plus de 500 000 vers, mais aussi d\u2019un symbole puissant de l\u2019identit\u00e9, de la r\u00e9silience et de la fiert\u00e9 du peuple kirghize.\n\n<\/span>\t\t\t\t<\/div>\n\t\t\t\t<\/div>\n\t\t\t\t<div class=\"elementor-element elementor-element-4faa93c elementor-widget elementor-widget-heading\" data-id=\"4faa93c\" data-element_type=\"widget\" data-e-type=\"widget\" data-widget_type=\"heading.default\">\n\t\t\t\t<div class=\"elementor-widget-container\">\n\t\t\t\t\t<h6 class=\"elementor-heading-title elementor-size-default\">De quoi parle Manas ?<\/h6>\t\t\t\t<\/div>\n\t\t\t\t<\/div>\n\t\t\t\t<div class=\"elementor-element elementor-element-5dbc00d elementor-widget elementor-widget-text-editor\" data-id=\"5dbc00d\" data-element_type=\"widget\" data-e-type=\"widget\" data-widget_type=\"text-editor.default\">\n\t\t\t\t<div class=\"elementor-widget-container\">\n\t\t\t\t\t\t\t\t\t<p class=\"translation-block\" data-start=\"637\" data-end=\"1044\">L\u2019\u00e9pop\u00e9e raconte l\u2019histoire de Manas, un guerrier l\u00e9gendaire et unificateur du peuple kirghize. Brave, sage et profond\u00e9ment attach\u00e9 \u00e0 sa terre, il consacre sa vie \u00e0 d\u00e9fendre son peuple contre les ennemis et les envahisseurs.\nLe r\u00e9cit suit Manas de sa naissance \u00e0 sa mort, puis se poursuit avec les aventures de son fils Semete\u00ef et de son petit-fils Se\u00eftek, formant une vaste saga multig\u00e9n\u00e9rationnelle faite de batailles, d\u2019alliances, d\u2019amour, de trahisons et de qu\u00eates spirituelles.<\/p><p class=\"translation-block\" data-start=\"1046\" data-end=\"1275\">Mais Manas n\u2019est pas seulement une histoire de guerre. L\u2019\u00e9pop\u00e9e transmet des valeurs fondamentales telles que la loyaut\u00e9, l\u2019unit\u00e9, le courage, le respect des a\u00een\u00e9s et l\u2019amour de la patrie. Elle refl\u00e8te le mode de vie nomade, o\u00f9 l\u2019honneur, la famille et la survie occupent une place sacr\u00e9e.<\/p>\t\t\t\t\t\t\t\t<\/div>\n\t\t\t\t<\/div>\n\t\t\t\t<div class=\"elementor-element elementor-element-386d065 elementor-widget elementor-widget-heading\" data-id=\"386d065\" data-element_type=\"widget\" data-e-type=\"widget\" data-widget_type=\"heading.default\">\n\t\t\t\t<div class=\"elementor-widget-container\">\n\t\t\t\t\t<h6 class=\"elementor-heading-title elementor-size-default\">Qui est le manaschi ?<\/h6>\t\t\t\t<\/div>\n\t\t\t\t<\/div>\n\t\t\t\t<div class=\"elementor-element elementor-element-4d34d4e elementor-widget elementor-widget-text-editor\" data-id=\"4d34d4e\" data-element_type=\"widget\" data-e-type=\"widget\" data-widget_type=\"text-editor.default\">\n\t\t\t\t<div class=\"elementor-widget-container\">\n\t\t\t\t\t\t\t\t\t<p class=\"translation-block\" data-start=\"1316\" data-end=\"1571\">L\u2019\u00e9pop\u00e9e est traditionnellement interpr\u00e9t\u00e9e par un manaschi \u2014 un conteur capable de r\u00e9citer l\u2019\u00e9pop\u00e9e enti\u00e8rement de m\u00e9moire, sans support \u00e9crit. Le manaschi utilise une voix particuli\u00e8re, proche du chant, riche en \u00e9motion, en rythme et en intensit\u00e9 dramatique.<\/p><p class=\"translation-block\" data-start=\"1573\" data-end=\"1802\">Devenir manaschi est consid\u00e9r\u00e9 comme une vocation spirituelle, souvent r\u00e9v\u00e9l\u00e9e \u00e0 travers des r\u00eaves ou transmise par un ma\u00eetre. Les r\u00e9citations peuvent durer des heures, voire plusieurs jours, et chaque manaschi apporte sa propre interpr\u00e9tation et une part d\u2019improvisation po\u00e9tique.<\/p><p class=\"\" data-start=\"1804\" data-end=\"1921\">Assister \u00e0 une r\u00e9citation vivante de Manas est l\u2019une des exp\u00e9riences culturelles les plus marquantes que l\u2019on puisse vivre au Kirghizistan.<\/p>\t\t\t\t\t\t\t\t<\/div>\n\t\t\t\t<\/div>\n\t\t\t\t<div class=\"elementor-element elementor-element-59c229c elementor-widget elementor-widget-heading\" data-id=\"59c229c\" data-element_type=\"widget\" data-e-type=\"widget\" data-widget_type=\"heading.default\">\n\t\t\t\t<div class=\"elementor-widget-container\">\n\t\t\t\t\t<h6 class=\"elementor-heading-title elementor-size-default\">Pourquoi Manas est-il important aujourd\u2019hui ?<\/h6>\t\t\t\t<\/div>\n\t\t\t\t<\/div>\n\t\t\t\t<div class=\"elementor-element elementor-element-5d9e742 elementor-widget elementor-widget-text-editor\" data-id=\"5d9e742\" data-element_type=\"widget\" data-e-type=\"widget\" data-widget_type=\"text-editor.default\">\n\t\t\t\t<div class=\"elementor-widget-container\">\n\t\t\t\t\t\t\t\t\t<ul data-start=\"54\" data-end=\"594\"><li class=\"\" data-start=\"54\" data-end=\"142\"><p class=\"translation-block\" data-start=\"56\" data-end=\"142\">Il pr\u00e9serve la langue kirghize, la po\u00e9sie et la tradition orale.<\/p><\/li><li class=\"\" data-start=\"143\" data-end=\"243\"><p class=\"translation-block\" data-start=\"145\" data-end=\"243\">Il conserve la m\u00e9moire collective du peuple kirghize \u2014 ses valeurs, ses \u00e9preuves et son identit\u00e9.<\/p><\/li><li class=\"\" data-start=\"244\" data-end=\"361\"><p class=\"translation-block\" data-start=\"246\" data-end=\"361\">Il agit comme un symbole national, reliant le pass\u00e9 au pr\u00e9sent et inspirant les jeunes g\u00e9n\u00e9rations.<\/p><\/li><li class=\"\" data-start=\"362\" data-end=\"471\"><p class=\"translation-block\" data-start=\"364\" data-end=\"471\">Il est r\u00e9cit\u00e9 lors de festivals culturels, dans les \u00e9coles et lors de c\u00e9r\u00e9monies officielles.<\/p><\/li><li class=\"\" data-start=\"472\" data-end=\"594\"><p class=\"translation-block\" data-start=\"474\" data-end=\"594\">En 2009, l\u2019\u00e9pop\u00e9e de Manas a \u00e9t\u00e9 inscrite par l\u2019UNESCO sur la Liste repr\u00e9sentative du patrimoine culturel immat\u00e9riel de l\u2019humanit\u00e9.<\/p><\/li><\/ul><p class=\"translation-block\" data-start=\"596\" data-end=\"731\">Pour le Kirghizistan, Manas n\u2019est pas seulement une \u0153uvre litt\u00e9raire \u2014 c\u2019est un h\u00e9ritage vivant, qui r\u00e9sonne dans les montagnes, les chants et le c\u0153ur de son peuple.<\/p>\t\t\t\t\t\t\t\t<\/div>\n\t\t\t\t<\/div>\n\t\t\t\t<\/div>\n\t\t\t\t\t<\/div>\n\t\t\t\t<\/div>\n\t\t<div class=\"elementor-element elementor-element-7191fd26 e-flex e-con-boxed e-con e-parent\" data-id=\"7191fd26\" data-element_type=\"container\" data-e-type=\"container\">\n\t\t\t\t\t<div class=\"e-con-inner\">\n\t\t<div class=\"elementor-element elementor-element-5f666b32 e-con-full e-flex e-con e-child\" data-id=\"5f666b32\" data-element_type=\"container\" data-e-type=\"container\">\n\t\t<div class=\"elementor-element elementor-element-7929c8b4 e-con-full e-flex e-con e-child\" data-id=\"7929c8b4\" data-element_type=\"container\" data-e-type=\"container\">\n\t\t\t\t<div class=\"elementor-element elementor-element-71765183 elementor-widget elementor-widget-image\" data-id=\"71765183\" data-element_type=\"widget\" data-e-type=\"widget\" data-widget_type=\"image.default\">\n\t\t\t\t<div class=\"elementor-widget-container\">\n\t\t\t\t\t\t\t\t\t\t\t\t\t\t\t<img fetchpriority=\"high\" decoding=\"async\" width=\"1920\" height=\"1079\" src=\"https:\/\/tunduktravel.kg\/wp-content\/uploads\/2026\/01\/2025-08-02_20-33-27_801007.webp\" class=\"attachment-full size-full wp-image-4484\" alt=\"\" srcset=\"https:\/\/tunduktravel.kg\/wp-content\/uploads\/2026\/01\/2025-08-02_20-33-27_801007.webp 1920w, https:\/\/tunduktravel.kg\/wp-content\/uploads\/2026\/01\/2025-08-02_20-33-27_801007-300x169.webp 300w, https:\/\/tunduktravel.kg\/wp-content\/uploads\/2026\/01\/2025-08-02_20-33-27_801007-1024x575.webp 1024w, https:\/\/tunduktravel.kg\/wp-content\/uploads\/2026\/01\/2025-08-02_20-33-27_801007-768x432.webp 768w, https:\/\/tunduktravel.kg\/wp-content\/uploads\/2026\/01\/2025-08-02_20-33-27_801007-1536x863.webp 1536w\" sizes=\"(max-width: 1920px) 100vw, 1920px\" \/>\t\t\t\t\t\t\t\t\t\t\t\t\t\t\t<\/div>\n\t\t\t\t<\/div>\n\t\t\t\t<\/div>\n\t\t<div class=\"elementor-element elementor-element-5d878a2 e-con-full e-flex e-con e-child\" data-id=\"5d878a2\" data-element_type=\"container\" data-e-type=\"container\">\n\t\t\t\t<div class=\"elementor-element elementor-element-7cc0cbb4 elementor-widget elementor-widget-image\" data-id=\"7cc0cbb4\" data-element_type=\"widget\" data-e-type=\"widget\" data-widget_type=\"image.default\">\n\t\t\t\t<div class=\"elementor-widget-container\">\n\t\t\t\t\t\t\t\t\t\t\t\t\t\t\t<img decoding=\"async\" width=\"1196\" height=\"1920\" src=\"https:\/\/tunduktravel.kg\/wp-content\/uploads\/2026\/01\/85cbc644ab8a7f96e703607350fad010.webp\" class=\"attachment-full size-full wp-image-4482\" alt=\"\" srcset=\"https:\/\/tunduktravel.kg\/wp-content\/uploads\/2026\/01\/85cbc644ab8a7f96e703607350fad010.webp 1196w, https:\/\/tunduktravel.kg\/wp-content\/uploads\/2026\/01\/85cbc644ab8a7f96e703607350fad010-187x300.webp 187w, https:\/\/tunduktravel.kg\/wp-content\/uploads\/2026\/01\/85cbc644ab8a7f96e703607350fad010-638x1024.webp 638w, https:\/\/tunduktravel.kg\/wp-content\/uploads\/2026\/01\/85cbc644ab8a7f96e703607350fad010-768x1233.webp 768w, https:\/\/tunduktravel.kg\/wp-content\/uploads\/2026\/01\/85cbc644ab8a7f96e703607350fad010-957x1536.webp 957w\" sizes=\"(max-width: 1196px) 100vw, 1196px\" \/>\t\t\t\t\t\t\t\t\t\t\t\t\t\t\t<\/div>\n\t\t\t\t<\/div>\n\t\t\t\t<\/div>\n\t\t<div class=\"elementor-element elementor-element-5ff4634d e-con-full e-flex e-con e-child\" data-id=\"5ff4634d\" data-element_type=\"container\" data-e-type=\"container\">\n\t\t\t\t<div class=\"elementor-element elementor-element-1593b55b elementor-widget elementor-widget-image\" data-id=\"1593b55b\" data-element_type=\"widget\" data-e-type=\"widget\" data-widget_type=\"image.default\">\n\t\t\t\t<div class=\"elementor-widget-container\">\n\t\t\t\t\t\t\t\t\t\t\t\t\t\t\t<img decoding=\"async\" width=\"1920\" height=\"1920\" src=\"https:\/\/tunduktravel.kg\/wp-content\/uploads\/2026\/01\/hero.webp\" class=\"attachment-full size-full wp-image-4486\" alt=\"\" srcset=\"https:\/\/tunduktravel.kg\/wp-content\/uploads\/2026\/01\/hero.webp 1920w, https:\/\/tunduktravel.kg\/wp-content\/uploads\/2026\/01\/hero-300x300.webp 300w, https:\/\/tunduktravel.kg\/wp-content\/uploads\/2026\/01\/hero-1024x1024.webp 1024w, https:\/\/tunduktravel.kg\/wp-content\/uploads\/2026\/01\/hero-150x150.webp 150w, https:\/\/tunduktravel.kg\/wp-content\/uploads\/2026\/01\/hero-768x768.webp 768w, https:\/\/tunduktravel.kg\/wp-content\/uploads\/2026\/01\/hero-1536x1536.webp 1536w\" sizes=\"(max-width: 1920px) 100vw, 1920px\" \/>\t\t\t\t\t\t\t\t\t\t\t\t\t\t\t<\/div>\n\t\t\t\t<\/div>\n\t\t\t\t<\/div>\n\t\t<div class=\"elementor-element elementor-element-505ab59f e-con-full e-flex e-con e-child\" data-id=\"505ab59f\" data-element_type=\"container\" data-e-type=\"container\">\n\t\t\t\t<div class=\"elementor-element elementor-element-33964e87 elementor-widget elementor-widget-image\" data-id=\"33964e87\" data-element_type=\"widget\" data-e-type=\"widget\" data-widget_type=\"image.default\">\n\t\t\t\t<div class=\"elementor-widget-container\">\n\t\t\t\t\t\t\t\t\t\t\t\t\t\t\t<img loading=\"lazy\" decoding=\"async\" width=\"1150\" height=\"1920\" src=\"https:\/\/tunduktravel.kg\/wp-content\/uploads\/2026\/01\/b115ba982159f343ab30c3b98ce3ba4f.webp\" class=\"attachment-full size-full wp-image-4485\" alt=\"\" srcset=\"https:\/\/tunduktravel.kg\/wp-content\/uploads\/2026\/01\/b115ba982159f343ab30c3b98ce3ba4f.webp 1150w, https:\/\/tunduktravel.kg\/wp-content\/uploads\/2026\/01\/b115ba982159f343ab30c3b98ce3ba4f-180x300.webp 180w, https:\/\/tunduktravel.kg\/wp-content\/uploads\/2026\/01\/b115ba982159f343ab30c3b98ce3ba4f-613x1024.webp 613w, https:\/\/tunduktravel.kg\/wp-content\/uploads\/2026\/01\/b115ba982159f343ab30c3b98ce3ba4f-768x1282.webp 768w, https:\/\/tunduktravel.kg\/wp-content\/uploads\/2026\/01\/b115ba982159f343ab30c3b98ce3ba4f-920x1536.webp 920w\" sizes=\"(max-width: 1150px) 100vw, 1150px\" \/>\t\t\t\t\t\t\t\t\t\t\t\t\t\t\t<\/div>\n\t\t\t\t<\/div>\n\t\t\t\t<\/div>\n\t\t\t\t<\/div>\n\t\t\t\t\t<\/div>\n\t\t\t\t<\/div>\n\t\t<div class=\"elementor-element elementor-element-32df3545 e-flex e-con-boxed e-con e-parent\" data-id=\"32df3545\" data-element_type=\"container\" data-e-type=\"container\" data-settings=\"{&quot;background_background&quot;:&quot;classic&quot;}\">\n\t\t\t\t\t<div class=\"e-con-inner\">\n\t\t\t\t<div class=\"elementor-element elementor-element-9e5e8dd elementor-widget elementor-widget-heading\" data-id=\"9e5e8dd\" data-element_type=\"widget\" data-e-type=\"widget\" data-widget_type=\"heading.default\">\n\t\t\t\t<div class=\"elementor-widget-container\">\n\t\t\t\t\t<h2 class=\"elementor-heading-title elementor-size-default\">Donnez vie \u00e0 votre aventure\n<\/h2>\t\t\t\t<\/div>\n\t\t\t\t<\/div>\n\t\t\t\t<div class=\"elementor-element elementor-element-6bca0b12 elementor-align-justify elementor-widget elementor-widget-button\" data-id=\"6bca0b12\" data-element_type=\"widget\" data-e-type=\"widget\" data-widget_type=\"button.default\">\n\t\t\t\t<div class=\"elementor-widget-container\">\n\t\t\t\t\t\t\t\t\t<div class=\"elementor-button-wrapper\">\n\t\t\t\t\t<a class=\"elementor-button elementor-button-link elementor-size-sm\" href=\"https:\/\/tunduktravel.kg\/fr\/contact\/\">\n\t\t\t\t\t\t<span class=\"elementor-button-content-wrapper\">\n\t\t\t\t\t\t\t\t\t<span class=\"elementor-button-text\">Contactez-nous<\/span>\n\t\t\t\t\t<\/span>\n\t\t\t\t\t<\/a>\n\t\t\t\t<\/div>\n\t\t\t\t\t\t\t\t<\/div>\n\t\t\t\t<\/div>\n\t\t\t\t\t<\/div>\n\t\t\t\t<\/div>\n\t\t\t\t<\/div>","protected":false},"excerpt":{"rendered":"<p>Epic of Manas The Epic of Manas: Soul of the Kyrgyz Nation The Epic of Manas is the heart of [&hellip;]<\/p>\n","protected":false},"author":2,"featured_media":0,"parent":0,"menu_order":0,"comment_status":"closed","ping_status":"closed","template":"","meta":{"site-sidebar-layout":"no-sidebar","site-content-layout":"","ast-site-content-layout":"full-width-container","site-content-style":"default","site-sidebar-style":"default","ast-global-header-display":"","ast-banner-title-visibility":"","ast-main-header-display":"","ast-hfb-above-header-display":"","ast-hfb-below-header-display":"","ast-hfb-mobile-header-display":"","site-post-title":"disabled","ast-breadcrumbs-content":"","ast-featured-img":"disabled","footer-sml-layout":"","ast-disable-related-posts":"","theme-transparent-header-meta":"","adv-header-id-meta":"","stick-header-meta":"","header-above-stick-meta":"","header-main-stick-meta":"","header-below-stick-meta":"","astra-migrate-meta-layouts":"default","ast-page-background-enabled":"default","ast-page-background-meta":{"desktop":{"background-color":"var(--ast-global-color-4)","background-image":"","background-repeat":"repeat","background-position":"center center","background-size":"auto","background-attachment":"scroll","background-type":"","background-media":"","overlay-type":"","overlay-color":"","overlay-opacity":"","overlay-gradient":""},"tablet":{"background-color":"","background-image":"","background-repeat":"repeat","background-position":"center center","background-size":"auto","background-attachment":"scroll","background-type":"","background-media":"","overlay-type":"","overlay-color":"","overlay-opacity":"","overlay-gradient":""},"mobile":{"background-color":"","background-image":"","background-repeat":"repeat","background-position":"center center","background-size":"auto","background-attachment":"scroll","background-type":"","background-media":"","overlay-type":"","overlay-color":"","overlay-opacity":"","overlay-gradient":""}},"ast-content-background-meta":{"desktop":{"background-color":"var(--ast-global-color-5)","background-image":"","background-repeat":"repeat","background-position":"center center","background-size":"auto","background-attachment":"scroll","background-type":"","background-media":"","overlay-type":"","overlay-color":"","overlay-opacity":"","overlay-gradient":""},"tablet":{"background-color":"var(--ast-global-color-5)","background-image":"","background-repeat":"repeat","background-position":"center center","background-size":"auto","background-attachment":"scroll","background-type":"","background-media":"","overlay-type":"","overlay-color":"","overlay-opacity":"","overlay-gradient":""},"mobile":{"background-color":"var(--ast-global-color-5)","background-image":"","background-repeat":"repeat","background-position":"center center","background-size":"auto","background-attachment":"scroll","background-type":"","background-media":"","overlay-type":"","overlay-color":"","overlay-opacity":"","overlay-gradient":""}},"footnotes":""},"class_list":["post-1264","page","type-page","status-publish","hentry"],"_links":{"self":[{"href":"https:\/\/tunduktravel.kg\/fr\/wp-json\/wp\/v2\/pages\/1264","targetHints":{"allow":["GET"]}}],"collection":[{"href":"https:\/\/tunduktravel.kg\/fr\/wp-json\/wp\/v2\/pages"}],"about":[{"href":"https:\/\/tunduktravel.kg\/fr\/wp-json\/wp\/v2\/types\/page"}],"author":[{"embeddable":true,"href":"https:\/\/tunduktravel.kg\/fr\/wp-json\/wp\/v2\/users\/2"}],"replies":[{"embeddable":true,"href":"https:\/\/tunduktravel.kg\/fr\/wp-json\/wp\/v2\/comments?post=1264"}],"version-history":[{"count":22,"href":"https:\/\/tunduktravel.kg\/fr\/wp-json\/wp\/v2\/pages\/1264\/revisions"}],"predecessor-version":[{"id":4516,"href":"https:\/\/tunduktravel.kg\/fr\/wp-json\/wp\/v2\/pages\/1264\/revisions\/4516"}],"wp:attachment":[{"href":"https:\/\/tunduktravel.kg\/fr\/wp-json\/wp\/v2\/media?parent=1264"}],"curies":[{"name":"wp","href":"https:\/\/api.w.org\/{rel}","templated":true}]}}