{"id":1229,"date":"2025-05-01T22:00:07","date_gmt":"2025-05-01T19:00:07","guid":{"rendered":"https:\/\/tunduktravel.kg\/?page_id=1229"},"modified":"2026-01-17T10:57:29","modified_gmt":"2026-01-17T07:57:29","slug":"traditions-around-the-birth-and-upbringing-of-children","status":"publish","type":"page","link":"https:\/\/tunduktravel.kg\/fr\/traditions-around-the-birth-and-upbringing-of-children\/","title":{"rendered":"Traditions li\u00e9es \u00e0 la naissance et \u00e0 l\u2019\u00e9ducation des enfants"},"content":{"rendered":"<div data-elementor-type=\"wp-page\" data-elementor-id=\"1229\" class=\"elementor elementor-1229\">\n\t\t\t\t<div class=\"elementor-element elementor-element-79fc8de8 e-flex e-con-boxed e-con e-parent\" data-id=\"79fc8de8\" data-element_type=\"container\" data-e-type=\"container\" data-settings=\"{&quot;background_background&quot;:&quot;classic&quot;}\">\n\t\t\t\t\t<div class=\"e-con-inner\">\n\t\t\t\t<div class=\"elementor-element elementor-element-1973c387 elementor-widget elementor-widget-heading\" data-id=\"1973c387\" data-element_type=\"widget\" data-e-type=\"widget\" data-widget_type=\"heading.default\">\n\t\t\t\t<div class=\"elementor-widget-container\">\n\t\t\t\t\t<h1 class=\"elementor-heading-title elementor-size-default\">Traditions li\u00e9es \u00e0 la naissance et \u00e0 l\u2019\u00e9ducation des enfants\n\n<\/h1>\t\t\t\t<\/div>\n\t\t\t\t<\/div>\n\t\t\t\t\t<\/div>\n\t\t\t\t<\/div>\n\t\t<div class=\"elementor-element elementor-element-14a460b4 e-flex e-con-boxed e-con e-parent\" data-id=\"14a460b4\" data-element_type=\"container\" data-e-type=\"container\">\n\t\t\t\t\t<div class=\"e-con-inner\">\n\t\t<div class=\"elementor-element elementor-element-45608027 e-con-full e-flex e-con e-child\" data-id=\"45608027\" data-element_type=\"container\" data-e-type=\"container\">\n\t\t\t\t<div class=\"elementor-element elementor-element-61a3ab19 elementor-widget elementor-widget-text-editor\" data-id=\"61a3ab19\" data-element_type=\"widget\" data-e-type=\"widget\" data-widget_type=\"text-editor.default\">\n\t\t\t\t<div class=\"elementor-widget-container\">\n\t\t\t\t\t\t\t\t\t<p class=\"translation-block\" data-start=\"1218\" data-end=\"1462\">Les Kirghiz accueillent la naissance d\u2019un enfant avec une grande joie et une profonde fiert\u00e9. Lorsqu\u2019un b\u00e9b\u00e9 na\u00eet, la famille annonce l\u2019\u00e9v\u00e9nement par le cri joyeux \u00ab S\u00fcy\u00fcnch\u00fc ! \u00bb, qui signifie \u00ab La joie est arriv\u00e9e ! \u00bb. La personne qui transmet la nouvelle en premier re\u00e7oit traditionnellement un petit cadeau.<\/p><p class=\"translation-block\" data-start=\"1464\" data-end=\"1848\">Peu apr\u00e8s la naissance, le pr\u00e9nom est choisi par le p\u00e8re ou le grand-p\u00e8re. Lorsque la m\u00e8re et le b\u00e9b\u00e9 se sont r\u00e9tablis, la famille organise le \u00ab Jeentek Toy \u00bb, un festin destin\u00e9 \u00e0 pr\u00e9senter le nouveau-n\u00e9 \u00e0 la communaut\u00e9.\nL\u2019une des traditions les plus importantes est le \u00ab Beshik Toy \u00bb, au cours duquel le b\u00e9b\u00e9 est plac\u00e9 solennellement dans un beshik \u2014 un berceau traditionnel en bois. Ce rituel est confi\u00e9 \u00e0 une femme \u00e2g\u00e9e respect\u00e9e de la communaut\u00e9, symbole de sagesse et de b\u00e9n\u00e9diction.<\/p><p class=\"translation-block\" data-start=\"1850\" data-end=\"2151\">Lorsque l\u2019enfant fait ses premiers pas, la famille c\u00e9l\u00e8bre le \u00ab Tush\u00f6\u00f6 Kes\u00fc\u00fc \u00bb \u2014 la c\u00e9r\u00e9monie de la coupe des cordelettes symboliques attach\u00e9es aux jambes de l\u2019enfant. Cet \u00e9v\u00e9nement joyeux marque le d\u00e9but de son chemin vers une vie ind\u00e9pendante. Les cordelettes sont coup\u00e9es par un enfant r\u00e9put\u00e9 pour sa rapidit\u00e9 et sa r\u00e9ussite, afin de b\u00e9nir l\u2019avenir du b\u00e9b\u00e9.<\/p><p class=\"\" data-start=\"2153\" data-end=\"2172\">Plus tard dans l\u2019enfance :<\/p><ul data-start=\"2173\" data-end=\"2339\"><li class=\"\" data-start=\"2173\" data-end=\"2233\"><p class=\"\" data-start=\"2175\" data-end=\"2233\"><strong data-start=\"2175\" data-end=\"2204\">Les gar\u00e7ons sont circoncis<\/strong> (g\u00e9n\u00e9ralement entre 5 et 6 ans).<\/p><\/li><li class=\"\" data-start=\"2234\" data-end=\"2339\"><p class=\"\" data-start=\"2236\" data-end=\"2339\"><strong data-start=\"2236\" data-end=\"2282\">Les filles voient leurs tresses tress\u00e9es de mani\u00e8re c\u00e9r\u00e9monielle<\/strong> vers 10\u201311 ans, marquant leur entr\u00e9e dans l\u2019adolescence.<\/p><\/li><\/ul>\t\t\t\t\t\t\t\t<\/div>\n\t\t\t\t<\/div>\n\t\t\t\t<\/div>\n\t\t\t\t\t<\/div>\n\t\t\t\t<\/div>\n\t\t<div class=\"elementor-element elementor-element-681f2327 e-flex e-con-boxed e-con e-parent\" data-id=\"681f2327\" data-element_type=\"container\" data-e-type=\"container\">\n\t\t\t\t\t<div class=\"e-con-inner\">\n\t\t<div class=\"elementor-element elementor-element-456fb4b5 e-con-full e-flex e-con e-child\" data-id=\"456fb4b5\" data-element_type=\"container\" data-e-type=\"container\">\n\t\t<div class=\"elementor-element elementor-element-486d8afb e-con-full e-flex e-con e-child\" data-id=\"486d8afb\" data-element_type=\"container\" data-e-type=\"container\">\n\t\t\t\t<div class=\"elementor-element elementor-element-32a368db elementor-widget elementor-widget-image\" data-id=\"32a368db\" data-element_type=\"widget\" data-e-type=\"widget\" data-widget_type=\"image.default\">\n\t\t\t\t<div class=\"elementor-widget-container\">\n\t\t\t\t\t\t\t\t\t\t\t\t\t\t\t<img fetchpriority=\"high\" decoding=\"async\" width=\"1920\" height=\"1565\" src=\"https:\/\/tunduktravel.kg\/wp-content\/uploads\/2026\/01\/image-16.webp\" class=\"attachment-full size-full wp-image-4897\" alt=\"\" srcset=\"https:\/\/tunduktravel.kg\/wp-content\/uploads\/2026\/01\/image-16.webp 1920w, https:\/\/tunduktravel.kg\/wp-content\/uploads\/2026\/01\/image-16-300x245.webp 300w, https:\/\/tunduktravel.kg\/wp-content\/uploads\/2026\/01\/image-16-1024x835.webp 1024w, https:\/\/tunduktravel.kg\/wp-content\/uploads\/2026\/01\/image-16-768x626.webp 768w, https:\/\/tunduktravel.kg\/wp-content\/uploads\/2026\/01\/image-16-1536x1252.webp 1536w\" sizes=\"(max-width: 1920px) 100vw, 1920px\" \/>\t\t\t\t\t\t\t\t\t\t\t\t\t\t\t<\/div>\n\t\t\t\t<\/div>\n\t\t\t\t<\/div>\n\t\t<div class=\"elementor-element elementor-element-57cdf98f e-con-full e-flex e-con e-child\" data-id=\"57cdf98f\" data-element_type=\"container\" data-e-type=\"container\">\n\t\t\t\t<div class=\"elementor-element elementor-element-2a8eb1d7 elementor-widget elementor-widget-image\" data-id=\"2a8eb1d7\" data-element_type=\"widget\" data-e-type=\"widget\" data-widget_type=\"image.default\">\n\t\t\t\t<div class=\"elementor-widget-container\">\n\t\t\t\t\t\t\t\t\t\t\t\t\t\t\t<img decoding=\"async\" width=\"1920\" height=\"2393\" src=\"https:\/\/tunduktravel.kg\/wp-content\/uploads\/2026\/01\/image-18.webp\" class=\"attachment-full size-full wp-image-4900\" alt=\"\" srcset=\"https:\/\/tunduktravel.kg\/wp-content\/uploads\/2026\/01\/image-18.webp 1920w, https:\/\/tunduktravel.kg\/wp-content\/uploads\/2026\/01\/image-18-241x300.webp 241w, https:\/\/tunduktravel.kg\/wp-content\/uploads\/2026\/01\/image-18-822x1024.webp 822w, https:\/\/tunduktravel.kg\/wp-content\/uploads\/2026\/01\/image-18-768x957.webp 768w, https:\/\/tunduktravel.kg\/wp-content\/uploads\/2026\/01\/image-18-1232x1536.webp 1232w, https:\/\/tunduktravel.kg\/wp-content\/uploads\/2026\/01\/image-18-1643x2048.webp 1643w\" sizes=\"(max-width: 1920px) 100vw, 1920px\" \/>\t\t\t\t\t\t\t\t\t\t\t\t\t\t\t<\/div>\n\t\t\t\t<\/div>\n\t\t\t\t<\/div>\n\t\t<div class=\"elementor-element elementor-element-5945fc56 e-con-full e-flex e-con e-child\" data-id=\"5945fc56\" data-element_type=\"container\" data-e-type=\"container\">\n\t\t\t\t<div class=\"elementor-element elementor-element-754e6ba elementor-widget elementor-widget-image\" data-id=\"754e6ba\" data-element_type=\"widget\" data-e-type=\"widget\" data-widget_type=\"image.default\">\n\t\t\t\t<div class=\"elementor-widget-container\">\n\t\t\t\t\t\t\t\t\t\t\t\t\t\t\t<img decoding=\"async\" width=\"1920\" height=\"1280\" src=\"https:\/\/tunduktravel.kg\/wp-content\/uploads\/2026\/01\/image-19.webp\" class=\"attachment-full size-full wp-image-4901\" alt=\"\" srcset=\"https:\/\/tunduktravel.kg\/wp-content\/uploads\/2026\/01\/image-19.webp 1920w, https:\/\/tunduktravel.kg\/wp-content\/uploads\/2026\/01\/image-19-300x200.webp 300w, https:\/\/tunduktravel.kg\/wp-content\/uploads\/2026\/01\/image-19-1024x683.webp 1024w, https:\/\/tunduktravel.kg\/wp-content\/uploads\/2026\/01\/image-19-768x512.webp 768w, https:\/\/tunduktravel.kg\/wp-content\/uploads\/2026\/01\/image-19-1536x1024.webp 1536w\" sizes=\"(max-width: 1920px) 100vw, 1920px\" \/>\t\t\t\t\t\t\t\t\t\t\t\t\t\t\t<\/div>\n\t\t\t\t<\/div>\n\t\t\t\t<\/div>\n\t\t<div class=\"elementor-element elementor-element-22a15378 e-con-full e-flex e-con e-child\" data-id=\"22a15378\" data-element_type=\"container\" data-e-type=\"container\">\n\t\t\t\t<div class=\"elementor-element elementor-element-2e0ded1 elementor-widget elementor-widget-image\" data-id=\"2e0ded1\" data-element_type=\"widget\" data-e-type=\"widget\" data-widget_type=\"image.default\">\n\t\t\t\t<div class=\"elementor-widget-container\">\n\t\t\t\t\t\t\t\t\t\t\t\t\t\t\t<img loading=\"lazy\" decoding=\"async\" width=\"1920\" height=\"2398\" src=\"https:\/\/tunduktravel.kg\/wp-content\/uploads\/2026\/01\/image-17.webp\" class=\"attachment-full size-full wp-image-4899\" alt=\"\" srcset=\"https:\/\/tunduktravel.kg\/wp-content\/uploads\/2026\/01\/image-17.webp 1920w, https:\/\/tunduktravel.kg\/wp-content\/uploads\/2026\/01\/image-17-240x300.webp 240w, https:\/\/tunduktravel.kg\/wp-content\/uploads\/2026\/01\/image-17-820x1024.webp 820w, https:\/\/tunduktravel.kg\/wp-content\/uploads\/2026\/01\/image-17-768x959.webp 768w, https:\/\/tunduktravel.kg\/wp-content\/uploads\/2026\/01\/image-17-1230x1536.webp 1230w, https:\/\/tunduktravel.kg\/wp-content\/uploads\/2026\/01\/image-17-1640x2048.webp 1640w\" sizes=\"(max-width: 1920px) 100vw, 1920px\" \/>\t\t\t\t\t\t\t\t\t\t\t\t\t\t\t<\/div>\n\t\t\t\t<\/div>\n\t\t\t\t<\/div>\n\t\t\t\t<\/div>\n\t\t\t\t\t<\/div>\n\t\t\t\t<\/div>\n\t\t<div class=\"elementor-element elementor-element-1dcad57d e-flex e-con-boxed e-con e-parent\" data-id=\"1dcad57d\" data-element_type=\"container\" data-e-type=\"container\" data-settings=\"{&quot;background_background&quot;:&quot;classic&quot;}\">\n\t\t\t\t\t<div class=\"e-con-inner\">\n\t\t\t\t<div class=\"elementor-element elementor-element-2b6b527 elementor-widget elementor-widget-heading\" data-id=\"2b6b527\" data-element_type=\"widget\" data-e-type=\"widget\" data-widget_type=\"heading.default\">\n\t\t\t\t<div class=\"elementor-widget-container\">\n\t\t\t\t\t<h2 class=\"elementor-heading-title elementor-size-default\">Donnez vie \u00e0 votre aventure\n<\/h2>\t\t\t\t<\/div>\n\t\t\t\t<\/div>\n\t\t\t\t<div class=\"elementor-element elementor-element-4ec672fd elementor-align-justify elementor-widget elementor-widget-button\" data-id=\"4ec672fd\" data-element_type=\"widget\" data-e-type=\"widget\" data-widget_type=\"button.default\">\n\t\t\t\t<div class=\"elementor-widget-container\">\n\t\t\t\t\t\t\t\t\t<div class=\"elementor-button-wrapper\">\n\t\t\t\t\t<a class=\"elementor-button elementor-button-link elementor-size-sm\" href=\"https:\/\/tunduktravel.kg\/fr\/contact\/\">\n\t\t\t\t\t\t<span class=\"elementor-button-content-wrapper\">\n\t\t\t\t\t\t\t\t\t<span class=\"elementor-button-text\">Contactez-nous<\/span>\n\t\t\t\t\t<\/span>\n\t\t\t\t\t<\/a>\n\t\t\t\t<\/div>\n\t\t\t\t\t\t\t\t<\/div>\n\t\t\t\t<\/div>\n\t\t\t\t\t<\/div>\n\t\t\t\t<\/div>\n\t\t\t\t<\/div>","protected":false},"excerpt":{"rendered":"<p>Traditions Around the Birth and Upbringing of Children The Kyrgyz treat the birth of a child with deep joy and [&hellip;]<\/p>\n","protected":false},"author":2,"featured_media":0,"parent":0,"menu_order":0,"comment_status":"closed","ping_status":"closed","template":"","meta":{"site-sidebar-layout":"no-sidebar","site-content-layout":"","ast-site-content-layout":"full-width-container","site-content-style":"default","site-sidebar-style":"default","ast-global-header-display":"","ast-banner-title-visibility":"","ast-main-header-display":"","ast-hfb-above-header-display":"","ast-hfb-below-header-display":"","ast-hfb-mobile-header-display":"","site-post-title":"disabled","ast-breadcrumbs-content":"","ast-featured-img":"disabled","footer-sml-layout":"","ast-disable-related-posts":"","theme-transparent-header-meta":"","adv-header-id-meta":"","stick-header-meta":"","header-above-stick-meta":"","header-main-stick-meta":"","header-below-stick-meta":"","astra-migrate-meta-layouts":"default","ast-page-background-enabled":"default","ast-page-background-meta":{"desktop":{"background-color":"var(--ast-global-color-4)","background-image":"","background-repeat":"repeat","background-position":"center center","background-size":"auto","background-attachment":"scroll","background-type":"","background-media":"","overlay-type":"","overlay-color":"","overlay-opacity":"","overlay-gradient":""},"tablet":{"background-color":"","background-image":"","background-repeat":"repeat","background-position":"center center","background-size":"auto","background-attachment":"scroll","background-type":"","background-media":"","overlay-type":"","overlay-color":"","overlay-opacity":"","overlay-gradient":""},"mobile":{"background-color":"","background-image":"","background-repeat":"repeat","background-position":"center center","background-size":"auto","background-attachment":"scroll","background-type":"","background-media":"","overlay-type":"","overlay-color":"","overlay-opacity":"","overlay-gradient":""}},"ast-content-background-meta":{"desktop":{"background-color":"var(--ast-global-color-5)","background-image":"","background-repeat":"repeat","background-position":"center center","background-size":"auto","background-attachment":"scroll","background-type":"","background-media":"","overlay-type":"","overlay-color":"","overlay-opacity":"","overlay-gradient":""},"tablet":{"background-color":"var(--ast-global-color-5)","background-image":"","background-repeat":"repeat","background-position":"center center","background-size":"auto","background-attachment":"scroll","background-type":"","background-media":"","overlay-type":"","overlay-color":"","overlay-opacity":"","overlay-gradient":""},"mobile":{"background-color":"var(--ast-global-color-5)","background-image":"","background-repeat":"repeat","background-position":"center center","background-size":"auto","background-attachment":"scroll","background-type":"","background-media":"","overlay-type":"","overlay-color":"","overlay-opacity":"","overlay-gradient":""}},"footnotes":""},"class_list":["post-1229","page","type-page","status-publish","hentry"],"_links":{"self":[{"href":"https:\/\/tunduktravel.kg\/fr\/wp-json\/wp\/v2\/pages\/1229","targetHints":{"allow":["GET"]}}],"collection":[{"href":"https:\/\/tunduktravel.kg\/fr\/wp-json\/wp\/v2\/pages"}],"about":[{"href":"https:\/\/tunduktravel.kg\/fr\/wp-json\/wp\/v2\/types\/page"}],"author":[{"embeddable":true,"href":"https:\/\/tunduktravel.kg\/fr\/wp-json\/wp\/v2\/users\/2"}],"replies":[{"embeddable":true,"href":"https:\/\/tunduktravel.kg\/fr\/wp-json\/wp\/v2\/comments?post=1229"}],"version-history":[{"count":13,"href":"https:\/\/tunduktravel.kg\/fr\/wp-json\/wp\/v2\/pages\/1229\/revisions"}],"predecessor-version":[{"id":4905,"href":"https:\/\/tunduktravel.kg\/fr\/wp-json\/wp\/v2\/pages\/1229\/revisions\/4905"}],"wp:attachment":[{"href":"https:\/\/tunduktravel.kg\/fr\/wp-json\/wp\/v2\/media?parent=1229"}],"curies":[{"name":"wp","href":"https:\/\/api.w.org\/{rel}","templated":true}]}}