{"id":1217,"date":"2025-05-01T21:56:21","date_gmt":"2025-05-01T18:56:21","guid":{"rendered":"https:\/\/tunduktravel.kg\/?page_id=1217"},"modified":"2026-01-18T03:43:47","modified_gmt":"2026-01-18T00:43:47","slug":"the-kyrgyz-custom-of-hospitality","status":"publish","type":"page","link":"https:\/\/tunduktravel.kg\/fr\/the-kyrgyz-custom-of-hospitality\/","title":{"rendered":"La tradition kirghize de l\u2019hospitalit\u00e9"},"content":{"rendered":"<div data-elementor-type=\"wp-page\" data-elementor-id=\"1217\" class=\"elementor elementor-1217\">\n\t\t\t\t<div class=\"elementor-element elementor-element-7841483a e-flex e-con-boxed e-con e-parent\" data-id=\"7841483a\" data-element_type=\"container\" data-e-type=\"container\" data-settings=\"{&quot;background_background&quot;:&quot;classic&quot;}\">\n\t\t\t\t\t<div class=\"e-con-inner\">\n\t\t\t\t<div class=\"elementor-element elementor-element-6a6cfc47 elementor-widget elementor-widget-heading\" data-id=\"6a6cfc47\" data-element_type=\"widget\" data-e-type=\"widget\" data-widget_type=\"heading.default\">\n\t\t\t\t<div class=\"elementor-widget-container\">\n\t\t\t\t\t<h1 class=\"elementor-heading-title elementor-size-default\">La tradition kirghize de l\u2019hospitalit\u00e9\n<\/h1>\t\t\t\t<\/div>\n\t\t\t\t<\/div>\n\t\t\t\t\t<\/div>\n\t\t\t\t<\/div>\n\t\t<div class=\"elementor-element elementor-element-5352d6db e-flex e-con-boxed e-con e-parent\" data-id=\"5352d6db\" data-element_type=\"container\" data-e-type=\"container\">\n\t\t\t\t\t<div class=\"e-con-inner\">\n\t\t<div class=\"elementor-element elementor-element-15e531ea e-con-full e-flex e-con e-child\" data-id=\"15e531ea\" data-element_type=\"container\" data-e-type=\"container\">\n\t\t\t\t<div class=\"elementor-element elementor-element-39968889 elementor-widget elementor-widget-text-editor\" data-id=\"39968889\" data-element_type=\"widget\" data-e-type=\"widget\" data-widget_type=\"text-editor.default\">\n\t\t\t\t<div class=\"elementor-widget-container\">\n\t\t\t\t\t\t\t\t\t<p class=\"translation-block\" data-start=\"427\" data-end=\"792\">Chez les Kirghiz, l\u2019hospitalit\u00e9 est sacr\u00e9e. Pendant des si\u00e8cles, en tant que nomades parcourant de longues distances, les Kirghiz ont appris l\u2019importance d\u2019accueillir les \u00e9trangers avec chaleur, nourriture et un endroit s\u00fbr pour se reposer. Un proverbe traditionnel dit :\n\u00ab \u00dcygo kancha konok kirse, oshoncho k\u00fct kiret \u00bb \u2014 \u00ab Plus il entre d\u2019invit\u00e9s dans une maison, plus ils apportent de prosp\u00e9rit\u00e9. \u00bb<\/p><p class=\"translation-block\" data-start=\"794\" data-end=\"1150\">Dans la culture kirghize, l\u2019invit\u00e9 est consid\u00e9r\u00e9 comme une b\u00e9n\u00e9diction, et non comme un fardeau. Encore aujourd\u2019hui, de nombreux voyageurs sont surpris par l\u2019ouverture et la g\u00e9n\u00e9rosit\u00e9 des familles kirghizes \u2014 qui n\u2019h\u00e9sitent pas \u00e0 inviter de parfaits inconnus \u00e0 partager un th\u00e9 ou un repas complet.\nCette tradition perdure non seulement par gentillesse, mais aussi gr\u00e2ce \u00e0 une profonde compr\u00e9hension des besoins humains communs, forg\u00e9e par les r\u00e9alit\u00e9s exigeantes de la vie nomade.<\/p>\t\t\t\t\t\t\t\t<\/div>\n\t\t\t\t<\/div>\n\t\t\t\t<\/div>\n\t\t\t\t\t<\/div>\n\t\t\t\t<\/div>\n\t\t<div class=\"elementor-element elementor-element-74a3b8be e-flex e-con-boxed e-con e-parent\" data-id=\"74a3b8be\" data-element_type=\"container\" data-e-type=\"container\">\n\t\t\t\t\t<div class=\"e-con-inner\">\n\t\t<div class=\"elementor-element elementor-element-1d2b2c8 e-con-full e-flex e-con e-child\" data-id=\"1d2b2c8\" data-element_type=\"container\" data-e-type=\"container\">\n\t\t<div class=\"elementor-element elementor-element-5fdd3ab7 e-con-full e-flex e-con e-child\" data-id=\"5fdd3ab7\" data-element_type=\"container\" data-e-type=\"container\">\n\t\t\t\t<div class=\"elementor-element elementor-element-181713ff elementor-widget elementor-widget-image\" data-id=\"181713ff\" data-element_type=\"widget\" data-e-type=\"widget\" data-widget_type=\"image.default\">\n\t\t\t\t<div class=\"elementor-widget-container\">\n\t\t\t\t\t\t\t\t\t\t\t\t\t\t\t<img fetchpriority=\"high\" decoding=\"async\" width=\"1920\" height=\"1280\" src=\"https:\/\/tunduktravel.kg\/wp-content\/uploads\/2026\/01\/image-41.webp\" class=\"attachment-full size-full wp-image-4995\" alt=\"\" srcset=\"https:\/\/tunduktravel.kg\/wp-content\/uploads\/2026\/01\/image-41.webp 1920w, https:\/\/tunduktravel.kg\/wp-content\/uploads\/2026\/01\/image-41-300x200.webp 300w, https:\/\/tunduktravel.kg\/wp-content\/uploads\/2026\/01\/image-41-1024x683.webp 1024w, https:\/\/tunduktravel.kg\/wp-content\/uploads\/2026\/01\/image-41-768x512.webp 768w, https:\/\/tunduktravel.kg\/wp-content\/uploads\/2026\/01\/image-41-1536x1024.webp 1536w\" sizes=\"(max-width: 1920px) 100vw, 1920px\" \/>\t\t\t\t\t\t\t\t\t\t\t\t\t\t\t<\/div>\n\t\t\t\t<\/div>\n\t\t\t\t<\/div>\n\t\t<div class=\"elementor-element elementor-element-7576d97 e-con-full e-flex e-con e-child\" data-id=\"7576d97\" data-element_type=\"container\" data-e-type=\"container\">\n\t\t\t\t<div class=\"elementor-element elementor-element-295826b9 elementor-widget elementor-widget-image\" data-id=\"295826b9\" data-element_type=\"widget\" data-e-type=\"widget\" data-widget_type=\"image.default\">\n\t\t\t\t<div class=\"elementor-widget-container\">\n\t\t\t\t\t\t\t\t\t\t\t\t\t\t\t<img decoding=\"async\" width=\"1920\" height=\"1280\" src=\"https:\/\/tunduktravel.kg\/wp-content\/uploads\/2026\/01\/image-42.webp\" class=\"attachment-full size-full wp-image-4996\" alt=\"\" srcset=\"https:\/\/tunduktravel.kg\/wp-content\/uploads\/2026\/01\/image-42.webp 1920w, https:\/\/tunduktravel.kg\/wp-content\/uploads\/2026\/01\/image-42-300x200.webp 300w, https:\/\/tunduktravel.kg\/wp-content\/uploads\/2026\/01\/image-42-1024x683.webp 1024w, https:\/\/tunduktravel.kg\/wp-content\/uploads\/2026\/01\/image-42-768x512.webp 768w, https:\/\/tunduktravel.kg\/wp-content\/uploads\/2026\/01\/image-42-1536x1024.webp 1536w\" sizes=\"(max-width: 1920px) 100vw, 1920px\" \/>\t\t\t\t\t\t\t\t\t\t\t\t\t\t\t<\/div>\n\t\t\t\t<\/div>\n\t\t\t\t<\/div>\n\t\t<div class=\"elementor-element elementor-element-6fa787ae e-con-full e-flex e-con e-child\" data-id=\"6fa787ae\" data-element_type=\"container\" data-e-type=\"container\">\n\t\t\t\t<div class=\"elementor-element elementor-element-49f2bd78 elementor-widget elementor-widget-image\" data-id=\"49f2bd78\" data-element_type=\"widget\" data-e-type=\"widget\" data-widget_type=\"image.default\">\n\t\t\t\t<div class=\"elementor-widget-container\">\n\t\t\t\t\t\t\t\t\t\t\t\t\t\t\t<img decoding=\"async\" width=\"1920\" height=\"1280\" src=\"https:\/\/tunduktravel.kg\/wp-content\/uploads\/2026\/01\/image-43.webp\" class=\"attachment-full size-full wp-image-4999\" alt=\"\" srcset=\"https:\/\/tunduktravel.kg\/wp-content\/uploads\/2026\/01\/image-43.webp 1920w, https:\/\/tunduktravel.kg\/wp-content\/uploads\/2026\/01\/image-43-300x200.webp 300w, https:\/\/tunduktravel.kg\/wp-content\/uploads\/2026\/01\/image-43-1024x683.webp 1024w, https:\/\/tunduktravel.kg\/wp-content\/uploads\/2026\/01\/image-43-768x512.webp 768w, https:\/\/tunduktravel.kg\/wp-content\/uploads\/2026\/01\/image-43-1536x1024.webp 1536w\" sizes=\"(max-width: 1920px) 100vw, 1920px\" \/>\t\t\t\t\t\t\t\t\t\t\t\t\t\t\t<\/div>\n\t\t\t\t<\/div>\n\t\t\t\t<\/div>\n\t\t\t\t<\/div>\n\t\t\t\t\t<\/div>\n\t\t\t\t<\/div>\n\t\t<div class=\"elementor-element elementor-element-54a08499 e-flex e-con-boxed e-con e-parent\" data-id=\"54a08499\" data-element_type=\"container\" data-e-type=\"container\" data-settings=\"{&quot;background_background&quot;:&quot;classic&quot;}\">\n\t\t\t\t\t<div class=\"e-con-inner\">\n\t\t\t\t<div class=\"elementor-element elementor-element-379fcd80 elementor-widget elementor-widget-heading\" data-id=\"379fcd80\" data-element_type=\"widget\" data-e-type=\"widget\" data-widget_type=\"heading.default\">\n\t\t\t\t<div class=\"elementor-widget-container\">\n\t\t\t\t\t<h2 class=\"elementor-heading-title elementor-size-default\">Donnez vie \u00e0 votre aventure\n<\/h2>\t\t\t\t<\/div>\n\t\t\t\t<\/div>\n\t\t\t\t<div class=\"elementor-element elementor-element-6b9917ec elementor-align-justify elementor-widget elementor-widget-button\" data-id=\"6b9917ec\" data-element_type=\"widget\" data-e-type=\"widget\" data-widget_type=\"button.default\">\n\t\t\t\t<div class=\"elementor-widget-container\">\n\t\t\t\t\t\t\t\t\t<div class=\"elementor-button-wrapper\">\n\t\t\t\t\t<a class=\"elementor-button elementor-button-link elementor-size-sm\" href=\"https:\/\/tunduktravel.kg\/fr\/contact\/\">\n\t\t\t\t\t\t<span class=\"elementor-button-content-wrapper\">\n\t\t\t\t\t\t\t\t\t<span class=\"elementor-button-text\">Contactez-nous<\/span>\n\t\t\t\t\t<\/span>\n\t\t\t\t\t<\/a>\n\t\t\t\t<\/div>\n\t\t\t\t\t\t\t\t<\/div>\n\t\t\t\t<\/div>\n\t\t\t\t\t<\/div>\n\t\t\t\t<\/div>\n\t\t\t\t<\/div>","protected":false},"excerpt":{"rendered":"<p>The Kyrgyz Custom of Hospitality Among the Kyrgyz, hospitality is sacred. For centuries, as nomads who often traveled long distances, [&hellip;]<\/p>\n","protected":false},"author":2,"featured_media":0,"parent":0,"menu_order":0,"comment_status":"closed","ping_status":"closed","template":"","meta":{"site-sidebar-layout":"no-sidebar","site-content-layout":"","ast-site-content-layout":"full-width-container","site-content-style":"default","site-sidebar-style":"default","ast-global-header-display":"","ast-banner-title-visibility":"","ast-main-header-display":"","ast-hfb-above-header-display":"","ast-hfb-below-header-display":"","ast-hfb-mobile-header-display":"","site-post-title":"disabled","ast-breadcrumbs-content":"","ast-featured-img":"disabled","footer-sml-layout":"","ast-disable-related-posts":"","theme-transparent-header-meta":"","adv-header-id-meta":"","stick-header-meta":"","header-above-stick-meta":"","header-main-stick-meta":"","header-below-stick-meta":"","astra-migrate-meta-layouts":"default","ast-page-background-enabled":"default","ast-page-background-meta":{"desktop":{"background-color":"var(--ast-global-color-4)","background-image":"","background-repeat":"repeat","background-position":"center center","background-size":"auto","background-attachment":"scroll","background-type":"","background-media":"","overlay-type":"","overlay-color":"","overlay-opacity":"","overlay-gradient":""},"tablet":{"background-color":"","background-image":"","background-repeat":"repeat","background-position":"center center","background-size":"auto","background-attachment":"scroll","background-type":"","background-media":"","overlay-type":"","overlay-color":"","overlay-opacity":"","overlay-gradient":""},"mobile":{"background-color":"","background-image":"","background-repeat":"repeat","background-position":"center center","background-size":"auto","background-attachment":"scroll","background-type":"","background-media":"","overlay-type":"","overlay-color":"","overlay-opacity":"","overlay-gradient":""}},"ast-content-background-meta":{"desktop":{"background-color":"var(--ast-global-color-5)","background-image":"","background-repeat":"repeat","background-position":"center center","background-size":"auto","background-attachment":"scroll","background-type":"","background-media":"","overlay-type":"","overlay-color":"","overlay-opacity":"","overlay-gradient":""},"tablet":{"background-color":"var(--ast-global-color-5)","background-image":"","background-repeat":"repeat","background-position":"center center","background-size":"auto","background-attachment":"scroll","background-type":"","background-media":"","overlay-type":"","overlay-color":"","overlay-opacity":"","overlay-gradient":""},"mobile":{"background-color":"var(--ast-global-color-5)","background-image":"","background-repeat":"repeat","background-position":"center center","background-size":"auto","background-attachment":"scroll","background-type":"","background-media":"","overlay-type":"","overlay-color":"","overlay-opacity":"","overlay-gradient":""}},"footnotes":""},"class_list":["post-1217","page","type-page","status-publish","hentry"],"_links":{"self":[{"href":"https:\/\/tunduktravel.kg\/fr\/wp-json\/wp\/v2\/pages\/1217","targetHints":{"allow":["GET"]}}],"collection":[{"href":"https:\/\/tunduktravel.kg\/fr\/wp-json\/wp\/v2\/pages"}],"about":[{"href":"https:\/\/tunduktravel.kg\/fr\/wp-json\/wp\/v2\/types\/page"}],"author":[{"embeddable":true,"href":"https:\/\/tunduktravel.kg\/fr\/wp-json\/wp\/v2\/users\/2"}],"replies":[{"embeddable":true,"href":"https:\/\/tunduktravel.kg\/fr\/wp-json\/wp\/v2\/comments?post=1217"}],"version-history":[{"count":13,"href":"https:\/\/tunduktravel.kg\/fr\/wp-json\/wp\/v2\/pages\/1217\/revisions"}],"predecessor-version":[{"id":5002,"href":"https:\/\/tunduktravel.kg\/fr\/wp-json\/wp\/v2\/pages\/1217\/revisions\/5002"}],"wp:attachment":[{"href":"https:\/\/tunduktravel.kg\/fr\/wp-json\/wp\/v2\/media?parent=1217"}],"curies":[{"name":"wp","href":"https:\/\/api.w.org\/{rel}","templated":true}]}}