{"id":1199,"date":"2025-05-01T20:04:46","date_gmt":"2025-05-01T17:04:46","guid":{"rendered":"https:\/\/tunduktravel.kg\/?page_id=1199"},"modified":"2026-01-16T15:41:38","modified_gmt":"2026-01-16T12:41:38","slug":"interesting-facts","status":"publish","type":"page","link":"https:\/\/tunduktravel.kg\/fr\/interesting-facts\/","title":{"rendered":"Faits int\u00e9ressants"},"content":{"rendered":"<div data-elementor-type=\"wp-page\" data-elementor-id=\"1199\" class=\"elementor elementor-1199\">\n\t\t\t\t<div class=\"elementor-element elementor-element-46f9e266 e-flex e-con-boxed e-con e-parent\" data-id=\"46f9e266\" data-element_type=\"container\" data-e-type=\"container\" data-settings=\"{&quot;background_background&quot;:&quot;classic&quot;}\">\n\t\t\t\t\t<div class=\"e-con-inner\">\n\t\t\t\t<div class=\"elementor-element elementor-element-2ec86b16 elementor-widget elementor-widget-heading\" data-id=\"2ec86b16\" data-element_type=\"widget\" data-e-type=\"widget\" data-widget_type=\"heading.default\">\n\t\t\t\t<div class=\"elementor-widget-container\">\n\t\t\t\t\t<h1 class=\"elementor-heading-title elementor-size-default\">Faits int\u00e9ressants sur l\u2019identit\u00e9 et la soci\u00e9t\u00e9 kirghizes<\/h1>\t\t\t\t<\/div>\n\t\t\t\t<\/div>\n\t\t\t\t\t<\/div>\n\t\t\t\t<\/div>\n\t\t<div class=\"elementor-element elementor-element-60bf01df e-flex e-con-boxed e-con e-parent\" data-id=\"60bf01df\" data-element_type=\"container\" data-e-type=\"container\">\n\t\t\t\t\t<div class=\"e-con-inner\">\n\t\t<div class=\"elementor-element elementor-element-d446417 e-con-full e-flex e-con e-child\" data-id=\"d446417\" data-element_type=\"container\" data-e-type=\"container\">\n\t\t\t\t<div class=\"elementor-element elementor-element-0e471af elementor-widget elementor-widget-heading\" data-id=\"0e471af\" data-element_type=\"widget\" data-e-type=\"widget\" data-widget_type=\"heading.default\">\n\t\t\t\t<div class=\"elementor-widget-container\">\n\t\t\t\t\t<h5 class=\"elementor-heading-title elementor-size-default\">Pourquoi les Kirghiz ont-ils une apparence asiatique, parlent-ils russe et pratiquent-ils l\u2019islam ?<\/h5>\t\t\t\t<\/div>\n\t\t\t\t<\/div>\n\t\t\t\t<div class=\"elementor-element elementor-element-371f977 elementor-widget elementor-widget-text-editor\" data-id=\"371f977\" data-element_type=\"widget\" data-e-type=\"widget\" data-widget_type=\"text-editor.default\">\n\t\t\t\t<div class=\"elementor-widget-container\">\n\t\t\t\t\t\t\t\t\t<p class=\"\" data-start=\"373\" data-end=\"508\">C\u2019est l\u2019une des questions les plus fr\u00e9quentes pos\u00e9es par les voyageurs visitant le Kirghizistan. La r\u00e9ponse se trouve dans l\u2019histoire longue et complexe de la r\u00e9gion.<\/p><p class=\"translation-block\" data-start=\"510\" data-end=\"1087\">The Kyrgyz are a <strong data-start=\"527\" data-end=\"550\">Turkic ethnic group<\/strong>, but their appearance has evolved over centuries of <strong data-start=\"603\" data-end=\"649\">migration, intermarriage, and assimilation<\/strong>. Ancient Chinese records described the early Kyrgyz \u2014 particularly those of the <strong data-start=\"730\" data-end=\"748\">Yenisei Kyrgyz<\/strong> in southern Siberia \u2014 as <strong data-start=\"774\" data-end=\"843\">light-skinned, with green or blue eyes and even red or blond hair<\/strong>. However, over time, as they migrated southward and came into contact with <strong data-start=\"919\" data-end=\"931\">Mongolic<\/strong>, <strong data-start=\"933\" data-end=\"944\">Chinese<\/strong>, and <strong data-start=\"950\" data-end=\"967\">Central Asian<\/strong> populations, the Kyrgyz people gradually adopted more <strong data-start=\"1022\" data-end=\"1048\">East Asian (Mongoloid)<\/strong> features, typical of the region today.<\/p><p class=\"\" data-start=\"1089\" data-end=\"1271\">Ces si\u00e8cles de m\u00e9tissage culturel et g\u00e9n\u00e9tique ont fa\u00e7onn\u00e9 l\u2019identit\u00e9 kirghize moderne : un m\u00e9lange de langue turcique, de traditions nomades, de foi islamique et d\u2019une apparence centrasiatique.<\/p>\t\t\t\t\t\t\t\t<\/div>\n\t\t\t\t<\/div>\n\t\t\t\t<div class=\"elementor-element elementor-element-0107b52 elementor-widget elementor-widget-heading\" data-id=\"0107b52\" data-element_type=\"widget\" data-e-type=\"widget\" data-widget_type=\"heading.default\">\n\t\t\t\t<div class=\"elementor-widget-container\">\n\t\t\t\t\t<h5 class=\"elementor-heading-title elementor-size-default\">L\u2019arriv\u00e9e de l\u2019islam au Kirghizistan\n<\/h5>\t\t\t\t<\/div>\n\t\t\t\t<\/div>\n\t\t\t\t<div class=\"elementor-element elementor-element-f53e656 elementor-widget elementor-widget-text-editor\" data-id=\"f53e656\" data-element_type=\"widget\" data-e-type=\"widget\" data-widget_type=\"text-editor.default\">\n\t\t\t\t<div class=\"elementor-widget-container\">\n\t\t\t\t\t\t\t\t\t<p class=\"translation-block\" data-start=\"1323\" data-end=\"1560\">Avant l\u2019islam, les Kirghiz pratiquaient le tengrisme, un syst\u00e8me de croyances animiste et chamanique fond\u00e9 sur le respect de la nature, des esprits ancestraux et du ciel \u00e9ternel (Tengri). Des \u00e9l\u00e9ments de cette vision du monde subsistent encore aujourd\u2019hui dans le folklore et les coutumes kirghizes.<\/p><p class=\"translation-block\" data-start=\"1562\" data-end=\"2034\">L\u2019islam a commenc\u00e9 \u00e0 se diffuser en Asie centrale aux VIII\u1d49\u2013IX\u1d49 si\u00e8cles, \u00e0 la suite des conqu\u00eates arabes. Toutefois, en raison du mode de vie montagnard et nomade des Kirghiz, ainsi que de leur organisation tribale d\u00e9centralis\u00e9e, l\u2019adoption de l\u2019islam fut lente et progressive.\nLa religion s\u2019est propag\u00e9e principalement par les routes commerciales, notamment la Route de la Soie, gr\u00e2ce aux \u00e9rudits itin\u00e9rants, aux mystiques soufis et aux marchands. Ce processus s\u2019est \u00e9tal\u00e9 sur plusieurs si\u00e8cles et a davantage repos\u00e9 sur les \u00e9changes culturels que sur la conqu\u00eate militaire.<\/p><p class=\"translation-block\" data-start=\"2036\" data-end=\"2477\">Aujourd\u2019hui, l\u2019islam pratiqu\u00e9 au Kirghizistan est g\u00e9n\u00e9ralement mod\u00e9r\u00e9 et localis\u00e9. Bien que la majorit\u00e9 de la population se consid\u00e8re musulmane, de nombreuses pratiques religieuses sont m\u00eal\u00e9es \u00e0 des traditions ancestrales. Les femmes portent souvent un simple foulard (jooluk) plut\u00f4t qu\u2019un voile int\u00e9gral, et l\u2019alcool est l\u00e9galement vendu et largement consomm\u00e9. Le Kirghizistan est un \u00c9tat la\u00efc, et la religion est s\u00e9par\u00e9e du pouvoir politique.<\/p>\t\t\t\t\t\t\t\t<\/div>\n\t\t\t\t<\/div>\n\t\t\t\t<div class=\"elementor-element elementor-element-48cad76 elementor-widget elementor-widget-heading\" data-id=\"48cad76\" data-element_type=\"widget\" data-e-type=\"widget\" data-widget_type=\"heading.default\">\n\t\t\t\t<div class=\"elementor-widget-container\">\n\t\t\t\t\t<h5 class=\"elementor-heading-title elementor-size-default\">Pourquoi le russe est-il si largement parl\u00e9 au Kirghizistan ?\n<\/h5>\t\t\t\t<\/div>\n\t\t\t\t<\/div>\n\t\t\t\t<div class=\"elementor-element elementor-element-632bfed elementor-widget elementor-widget-text-editor\" data-id=\"632bfed\" data-element_type=\"widget\" data-e-type=\"widget\" data-widget_type=\"text-editor.default\">\n\t\t\t\t<div class=\"elementor-widget-container\">\n\t\t\t\t\t\t\t\t\t<p class=\"translation-block\" data-start=\"2541\" data-end=\"2862\">La langue russe s\u2019est impos\u00e9e durant la p\u00e9riode sovi\u00e9tique, lorsque le Kirghizistan faisait partie de l\u2019URSS (de 1936 \u00e0 1991). Le russe \u00e9tait alors la langue officielle de l\u2019administration, de la science, de l\u2019\u00e9ducation et des m\u00e9dias dans toutes les r\u00e9publiques sovi\u00e9tiques. Pendant plus de 70 ans, il a servi de langue principale de communication interethnique.<\/p><p class=\"translation-block\" data-start=\"2864\" data-end=\"3185\">Apr\u00e8s l\u2019ind\u00e9pendance en 1991, le Kirghizistan a conserv\u00e9 le russe comme langue officielle, aux c\u00f4t\u00e9s du kirghiz. Aujourd\u2019hui, le russe reste tr\u00e8s utilis\u00e9 dans les villes, les institutions publiques et l\u2019enseignement sup\u00e9rieur. Il permet \u00e9galement un acc\u00e8s \u00e9largi aux m\u00e9dias internationaux, \u00e0 l\u2019information et aux march\u00e9s du travail \u2014 en particulier en Russie et au Kazakhstan.<\/p><p class=\"translation-block\" data-start=\"3187\" data-end=\"3474\">Parall\u00e8lement, les efforts pour pr\u00e9server et promouvoir la langue kirghize se sont intensifi\u00e9s ces derni\u00e8res ann\u00e9es, notamment dans l\u2019\u00e9ducation et les m\u00e9dias. Le pays soutient aussi l\u2019enseignement multilingue : l\u2019anglais, le turc, le chinois et l\u2019allemand sont enseign\u00e9s comme langues \u00e9trang\u00e8res dans de nombreuses \u00e9coles.<\/p>\t\t\t\t\t\t\t\t<\/div>\n\t\t\t\t<\/div>\n\t\t\t\t<div class=\"elementor-element elementor-element-eb18b15 elementor-widget elementor-widget-heading\" data-id=\"eb18b15\" data-element_type=\"widget\" data-e-type=\"widget\" data-widget_type=\"heading.default\">\n\t\t\t\t<div class=\"elementor-widget-container\">\n\t\t\t\t\t<h5 class=\"elementor-heading-title elementor-size-default\">Pourquoi voit-on autant de voitures et de smartphones co\u00fbteux dans un pays aux revenus moyens modestes ?<\/h5>\t\t\t\t<\/div>\n\t\t\t\t<\/div>\n\t\t\t\t<div class=\"elementor-element elementor-element-26a5a16 elementor-widget elementor-widget-text-editor\" data-id=\"26a5a16\" data-element_type=\"widget\" data-e-type=\"widget\" data-widget_type=\"text-editor.default\">\n\t\t\t\t<div class=\"elementor-widget-container\">\n\t\t\t\t\t\t\t\t\t<p class=\"translation-block\" data-start=\"3582\" data-end=\"3777\">Ce paradoxe surprend souvent les visiteurs \u00e9trangers. Bien que les salaires et les pensions soient relativement bas \u2014 surtout dans les zones rurales \u2014 plusieurs facteurs expliquent cette richesse visible :<\/p><ol data-start=\"3779\" data-end=\"4805\"><li class=\"\" data-start=\"3779\" data-end=\"4016\"><p class=\"translation-block\" data-start=\"3782\" data-end=\"4016\">Migration de travail \u2013 De nombreux Kirghiz travaillent \u00e0 l\u2019\u00e9tranger (principalement en Russie, au Kazakhstan et en Cor\u00e9e du Sud) et envoient de l\u2019argent \u00e0 leurs familles. Ces transferts jouent un r\u00f4le majeur dans l\u2019\u00e9conomie locale.<\/p><\/li><li class=\"\" data-start=\"4018\" data-end=\"4206\"><p class=\"translation-block\" data-start=\"4021\" data-end=\"4206\">\u00c9conomie familiale \u2013 Beaucoup de foyers combinent emplois officiels, agriculture, \u00e9levage ou petites entreprises familiales, diversifiant ainsi leurs sources de revenus.<\/p><\/li><li class=\"\" data-start=\"4208\" data-end=\"4416\"><p class=\"translation-block\" data-start=\"4211\" data-end=\"4416\">Structure sociale \u2013 Les familles kirghizes mettent souvent leurs ressources en commun pour acheter une voiture, un logement ou financer les \u00e9tudes. Les liens familiaux forts servent de filet de s\u00e9curit\u00e9 sociale informel.<\/p><\/li><li class=\"\" data-start=\"4418\" data-end=\"4625\"><p class=\"translation-block\" data-start=\"4421\" data-end=\"4625\">Fiscalit\u00e9 et r\u00e9glementation souples \u2013 Les taxes sur les voitures import\u00e9es sont relativement faibles et l\u2019assurance automobile n\u2019est pas obligatoire, ce qui rend l\u2019acc\u00e8s \u00e0 la voiture plus facile.<\/p><\/li><li class=\"\" data-start=\"4627\" data-end=\"4805\"><p class=\"translation-block\" data-start=\"4630\" data-end=\"4805\">Priorit\u00e9s culturelles \u2013 Poss\u00e9der une voiture moderne ou un smartphone est souvent per\u00e7u comme un symbole de r\u00e9ussite et de respect de soi, m\u00eame avec des revenus modestes.<\/p><\/li><\/ol><p class=\"\" data-start=\"4807\" data-end=\"4955\">Ainsi, malgr\u00e9 les d\u00e9fis \u00e9conomiques, de nombreux Kirghiz parviennent \u2014 gr\u00e2ce au soutien familial, aux revenus de l\u2019\u00e9tranger et \u00e0 leur travail \u2014 \u00e0 maintenir une bonne qualit\u00e9 de vie.<\/p>\t\t\t\t\t\t\t\t<\/div>\n\t\t\t\t<\/div>\n\t\t\t\t<\/div>\n\t\t\t\t\t<\/div>\n\t\t\t\t<\/div>\n\t\t<div class=\"elementor-element elementor-element-55e04df3 e-flex e-con-boxed e-con e-parent\" data-id=\"55e04df3\" data-element_type=\"container\" data-e-type=\"container\" data-settings=\"{&quot;background_background&quot;:&quot;classic&quot;}\">\n\t\t\t\t\t<div class=\"e-con-inner\">\n\t\t\t\t<div class=\"elementor-element elementor-element-1cecc25e elementor-widget elementor-widget-heading\" data-id=\"1cecc25e\" data-element_type=\"widget\" data-e-type=\"widget\" data-widget_type=\"heading.default\">\n\t\t\t\t<div class=\"elementor-widget-container\">\n\t\t\t\t\t<h2 class=\"elementor-heading-title elementor-size-default\">Donnez vie \u00e0 votre aventure\n<\/h2>\t\t\t\t<\/div>\n\t\t\t\t<\/div>\n\t\t\t\t<div class=\"elementor-element elementor-element-5e57f334 elementor-align-justify elementor-widget elementor-widget-button\" data-id=\"5e57f334\" data-element_type=\"widget\" data-e-type=\"widget\" data-widget_type=\"button.default\">\n\t\t\t\t<div class=\"elementor-widget-container\">\n\t\t\t\t\t\t\t\t\t<div class=\"elementor-button-wrapper\">\n\t\t\t\t\t<a class=\"elementor-button elementor-button-link elementor-size-sm\" href=\"https:\/\/tunduktravel.kg\/fr\/contact\/\">\n\t\t\t\t\t\t<span class=\"elementor-button-content-wrapper\">\n\t\t\t\t\t\t\t\t\t<span class=\"elementor-button-text\">Contactez-nous<\/span>\n\t\t\t\t\t<\/span>\n\t\t\t\t\t<\/a>\n\t\t\t\t<\/div>\n\t\t\t\t\t\t\t\t<\/div>\n\t\t\t\t<\/div>\n\t\t\t\t\t<\/div>\n\t\t\t\t<\/div>\n\t\t\t\t<\/div>","protected":false},"excerpt":{"rendered":"<p>Interesting Facts About Kyrgyz Identity and Society Why do Kyrgyz people look Asian but speak Russian and practice Islam? This [&hellip;]<\/p>\n","protected":false},"author":2,"featured_media":0,"parent":0,"menu_order":0,"comment_status":"closed","ping_status":"closed","template":"","meta":{"site-sidebar-layout":"no-sidebar","site-content-layout":"","ast-site-content-layout":"full-width-container","site-content-style":"default","site-sidebar-style":"default","ast-global-header-display":"","ast-banner-title-visibility":"","ast-main-header-display":"","ast-hfb-above-header-display":"","ast-hfb-below-header-display":"","ast-hfb-mobile-header-display":"","site-post-title":"disabled","ast-breadcrumbs-content":"","ast-featured-img":"disabled","footer-sml-layout":"","ast-disable-related-posts":"","theme-transparent-header-meta":"","adv-header-id-meta":"","stick-header-meta":"","header-above-stick-meta":"","header-main-stick-meta":"","header-below-stick-meta":"","astra-migrate-meta-layouts":"default","ast-page-background-enabled":"default","ast-page-background-meta":{"desktop":{"background-color":"var(--ast-global-color-4)","background-image":"","background-repeat":"repeat","background-position":"center center","background-size":"auto","background-attachment":"scroll","background-type":"","background-media":"","overlay-type":"","overlay-color":"","overlay-opacity":"","overlay-gradient":""},"tablet":{"background-color":"","background-image":"","background-repeat":"repeat","background-position":"center center","background-size":"auto","background-attachment":"scroll","background-type":"","background-media":"","overlay-type":"","overlay-color":"","overlay-opacity":"","overlay-gradient":""},"mobile":{"background-color":"","background-image":"","background-repeat":"repeat","background-position":"center center","background-size":"auto","background-attachment":"scroll","background-type":"","background-media":"","overlay-type":"","overlay-color":"","overlay-opacity":"","overlay-gradient":""}},"ast-content-background-meta":{"desktop":{"background-color":"var(--ast-global-color-5)","background-image":"","background-repeat":"repeat","background-position":"center center","background-size":"auto","background-attachment":"scroll","background-type":"","background-media":"","overlay-type":"","overlay-color":"","overlay-opacity":"","overlay-gradient":""},"tablet":{"background-color":"var(--ast-global-color-5)","background-image":"","background-repeat":"repeat","background-position":"center center","background-size":"auto","background-attachment":"scroll","background-type":"","background-media":"","overlay-type":"","overlay-color":"","overlay-opacity":"","overlay-gradient":""},"mobile":{"background-color":"var(--ast-global-color-5)","background-image":"","background-repeat":"repeat","background-position":"center center","background-size":"auto","background-attachment":"scroll","background-type":"","background-media":"","overlay-type":"","overlay-color":"","overlay-opacity":"","overlay-gradient":""}},"footnotes":""},"class_list":["post-1199","page","type-page","status-publish","hentry"],"_links":{"self":[{"href":"https:\/\/tunduktravel.kg\/fr\/wp-json\/wp\/v2\/pages\/1199","targetHints":{"allow":["GET"]}}],"collection":[{"href":"https:\/\/tunduktravel.kg\/fr\/wp-json\/wp\/v2\/pages"}],"about":[{"href":"https:\/\/tunduktravel.kg\/fr\/wp-json\/wp\/v2\/types\/page"}],"author":[{"embeddable":true,"href":"https:\/\/tunduktravel.kg\/fr\/wp-json\/wp\/v2\/users\/2"}],"replies":[{"embeddable":true,"href":"https:\/\/tunduktravel.kg\/fr\/wp-json\/wp\/v2\/comments?post=1199"}],"version-history":[{"count":19,"href":"https:\/\/tunduktravel.kg\/fr\/wp-json\/wp\/v2\/pages\/1199\/revisions"}],"predecessor-version":[{"id":4598,"href":"https:\/\/tunduktravel.kg\/fr\/wp-json\/wp\/v2\/pages\/1199\/revisions\/4598"}],"wp:attachment":[{"href":"https:\/\/tunduktravel.kg\/fr\/wp-json\/wp\/v2\/media?parent=1199"}],"curies":[{"name":"wp","href":"https:\/\/api.w.org\/{rel}","templated":true}]}}