{"id":1175,"date":"2025-05-01T15:10:18","date_gmt":"2025-05-01T12:10:18","guid":{"rendered":"https:\/\/tunduktravel.kg\/?page_id=1175"},"modified":"2026-01-18T03:15:10","modified_gmt":"2026-01-18T00:15:10","slug":"a-brief-history-of-kyrgyzstan","status":"publish","type":"page","link":"https:\/\/tunduktravel.kg\/fr\/a-brief-history-of-kyrgyzstan\/","title":{"rendered":"Br\u00e8ve histoire du Kirghizistan"},"content":{"rendered":"<div data-elementor-type=\"wp-page\" data-elementor-id=\"1175\" class=\"elementor elementor-1175\">\n\t\t\t\t<div class=\"elementor-element elementor-element-25390b25 e-flex e-con-boxed e-con e-parent\" data-id=\"25390b25\" data-element_type=\"container\" data-e-type=\"container\" data-settings=\"{&quot;background_background&quot;:&quot;classic&quot;}\">\n\t\t\t\t\t<div class=\"e-con-inner\">\n\t\t\t\t<div class=\"elementor-element elementor-element-698dc2b8 elementor-widget elementor-widget-heading\" data-id=\"698dc2b8\" data-element_type=\"widget\" data-e-type=\"widget\" data-widget_type=\"heading.default\">\n\t\t\t\t<div class=\"elementor-widget-container\">\n\t\t\t\t\t<h1 class=\"elementor-heading-title elementor-size-default\">Br\u00e8ve histoire du Kirghizistan<\/h1>\t\t\t\t<\/div>\n\t\t\t\t<\/div>\n\t\t\t\t\t<\/div>\n\t\t\t\t<\/div>\n\t\t<div class=\"elementor-element elementor-element-3831369f e-flex e-con-boxed e-con e-parent\" data-id=\"3831369f\" data-element_type=\"container\" data-e-type=\"container\">\n\t\t\t\t\t<div class=\"e-con-inner\">\n\t\t<div class=\"elementor-element elementor-element-1670b4e8 e-con-full e-flex e-con e-child\" data-id=\"1670b4e8\" data-element_type=\"container\" data-e-type=\"container\">\n\t\t\t\t<div class=\"elementor-element elementor-element-26088950 elementor-widget elementor-widget-text-editor\" data-id=\"26088950\" data-element_type=\"widget\" data-e-type=\"widget\" data-widget_type=\"text-editor.default\">\n\t\t\t\t<div class=\"elementor-widget-container\">\n\t\t\t\t\t\t\t\t\t<p class=\"translation-block\">L\u2019histoire du peuple kirghiz s\u2019\u00e9tend sur plus de 3 000 ans. Les premi\u00e8res mentions de l\u2019ethnonyme \u00ab Kyrgyz \u00bb apparaissent dans des chroniques chinoises anciennes datant du II\u1d49 si\u00e8cle av. J.-C. Au fil du temps, les anc\u00eatres des Kirghiz modernes ont fait partie d\u2019un vaste r\u00e9seau de tribus nomades parcourant l\u2019Asie centrale, le sud de la Sib\u00e9rie, le nord de la Chine et certaines r\u00e9gions de la Mongolie.<\/p><p class=\"translation-block\">Aux premiers si\u00e8cles avant notre \u00e8re, les Kirghiz faisaient partie de grandes conf\u00e9d\u00e9rations tribales telles que les Sakas, les Usuns, puis plus tard les Xiongnu (Huns). Entre les VI\u1d49 et IX\u1d49 si\u00e8cles apr. J.-C., ils furent int\u00e9gr\u00e9s \u00e0 diff\u00e9rents empires turcs. Le premier \u00c9tat kirghiz le plus marquant fut le Khaganat des Kirghiz du Ienisse\u00ef, centr\u00e9 pr\u00e8s du cours sup\u00e9rieur du fleuve Ienisse\u00ef, dans le sud de la Sib\u00e9rie. En 840 apr. J.-C., les Kirghiz du Ienisse\u00ef vainquirent le puissant Khaganat ou\u00efghour, acqu\u00e9rant une influence consid\u00e9rable en Asie centrale.<\/p><p class=\"translation-block\">Par la suite, les Kirghiz furent d\u00e9pass\u00e9s par des empires plus puissants et commenc\u00e8rent \u00e0 se d\u00e9placer vers le sud. Entre les XI\u1d49 et XV\u1d49 si\u00e8cles, des groupes kirghiz migr\u00e8rent progressivement vers le territoire de l\u2019actuel Kirghizistan, notamment dans les montagnes du Tian Shan, sous la pression de l\u2019Empire mongol et d\u2019autres forces r\u00e9gionales.<\/p><p class=\"translation-block\">Du XVII\u1d49 au XIX\u1d49 si\u00e8cle, les terres kirghizes furent disput\u00e9es par plusieurs puissances voisines, dont le khanat dzoungar, la dynastie Qing et le khanat de Kokand. Confront\u00e9es \u00e0 des difficult\u00e9s \u00e9conomiques et \u00e0 une instabilit\u00e9 politique sous la domination de Kokand, les tribus kirghizes du nord s\u2019alli\u00e8rent volontairement \u00e0 l\u2019Empire russe dans les ann\u00e9es 1850. Dans les ann\u00e9es 1870, les territoires kirghiz du sud furent \u00e0 leur tour int\u00e9gr\u00e9s \u00e0 l\u2019Empire russe.<\/p><p class=\"translation-block\">Apr\u00e8s la R\u00e9volution russe de 1917, le Kirghizistan traversa une p\u00e9riode de r\u00e9organisation sovi\u00e9tique. Il devint d\u2019abord l\u2019oblast autonome kara-kirghiz en 1924, puis la R\u00e9publique socialiste sovi\u00e9tique kirghize en 1936, au sein de l\u2019URSS. Sous le r\u00e9gime sovi\u00e9tique, la r\u00e9gion connut une industrialisation et une modernisation rapides, ainsi que de profonds changements culturels \u2014 mais aussi des r\u00e9pressions, la collectivisation et la perte de nombreuses pratiques traditionnelles.<\/p><p class=\"translation-block\">En 1991, \u00e0 la suite de l\u2019effondrement de l\u2019Union sovi\u00e9tique, le Kirghizistan d\u00e9clara son ind\u00e9pendance, devenant un \u00c9tat souverain.<\/p><p class=\"translation-block\">Aujourd\u2019hui, le Kirghizistan est une r\u00e9publique marqu\u00e9e par un riche m\u00e9lange d\u2019h\u00e9ritage nomade turcique et d\u2019h\u00e9ritage sovi\u00e9tique. La majorit\u00e9 de la population est musulmane, l\u2019islam \u00e9tant la religion dominante, suivie du christianisme orthodoxe russe, ainsi que de petites communaut\u00e9s pratiquant d\u2019autres religions.<\/p><p>L\u2019histoire du Kirghizistan est celle du mouvement, de l\u2019adaptation et de la r\u00e9silience \u2014 fa\u00e7onn\u00e9e par les montagnes, les empires et des si\u00e8cles d\u2019\u00e9changes culturels le long de la Route de la Soie.<\/p>\t\t\t\t\t\t\t\t<\/div>\n\t\t\t\t<\/div>\n\t\t\t\t<\/div>\n\t\t\t\t\t<\/div>\n\t\t\t\t<\/div>\n\t\t<div class=\"elementor-element elementor-element-d1a0263 e-flex e-con-boxed e-con e-parent\" data-id=\"d1a0263\" data-element_type=\"container\" data-e-type=\"container\">\n\t\t\t\t\t<div class=\"e-con-inner\">\n\t\t<div class=\"elementor-element elementor-element-8a2fda0 e-con-full e-flex e-con e-child\" data-id=\"8a2fda0\" data-element_type=\"container\" data-e-type=\"container\">\n\t\t<div class=\"elementor-element elementor-element-ef46876 e-con-full e-flex e-con e-child\" data-id=\"ef46876\" data-element_type=\"container\" data-e-type=\"container\">\n\t\t\t\t<div class=\"elementor-element elementor-element-f3326b2 elementor-widget elementor-widget-image\" data-id=\"f3326b2\" data-element_type=\"widget\" data-e-type=\"widget\" data-widget_type=\"image.default\">\n\t\t\t\t<div class=\"elementor-widget-container\">\n\t\t\t\t\t\t\t\t\t\t\t\t\t\t\t<img fetchpriority=\"high\" decoding=\"async\" width=\"1920\" height=\"1379\" src=\"https:\/\/tunduktravel.kg\/wp-content\/uploads\/2026\/01\/image-35.webp\" class=\"attachment-full size-full wp-image-4964\" alt=\"\" srcset=\"https:\/\/tunduktravel.kg\/wp-content\/uploads\/2026\/01\/image-35.webp 1920w, https:\/\/tunduktravel.kg\/wp-content\/uploads\/2026\/01\/image-35-300x215.webp 300w, https:\/\/tunduktravel.kg\/wp-content\/uploads\/2026\/01\/image-35-1024x735.webp 1024w, https:\/\/tunduktravel.kg\/wp-content\/uploads\/2026\/01\/image-35-768x552.webp 768w, https:\/\/tunduktravel.kg\/wp-content\/uploads\/2026\/01\/image-35-1536x1103.webp 1536w\" sizes=\"(max-width: 1920px) 100vw, 1920px\" \/>\t\t\t\t\t\t\t\t\t\t\t\t\t\t\t<\/div>\n\t\t\t\t<\/div>\n\t\t\t\t<div class=\"elementor-element elementor-element-c2402db elementor-widget elementor-widget-heading\" data-id=\"c2402db\" data-element_type=\"widget\" data-e-type=\"widget\" data-widget_type=\"heading.default\">\n\t\t\t\t<div class=\"elementor-widget-container\">\n\t\t\t\t\t<h5 class=\"elementor-heading-title elementor-size-default\">Inscriptions runiques de l\u2019Ienisse\u00ef (VI\u1d49\u2013IX\u1d49 si\u00e8cles) \u2014 h\u00e9ritage ancien des Kirghiz<\/h5>\t\t\t\t<\/div>\n\t\t\t\t<\/div>\n\t\t\t\t<\/div>\n\t\t<div class=\"elementor-element elementor-element-51c416c e-con-full e-flex e-con e-child\" data-id=\"51c416c\" data-element_type=\"container\" data-e-type=\"container\">\n\t\t\t\t<div class=\"elementor-element elementor-element-50619d8 elementor-widget elementor-widget-image\" data-id=\"50619d8\" data-element_type=\"widget\" data-e-type=\"widget\" data-widget_type=\"image.default\">\n\t\t\t\t<div class=\"elementor-widget-container\">\n\t\t\t\t\t\t\t\t\t\t\t\t\t\t\t<img decoding=\"async\" width=\"1920\" height=\"1427\" src=\"https:\/\/tunduktravel.kg\/wp-content\/uploads\/2026\/01\/image-37.webp\" class=\"attachment-full size-full wp-image-4966\" alt=\"\" srcset=\"https:\/\/tunduktravel.kg\/wp-content\/uploads\/2026\/01\/image-37.webp 1920w, https:\/\/tunduktravel.kg\/wp-content\/uploads\/2026\/01\/image-37-300x223.webp 300w, https:\/\/tunduktravel.kg\/wp-content\/uploads\/2026\/01\/image-37-1024x761.webp 1024w, https:\/\/tunduktravel.kg\/wp-content\/uploads\/2026\/01\/image-37-768x571.webp 768w, https:\/\/tunduktravel.kg\/wp-content\/uploads\/2026\/01\/image-37-1536x1142.webp 1536w\" sizes=\"(max-width: 1920px) 100vw, 1920px\" \/>\t\t\t\t\t\t\t\t\t\t\t\t\t\t\t<\/div>\n\t\t\t\t<\/div>\n\t\t\t\t<div class=\"elementor-element elementor-element-ecfc3fd elementor-widget elementor-widget-heading\" data-id=\"ecfc3fd\" data-element_type=\"widget\" data-e-type=\"widget\" data-widget_type=\"heading.default\">\n\t\t\t\t<div class=\"elementor-widget-container\">\n\t\t\t\t\t<h5 class=\"elementor-heading-title elementor-size-default\">Nomades kirghiz avec une yourte dans le Tian Shan, d\u00e9but du XX\u1d49 si\u00e8cle<\/h5>\t\t\t\t<\/div>\n\t\t\t\t<\/div>\n\t\t\t\t<\/div>\n\t\t<div class=\"elementor-element elementor-element-f9782a8 e-con-full e-flex e-con e-child\" data-id=\"f9782a8\" data-element_type=\"container\" data-e-type=\"container\">\n\t\t\t\t<div class=\"elementor-element elementor-element-b252d34 elementor-widget elementor-widget-image\" data-id=\"b252d34\" data-element_type=\"widget\" data-e-type=\"widget\" data-widget_type=\"image.default\">\n\t\t\t\t<div class=\"elementor-widget-container\">\n\t\t\t\t\t\t\t\t\t\t\t\t\t\t\t<img decoding=\"async\" width=\"1920\" height=\"1381\" src=\"https:\/\/tunduktravel.kg\/wp-content\/uploads\/2026\/01\/image-38.webp\" class=\"attachment-full size-full wp-image-4967\" alt=\"\" srcset=\"https:\/\/tunduktravel.kg\/wp-content\/uploads\/2026\/01\/image-38.webp 1920w, https:\/\/tunduktravel.kg\/wp-content\/uploads\/2026\/01\/image-38-300x216.webp 300w, https:\/\/tunduktravel.kg\/wp-content\/uploads\/2026\/01\/image-38-1024x737.webp 1024w, https:\/\/tunduktravel.kg\/wp-content\/uploads\/2026\/01\/image-38-768x552.webp 768w, https:\/\/tunduktravel.kg\/wp-content\/uploads\/2026\/01\/image-38-1536x1105.webp 1536w\" sizes=\"(max-width: 1920px) 100vw, 1920px\" \/>\t\t\t\t\t\t\t\t\t\t\t\t\t\t\t<\/div>\n\t\t\t\t<\/div>\n\t\t\t\t<div class=\"elementor-element elementor-element-d272c33 elementor-widget elementor-widget-heading\" data-id=\"d272c33\" data-element_type=\"widget\" data-e-type=\"widget\" data-widget_type=\"heading.default\">\n\t\t\t\t<div class=\"elementor-widget-container\">\n\t\t\t\t\t<h5 class=\"elementor-heading-title elementor-size-default\">R\u00e9colte du foin dans un kolkhoze sovi\u00e9tique, RSS kirghize, milieu du XX\u1d49 si\u00e8cle<\/h5>\t\t\t\t<\/div>\n\t\t\t\t<\/div>\n\t\t\t\t<\/div>\n\t\t<div class=\"elementor-element elementor-element-9b30fdf e-con-full e-flex e-con e-child\" data-id=\"9b30fdf\" data-element_type=\"container\" data-e-type=\"container\">\n\t\t\t\t<div class=\"elementor-element elementor-element-add517c elementor-widget elementor-widget-image\" data-id=\"add517c\" data-element_type=\"widget\" data-e-type=\"widget\" data-widget_type=\"image.default\">\n\t\t\t\t<div class=\"elementor-widget-container\">\n\t\t\t\t\t\t\t\t\t\t\t\t\t\t\t<img loading=\"lazy\" decoding=\"async\" width=\"1440\" height=\"1920\" src=\"https:\/\/tunduktravel.kg\/wp-content\/uploads\/2026\/01\/mikhail-blinov-Rdas1wu9EO8-unsplash.webp\" class=\"attachment-full size-full wp-image-3937\" alt=\"\" srcset=\"https:\/\/tunduktravel.kg\/wp-content\/uploads\/2026\/01\/mikhail-blinov-Rdas1wu9EO8-unsplash.webp 1440w, https:\/\/tunduktravel.kg\/wp-content\/uploads\/2026\/01\/mikhail-blinov-Rdas1wu9EO8-unsplash-225x300.webp 225w, https:\/\/tunduktravel.kg\/wp-content\/uploads\/2026\/01\/mikhail-blinov-Rdas1wu9EO8-unsplash-768x1024.webp 768w, https:\/\/tunduktravel.kg\/wp-content\/uploads\/2026\/01\/mikhail-blinov-Rdas1wu9EO8-unsplash-1152x1536.webp 1152w\" sizes=\"(max-width: 1440px) 100vw, 1440px\" \/>\t\t\t\t\t\t\t\t\t\t\t\t\t\t\t<\/div>\n\t\t\t\t<\/div>\n\t\t\t\t<div class=\"elementor-element elementor-element-3b9bda1 elementor-widget elementor-widget-heading\" data-id=\"3b9bda1\" data-element_type=\"widget\" data-e-type=\"widget\" data-widget_type=\"heading.default\">\n\t\t\t\t<div class=\"elementor-widget-container\">\n\t\t\t\t\t<h5 class=\"elementor-heading-title elementor-size-default\">Place Ala-Too \u2014 Kirghizistan ind\u00e9pendant depuis 1991<\/h5>\t\t\t\t<\/div>\n\t\t\t\t<\/div>\n\t\t\t\t<\/div>\n\t\t\t\t<\/div>\n\t\t\t\t\t<\/div>\n\t\t\t\t<\/div>\n\t\t<div class=\"elementor-element elementor-element-1370388 e-flex e-con-boxed e-con e-parent\" data-id=\"1370388\" data-element_type=\"container\" data-e-type=\"container\" data-settings=\"{&quot;background_background&quot;:&quot;classic&quot;}\">\n\t\t\t\t\t<div class=\"e-con-inner\">\n\t\t\t\t<div class=\"elementor-element elementor-element-75bc3bfe elementor-widget elementor-widget-heading\" data-id=\"75bc3bfe\" data-element_type=\"widget\" data-e-type=\"widget\" data-widget_type=\"heading.default\">\n\t\t\t\t<div class=\"elementor-widget-container\">\n\t\t\t\t\t<h2 class=\"elementor-heading-title elementor-size-default\">Donnez vie \u00e0 votre aventure\n<\/h2>\t\t\t\t<\/div>\n\t\t\t\t<\/div>\n\t\t\t\t<div class=\"elementor-element elementor-element-47affecf elementor-align-justify elementor-widget elementor-widget-button\" data-id=\"47affecf\" data-element_type=\"widget\" data-e-type=\"widget\" data-widget_type=\"button.default\">\n\t\t\t\t<div class=\"elementor-widget-container\">\n\t\t\t\t\t\t\t\t\t<div class=\"elementor-button-wrapper\">\n\t\t\t\t\t<a class=\"elementor-button elementor-button-link elementor-size-sm\" href=\"https:\/\/tunduktravel.kg\/fr\/contact\/\">\n\t\t\t\t\t\t<span class=\"elementor-button-content-wrapper\">\n\t\t\t\t\t\t\t\t\t<span class=\"elementor-button-text\">Contactez-nous<\/span>\n\t\t\t\t\t<\/span>\n\t\t\t\t\t<\/a>\n\t\t\t\t<\/div>\n\t\t\t\t\t\t\t\t<\/div>\n\t\t\t\t<\/div>\n\t\t\t\t\t<\/div>\n\t\t\t\t<\/div>\n\t\t\t\t<\/div>","protected":false},"excerpt":{"rendered":"<p>A Brief History of Kyrgyzstan The history of the Kyrgyz people spans more than 3,000 years. Early mentions of the [&hellip;]<\/p>\n","protected":false},"author":2,"featured_media":0,"parent":0,"menu_order":0,"comment_status":"closed","ping_status":"closed","template":"","meta":{"site-sidebar-layout":"no-sidebar","site-content-layout":"","ast-site-content-layout":"full-width-container","site-content-style":"default","site-sidebar-style":"default","ast-global-header-display":"","ast-banner-title-visibility":"","ast-main-header-display":"","ast-hfb-above-header-display":"","ast-hfb-below-header-display":"","ast-hfb-mobile-header-display":"","site-post-title":"disabled","ast-breadcrumbs-content":"","ast-featured-img":"disabled","footer-sml-layout":"","ast-disable-related-posts":"","theme-transparent-header-meta":"","adv-header-id-meta":"","stick-header-meta":"","header-above-stick-meta":"","header-main-stick-meta":"","header-below-stick-meta":"","astra-migrate-meta-layouts":"default","ast-page-background-enabled":"default","ast-page-background-meta":{"desktop":{"background-color":"var(--ast-global-color-4)","background-image":"","background-repeat":"repeat","background-position":"center center","background-size":"auto","background-attachment":"scroll","background-type":"","background-media":"","overlay-type":"","overlay-color":"","overlay-opacity":"","overlay-gradient":""},"tablet":{"background-color":"","background-image":"","background-repeat":"repeat","background-position":"center center","background-size":"auto","background-attachment":"scroll","background-type":"","background-media":"","overlay-type":"","overlay-color":"","overlay-opacity":"","overlay-gradient":""},"mobile":{"background-color":"","background-image":"","background-repeat":"repeat","background-position":"center center","background-size":"auto","background-attachment":"scroll","background-type":"","background-media":"","overlay-type":"","overlay-color":"","overlay-opacity":"","overlay-gradient":""}},"ast-content-background-meta":{"desktop":{"background-color":"var(--ast-global-color-5)","background-image":"","background-repeat":"repeat","background-position":"center center","background-size":"auto","background-attachment":"scroll","background-type":"","background-media":"","overlay-type":"","overlay-color":"","overlay-opacity":"","overlay-gradient":""},"tablet":{"background-color":"var(--ast-global-color-5)","background-image":"","background-repeat":"repeat","background-position":"center center","background-size":"auto","background-attachment":"scroll","background-type":"","background-media":"","overlay-type":"","overlay-color":"","overlay-opacity":"","overlay-gradient":""},"mobile":{"background-color":"var(--ast-global-color-5)","background-image":"","background-repeat":"repeat","background-position":"center center","background-size":"auto","background-attachment":"scroll","background-type":"","background-media":"","overlay-type":"","overlay-color":"","overlay-opacity":"","overlay-gradient":""}},"footnotes":""},"class_list":["post-1175","page","type-page","status-publish","hentry"],"_links":{"self":[{"href":"https:\/\/tunduktravel.kg\/fr\/wp-json\/wp\/v2\/pages\/1175","targetHints":{"allow":["GET"]}}],"collection":[{"href":"https:\/\/tunduktravel.kg\/fr\/wp-json\/wp\/v2\/pages"}],"about":[{"href":"https:\/\/tunduktravel.kg\/fr\/wp-json\/wp\/v2\/types\/page"}],"author":[{"embeddable":true,"href":"https:\/\/tunduktravel.kg\/fr\/wp-json\/wp\/v2\/users\/2"}],"replies":[{"embeddable":true,"href":"https:\/\/tunduktravel.kg\/fr\/wp-json\/wp\/v2\/comments?post=1175"}],"version-history":[{"count":34,"href":"https:\/\/tunduktravel.kg\/fr\/wp-json\/wp\/v2\/pages\/1175\/revisions"}],"predecessor-version":[{"id":4980,"href":"https:\/\/tunduktravel.kg\/fr\/wp-json\/wp\/v2\/pages\/1175\/revisions\/4980"}],"wp:attachment":[{"href":"https:\/\/tunduktravel.kg\/fr\/wp-json\/wp\/v2\/media?parent=1175"}],"curies":[{"name":"wp","href":"https:\/\/api.w.org\/{rel}","templated":true}]}}