{"id":1154,"date":"2025-05-01T14:39:46","date_gmt":"2025-05-01T11:39:46","guid":{"rendered":"https:\/\/tunduktravel.kg\/?page_id=1154"},"modified":"2026-01-16T16:47:46","modified_gmt":"2026-01-16T13:47:46","slug":"national-costumes","status":"publish","type":"page","link":"https:\/\/tunduktravel.kg\/fr\/national-costumes\/","title":{"rendered":"Coiffes traditionnelles"},"content":{"rendered":"<div data-elementor-type=\"wp-page\" data-elementor-id=\"1154\" class=\"elementor elementor-1154\">\n\t\t\t\t<div class=\"elementor-element elementor-element-4210486e e-flex e-con-boxed e-con e-parent\" data-id=\"4210486e\" data-element_type=\"container\" data-e-type=\"container\" data-settings=\"{&quot;background_background&quot;:&quot;classic&quot;}\">\n\t\t\t\t\t<div class=\"e-con-inner\">\n\t\t\t\t<div class=\"elementor-element elementor-element-65729286 elementor-widget elementor-widget-heading\" data-id=\"65729286\" data-element_type=\"widget\" data-e-type=\"widget\" data-widget_type=\"heading.default\">\n\t\t\t\t<div class=\"elementor-widget-container\">\n\t\t\t\t\t<h1 class=\"elementor-heading-title elementor-size-default\">Coiffes traditionnelles<\/h1>\t\t\t\t<\/div>\n\t\t\t\t<\/div>\n\t\t\t\t\t<\/div>\n\t\t\t\t<\/div>\n\t\t<div class=\"elementor-element elementor-element-18b16879 e-flex e-con-boxed e-con e-parent\" data-id=\"18b16879\" data-element_type=\"container\" data-e-type=\"container\">\n\t\t\t\t\t<div class=\"e-con-inner\">\n\t\t<div class=\"elementor-element elementor-element-3fa2d0c0 e-con-full e-flex e-con e-child\" data-id=\"3fa2d0c0\" data-element_type=\"container\" data-e-type=\"container\">\n\t\t\t\t<div class=\"elementor-element elementor-element-21b41cc5 elementor-widget elementor-widget-text-editor\" data-id=\"21b41cc5\" data-element_type=\"widget\" data-e-type=\"widget\" data-widget_type=\"text-editor.default\">\n\t\t\t\t<div class=\"elementor-widget-container\">\n\t\t\t\t\t\t\t\t\t<p>\u00a0<\/p><p>Le v\u00eatement traditionnel du Kirghizistan est un \u044f\u0440\u043a\u0438\u0439 exemple de la cr\u00e9ativit\u00e9, du savoir-faire et de l\u2019imagination des artisanes kirghizes. Chaque pi\u00e8ce refl\u00e8te le mode de vie nomade, le respect de la nature et une identit\u00e9 culturelle forte. Les costumes nationaux kirghiz sont v\u00e9ritablement uniques et ne se retrouvent nulle part ailleurs dans le monde.<\/p><p>L\u2019un des \u00e9l\u00e9ments les plus importants du costume traditionnel kirghiz est le <strong>couvre-chef<\/strong>Il poss\u00e8de une signification particuli\u00e8re et est trait\u00e9 avec un grand respect. Il existe m\u00eame un proverbe qui dit: <em>\u00ab Ne laisse pas ton couvre-chef n\u2019importe o\u00f9\u2014sa place est sur l\u2019\u00e9tag\u00e8re la plus haute \u00bb<\/em><\/p><p>Le couvre-chef masculin le plus connu est l\u2019 <strong>Ak Kalpak<\/strong> \u2014 un haut chapeau blanc en feutre, \u00e0 la forme pointue rappelant les sommets des montagnes. Il est souvent d\u00e9cor\u00e9 de motifs traditionnels et port\u00e9 avec fiert\u00e9. La couleur du kalpak peut \u00e9galement indiquer l\u2019\u00e2ge : plus il est fonc\u00e9, plus l\u2019homme est \u00e2g\u00e9. En 2019, l\u2019 <strong>Ak Kalpak<\/strong> a \u00e9t\u00e9 officiellement inscrit sur la liste du patrimoine culturel immat\u00e9riel de l\u2019UNESCO.<\/p><p>Pendant les saisons froides, les Kirghiz portent le <strong>Tebetey<\/strong>, un bonnet rond et chaud fabriqu\u00e9 \u00e0 partir de fourrure de diff\u00e9rents animaux. Autrefois, les jeunes femmes c\u00e9libataires portaient \u00e9galement le tebetey.<\/p><p>Lors des occasions sp\u00e9ciales, comme les mariages, les jeunes filles et les mari\u00e9es portaient un magnifique couvre-chef haut appel\u00e9 <strong>Sh\u00f6kul\u00f6<\/strong>Apr\u00e8s le mariage, la femme commen\u00e7ait \u00e0 porter l\u2019 <strong>Elechek<\/strong> \u2014 un long tissu blanc enroul\u00e9 autour de la t\u00eate, symbolisant son nouveau r\u00f4le au sein de la famille.<\/p><p>Aujourd\u2019hui encore, les costumes nationaux sont port\u00e9s avec fiert\u00e9 lors des festivals, des mariages et des \u00e9v\u00e9nements culturels, permettant de faire vivre les traditions et de c\u00e9l\u00e9brer l\u2019h\u00e9ritage kirghiz.<\/p>\t\t\t\t\t\t\t\t<\/div>\n\t\t\t\t<\/div>\n\t\t\t\t<\/div>\n\t\t\t\t\t<\/div>\n\t\t\t\t<\/div>\n\t\t<div class=\"elementor-element elementor-element-d31558d e-flex e-con-boxed e-con e-parent\" data-id=\"d31558d\" data-element_type=\"container\" data-e-type=\"container\">\n\t\t\t\t\t<div class=\"e-con-inner\">\n\t\t<div class=\"elementor-element elementor-element-09ce255 e-con-full e-flex e-con e-child\" data-id=\"09ce255\" data-element_type=\"container\" data-e-type=\"container\">\n\t\t<div class=\"elementor-element elementor-element-fe01544 e-con-full e-flex e-con e-child\" data-id=\"fe01544\" data-element_type=\"container\" data-e-type=\"container\">\n\t\t\t\t<div class=\"elementor-element elementor-element-bd7cf29 elementor-widget elementor-widget-image\" data-id=\"bd7cf29\" data-element_type=\"widget\" data-e-type=\"widget\" data-widget_type=\"image.default\">\n\t\t\t\t<div class=\"elementor-widget-container\">\n\t\t\t\t\t\t\t\t\t\t\t\t\t\t\t<img fetchpriority=\"high\" decoding=\"async\" width=\"1920\" height=\"1920\" src=\"https:\/\/tunduktravel.kg\/wp-content\/uploads\/2026\/01\/ak-kalpak.webp\" class=\"attachment-full size-full wp-image-4601\" alt=\"\" srcset=\"https:\/\/tunduktravel.kg\/wp-content\/uploads\/2026\/01\/ak-kalpak.webp 1920w, https:\/\/tunduktravel.kg\/wp-content\/uploads\/2026\/01\/ak-kalpak-300x300.webp 300w, https:\/\/tunduktravel.kg\/wp-content\/uploads\/2026\/01\/ak-kalpak-1024x1024.webp 1024w, https:\/\/tunduktravel.kg\/wp-content\/uploads\/2026\/01\/ak-kalpak-150x150.webp 150w, https:\/\/tunduktravel.kg\/wp-content\/uploads\/2026\/01\/ak-kalpak-768x768.webp 768w, https:\/\/tunduktravel.kg\/wp-content\/uploads\/2026\/01\/ak-kalpak-1536x1536.webp 1536w\" sizes=\"(max-width: 1920px) 100vw, 1920px\" \/>\t\t\t\t\t\t\t\t\t\t\t\t\t\t\t<\/div>\n\t\t\t\t<\/div>\n\t\t\t\t<div class=\"elementor-element elementor-element-1d79b6b elementor-widget elementor-widget-heading\" data-id=\"1d79b6b\" data-element_type=\"widget\" data-e-type=\"widget\" data-widget_type=\"heading.default\">\n\t\t\t\t<div class=\"elementor-widget-container\">\n\t\t\t\t\t<h5 class=\"elementor-heading-title elementor-size-default\">Ak Kalpak<\/h5>\t\t\t\t<\/div>\n\t\t\t\t<\/div>\n\t\t\t\t<\/div>\n\t\t<div class=\"elementor-element elementor-element-9db6da3 e-con-full e-flex e-con e-child\" data-id=\"9db6da3\" data-element_type=\"container\" data-e-type=\"container\">\n\t\t\t\t<div class=\"elementor-element elementor-element-65330cc elementor-widget elementor-widget-image\" data-id=\"65330cc\" data-element_type=\"widget\" data-e-type=\"widget\" data-widget_type=\"image.default\">\n\t\t\t\t<div class=\"elementor-widget-container\">\n\t\t\t\t\t\t\t\t\t\t\t\t\t\t\t<img decoding=\"async\" width=\"1920\" height=\"1630\" src=\"https:\/\/tunduktravel.kg\/wp-content\/uploads\/2026\/01\/tebetei.webp\" class=\"attachment-full size-full wp-image-4603\" alt=\"\" srcset=\"https:\/\/tunduktravel.kg\/wp-content\/uploads\/2026\/01\/tebetei.webp 1920w, https:\/\/tunduktravel.kg\/wp-content\/uploads\/2026\/01\/tebetei-300x255.webp 300w, https:\/\/tunduktravel.kg\/wp-content\/uploads\/2026\/01\/tebetei-1024x869.webp 1024w, https:\/\/tunduktravel.kg\/wp-content\/uploads\/2026\/01\/tebetei-768x652.webp 768w, https:\/\/tunduktravel.kg\/wp-content\/uploads\/2026\/01\/tebetei-1536x1304.webp 1536w\" sizes=\"(max-width: 1920px) 100vw, 1920px\" \/>\t\t\t\t\t\t\t\t\t\t\t\t\t\t\t<\/div>\n\t\t\t\t<\/div>\n\t\t\t\t<div class=\"elementor-element elementor-element-0cb05be elementor-widget elementor-widget-heading\" data-id=\"0cb05be\" data-element_type=\"widget\" data-e-type=\"widget\" data-widget_type=\"heading.default\">\n\t\t\t\t<div class=\"elementor-widget-container\">\n\t\t\t\t\t<h5 class=\"elementor-heading-title elementor-size-default\">Tebetey<\/h5>\t\t\t\t<\/div>\n\t\t\t\t<\/div>\n\t\t\t\t<\/div>\n\t\t<div class=\"elementor-element elementor-element-6dd5eea e-con-full e-flex e-con e-child\" data-id=\"6dd5eea\" data-element_type=\"container\" data-e-type=\"container\">\n\t\t\t\t<div class=\"elementor-element elementor-element-ea507e9 elementor-widget elementor-widget-image\" data-id=\"ea507e9\" data-element_type=\"widget\" data-e-type=\"widget\" data-widget_type=\"image.default\">\n\t\t\t\t<div class=\"elementor-widget-container\">\n\t\t\t\t\t\t\t\t\t\t\t\t\t\t\t<img decoding=\"async\" width=\"1920\" height=\"1742\" src=\"https:\/\/tunduktravel.kg\/wp-content\/uploads\/2026\/01\/Screenshot-2026-01-16-190802-Picsart-AiImageEnhancer.webp\" class=\"attachment-full size-full wp-image-4605\" alt=\"\" srcset=\"https:\/\/tunduktravel.kg\/wp-content\/uploads\/2026\/01\/Screenshot-2026-01-16-190802-Picsart-AiImageEnhancer.webp 1920w, https:\/\/tunduktravel.kg\/wp-content\/uploads\/2026\/01\/Screenshot-2026-01-16-190802-Picsart-AiImageEnhancer-300x272.webp 300w, https:\/\/tunduktravel.kg\/wp-content\/uploads\/2026\/01\/Screenshot-2026-01-16-190802-Picsart-AiImageEnhancer-1024x929.webp 1024w, https:\/\/tunduktravel.kg\/wp-content\/uploads\/2026\/01\/Screenshot-2026-01-16-190802-Picsart-AiImageEnhancer-768x697.webp 768w, https:\/\/tunduktravel.kg\/wp-content\/uploads\/2026\/01\/Screenshot-2026-01-16-190802-Picsart-AiImageEnhancer-1536x1394.webp 1536w\" sizes=\"(max-width: 1920px) 100vw, 1920px\" \/>\t\t\t\t\t\t\t\t\t\t\t\t\t\t\t<\/div>\n\t\t\t\t<\/div>\n\t\t\t\t<div class=\"elementor-element elementor-element-2f6e5f5 elementor-widget elementor-widget-heading\" data-id=\"2f6e5f5\" data-element_type=\"widget\" data-e-type=\"widget\" data-widget_type=\"heading.default\">\n\t\t\t\t<div class=\"elementor-widget-container\">\n\t\t\t\t\t<h5 class=\"elementor-heading-title elementor-size-default\">Sh\u00f6kul\u00f6<\/h5>\t\t\t\t<\/div>\n\t\t\t\t<\/div>\n\t\t\t\t<\/div>\n\t\t<div class=\"elementor-element elementor-element-d97fe57 e-con-full e-flex e-con e-child\" data-id=\"d97fe57\" data-element_type=\"container\" data-e-type=\"container\">\n\t\t\t\t<div class=\"elementor-element elementor-element-9247680 elementor-widget elementor-widget-image\" data-id=\"9247680\" data-element_type=\"widget\" data-e-type=\"widget\" data-widget_type=\"image.default\">\n\t\t\t\t<div class=\"elementor-widget-container\">\n\t\t\t\t\t\t\t\t\t\t\t\t\t\t\t<img loading=\"lazy\" decoding=\"async\" width=\"1920\" height=\"1274\" src=\"https:\/\/tunduktravel.kg\/wp-content\/uploads\/2026\/01\/c00c77b2-b5a8-41e3-9983-b6b0a0d44296.webp\" class=\"attachment-full size-full wp-image-4607\" alt=\"\" srcset=\"https:\/\/tunduktravel.kg\/wp-content\/uploads\/2026\/01\/c00c77b2-b5a8-41e3-9983-b6b0a0d44296.webp 1920w, https:\/\/tunduktravel.kg\/wp-content\/uploads\/2026\/01\/c00c77b2-b5a8-41e3-9983-b6b0a0d44296-300x199.webp 300w, https:\/\/tunduktravel.kg\/wp-content\/uploads\/2026\/01\/c00c77b2-b5a8-41e3-9983-b6b0a0d44296-1024x679.webp 1024w, https:\/\/tunduktravel.kg\/wp-content\/uploads\/2026\/01\/c00c77b2-b5a8-41e3-9983-b6b0a0d44296-768x510.webp 768w, https:\/\/tunduktravel.kg\/wp-content\/uploads\/2026\/01\/c00c77b2-b5a8-41e3-9983-b6b0a0d44296-1536x1019.webp 1536w\" sizes=\"(max-width: 1920px) 100vw, 1920px\" \/>\t\t\t\t\t\t\t\t\t\t\t\t\t\t\t<\/div>\n\t\t\t\t<\/div>\n\t\t\t\t<div class=\"elementor-element elementor-element-c387b91 elementor-widget elementor-widget-heading\" data-id=\"c387b91\" data-element_type=\"widget\" data-e-type=\"widget\" data-widget_type=\"heading.default\">\n\t\t\t\t<div class=\"elementor-widget-container\">\n\t\t\t\t\t<h5 class=\"elementor-heading-title elementor-size-default\">Elechek<\/h5>\t\t\t\t<\/div>\n\t\t\t\t<\/div>\n\t\t\t\t<\/div>\n\t\t\t\t<\/div>\n\t\t\t\t\t<\/div>\n\t\t\t\t<\/div>\n\t\t<div class=\"elementor-element elementor-element-54f5ec64 e-flex e-con-boxed e-con e-parent\" data-id=\"54f5ec64\" data-element_type=\"container\" data-e-type=\"container\" data-settings=\"{&quot;background_background&quot;:&quot;classic&quot;}\">\n\t\t\t\t\t<div class=\"e-con-inner\">\n\t\t\t\t<div class=\"elementor-element elementor-element-4b79285b elementor-widget elementor-widget-heading\" data-id=\"4b79285b\" data-element_type=\"widget\" data-e-type=\"widget\" data-widget_type=\"heading.default\">\n\t\t\t\t<div class=\"elementor-widget-container\">\n\t\t\t\t\t<h2 class=\"elementor-heading-title elementor-size-default\">Donnez vie \u00e0 votre aventure\n<\/h2>\t\t\t\t<\/div>\n\t\t\t\t<\/div>\n\t\t\t\t<div class=\"elementor-element elementor-element-65d125b elementor-align-justify elementor-widget elementor-widget-button\" data-id=\"65d125b\" data-element_type=\"widget\" data-e-type=\"widget\" data-widget_type=\"button.default\">\n\t\t\t\t<div class=\"elementor-widget-container\">\n\t\t\t\t\t\t\t\t\t<div class=\"elementor-button-wrapper\">\n\t\t\t\t\t<a class=\"elementor-button elementor-button-link elementor-size-sm\" href=\"https:\/\/tunduktravel.kg\/fr\/contact\/\">\n\t\t\t\t\t\t<span class=\"elementor-button-content-wrapper\">\n\t\t\t\t\t\t\t\t\t<span class=\"elementor-button-text\">Contactez-nous<\/span>\n\t\t\t\t\t<\/span>\n\t\t\t\t\t<\/a>\n\t\t\t\t<\/div>\n\t\t\t\t\t\t\t\t<\/div>\n\t\t\t\t<\/div>\n\t\t\t\t\t<\/div>\n\t\t\t\t<\/div>\n\t\t\t\t<\/div>","protected":false},"excerpt":{"rendered":"<p>National Headdress The traditional clothing of Kyrgyzstan is a bright example of the creativity, skill, and imagination of Kyrgyz craftswomen. [&hellip;]<\/p>\n","protected":false},"author":2,"featured_media":0,"parent":0,"menu_order":0,"comment_status":"closed","ping_status":"closed","template":"","meta":{"site-sidebar-layout":"no-sidebar","site-content-layout":"","ast-site-content-layout":"full-width-container","site-content-style":"default","site-sidebar-style":"default","ast-global-header-display":"","ast-banner-title-visibility":"","ast-main-header-display":"","ast-hfb-above-header-display":"","ast-hfb-below-header-display":"","ast-hfb-mobile-header-display":"","site-post-title":"disabled","ast-breadcrumbs-content":"","ast-featured-img":"disabled","footer-sml-layout":"","ast-disable-related-posts":"","theme-transparent-header-meta":"","adv-header-id-meta":"","stick-header-meta":"","header-above-stick-meta":"","header-main-stick-meta":"","header-below-stick-meta":"","astra-migrate-meta-layouts":"default","ast-page-background-enabled":"default","ast-page-background-meta":{"desktop":{"background-color":"var(--ast-global-color-4)","background-image":"","background-repeat":"repeat","background-position":"center center","background-size":"auto","background-attachment":"scroll","background-type":"","background-media":"","overlay-type":"","overlay-color":"","overlay-opacity":"","overlay-gradient":""},"tablet":{"background-color":"","background-image":"","background-repeat":"repeat","background-position":"center center","background-size":"auto","background-attachment":"scroll","background-type":"","background-media":"","overlay-type":"","overlay-color":"","overlay-opacity":"","overlay-gradient":""},"mobile":{"background-color":"","background-image":"","background-repeat":"repeat","background-position":"center center","background-size":"auto","background-attachment":"scroll","background-type":"","background-media":"","overlay-type":"","overlay-color":"","overlay-opacity":"","overlay-gradient":""}},"ast-content-background-meta":{"desktop":{"background-color":"var(--ast-global-color-5)","background-image":"","background-repeat":"repeat","background-position":"center center","background-size":"auto","background-attachment":"scroll","background-type":"","background-media":"","overlay-type":"","overlay-color":"","overlay-opacity":"","overlay-gradient":""},"tablet":{"background-color":"var(--ast-global-color-5)","background-image":"","background-repeat":"repeat","background-position":"center center","background-size":"auto","background-attachment":"scroll","background-type":"","background-media":"","overlay-type":"","overlay-color":"","overlay-opacity":"","overlay-gradient":""},"mobile":{"background-color":"var(--ast-global-color-5)","background-image":"","background-repeat":"repeat","background-position":"center center","background-size":"auto","background-attachment":"scroll","background-type":"","background-media":"","overlay-type":"","overlay-color":"","overlay-opacity":"","overlay-gradient":""}},"footnotes":""},"class_list":["post-1154","page","type-page","status-publish","hentry"],"_links":{"self":[{"href":"https:\/\/tunduktravel.kg\/fr\/wp-json\/wp\/v2\/pages\/1154","targetHints":{"allow":["GET"]}}],"collection":[{"href":"https:\/\/tunduktravel.kg\/fr\/wp-json\/wp\/v2\/pages"}],"about":[{"href":"https:\/\/tunduktravel.kg\/fr\/wp-json\/wp\/v2\/types\/page"}],"author":[{"embeddable":true,"href":"https:\/\/tunduktravel.kg\/fr\/wp-json\/wp\/v2\/users\/2"}],"replies":[{"embeddable":true,"href":"https:\/\/tunduktravel.kg\/fr\/wp-json\/wp\/v2\/comments?post=1154"}],"version-history":[{"count":26,"href":"https:\/\/tunduktravel.kg\/fr\/wp-json\/wp\/v2\/pages\/1154\/revisions"}],"predecessor-version":[{"id":4627,"href":"https:\/\/tunduktravel.kg\/fr\/wp-json\/wp\/v2\/pages\/1154\/revisions\/4627"}],"wp:attachment":[{"href":"https:\/\/tunduktravel.kg\/fr\/wp-json\/wp\/v2\/media?parent=1154"}],"curies":[{"name":"wp","href":"https:\/\/api.w.org\/{rel}","templated":true}]}}