{"id":1142,"date":"2025-05-01T14:32:36","date_gmt":"2025-05-01T11:32:36","guid":{"rendered":"https:\/\/tunduktravel.kg\/?page_id=1142"},"modified":"2026-01-14T21:18:29","modified_gmt":"2026-01-14T18:18:29","slug":"the-kyrgyz-ornament","status":"publish","type":"page","link":"https:\/\/tunduktravel.kg\/fr\/the-kyrgyz-ornament\/","title":{"rendered":"The Kyrgyz ornament"},"content":{"rendered":"<div data-elementor-type=\"wp-page\" data-elementor-id=\"1142\" class=\"elementor elementor-1142\">\n\t\t\t\t<div class=\"elementor-element elementor-element-2f7ef3d7 e-flex e-con-boxed e-con e-parent\" data-id=\"2f7ef3d7\" data-element_type=\"container\" data-e-type=\"container\" data-settings=\"{&quot;background_background&quot;:&quot;classic&quot;}\">\n\t\t\t\t\t<div class=\"e-con-inner\">\n\t\t\t\t<div class=\"elementor-element elementor-element-1e4a7e24 elementor-widget elementor-widget-heading\" data-id=\"1e4a7e24\" data-element_type=\"widget\" data-e-type=\"widget\" data-widget_type=\"heading.default\">\n\t\t\t\t<div class=\"elementor-widget-container\">\n\t\t\t\t\t<h1 class=\"elementor-heading-title elementor-size-default\">L\u2019ornement kirghiz\n\n<\/h1>\t\t\t\t<\/div>\n\t\t\t\t<\/div>\n\t\t\t\t\t<\/div>\n\t\t\t\t<\/div>\n\t\t<div class=\"elementor-element elementor-element-930df7e e-flex e-con-boxed e-con e-parent\" data-id=\"930df7e\" data-element_type=\"container\" data-e-type=\"container\">\n\t\t\t\t\t<div class=\"e-con-inner\">\n\t\t<div class=\"elementor-element elementor-element-5c30db7d e-con-full e-flex e-con e-child\" data-id=\"5c30db7d\" data-element_type=\"container\" data-e-type=\"container\">\n\t\t\t\t<div class=\"elementor-element elementor-element-e4da76e elementor-widget elementor-widget-text-editor\" data-id=\"e4da76e\" data-element_type=\"widget\" data-e-type=\"widget\" data-widget_type=\"text-editor.default\">\n\t\t\t\t<div class=\"elementor-widget-container\">\n\t\t\t\t\t\t\t\t\t<p>L\u2019ornement kirghiz occupe une place particuli\u00e8re dans la culture du Kirghizistan. Ce n\u2019est pas seulement un \u00e9l\u00e9ment d\u00e9coratif \u2014 il raconte des histoires sur le peuple, son mode de vie et la nature qui l\u2019entoure. Ces motifs ont \u00e9t\u00e9 cr\u00e9\u00e9s il y a de nombreuses ann\u00e9es par des artisans talentueux et transmis de g\u00e9n\u00e9ration en g\u00e9n\u00e9ration.<\/p><p class=\"translation-block\">On retrouve les ornements kirghiz sur de nombreux objets : tapis en feutre (shyrdaks), v\u00eatements, yourtes, bijoux et m\u00eame \u00e9quipements \u00e9questres. Chaque motif poss\u00e8de sa propre signification. Certains repr\u00e9sentent les montagnes, les animaux ou les fleurs. D\u2019autres symbolisent des valeurs importantes telles que la famille, la force, la protection ou la paix.<\/p><p>Les couleurs des ornements kirghiz ont \u00e9galement une forte symbolique. Par exemple :<\/p><ul><li><p><strong>Le rouge<\/strong> repr\u00e9sente la vie et l\u2019\u00e9nergie<\/p><\/li><li><p><strong>Le blanc<\/strong> symbolise la puret\u00e9 et la lumi\u00e8re<\/p><\/li><li><p><strong>Le noir<\/strong> est associ\u00e9 \u00e0 la terre<\/p><\/li><li><p><strong>Le bleu<\/strong> repr\u00e9sente le ciel<\/p><\/li><\/ul><p>Ces motifs servent souvent \u00e0 transmettre l\u2019histoire d\u2019une famille ou d\u2019un clan. Ils constituent un moyen de pr\u00e9server la culture et d\u2019exprimer la fiert\u00e9 de ses origines.<\/p><p class=\"translation-block\">Aujourd\u2019hui encore, les Kirghiz continuent d\u2019utiliser ces ornements dans la vie moderne. On les retrouve sur des souvenirs, des sacs, des coussins et m\u00eame dans le design architectural. Pour les visiteurs, ils repr\u00e9sentent un rappel visuel de la richesse des traditions du Kirghizistan.<\/p><p class=\"translation-block\">La prochaine fois que vous observerez l\u2019un de ces motifs, regardez-le attentivement : ce n\u2019est pas qu\u2019un simple dessin. C\u2019est un fragment de l\u2019histoire et de l\u2019\u00e2me kirghizes.<\/p>\t\t\t\t\t\t\t\t<\/div>\n\t\t\t\t<\/div>\n\t\t\t\t<\/div>\n\t\t\t\t\t<\/div>\n\t\t\t\t<\/div>\n\t\t<div class=\"elementor-element elementor-element-50b9e74 e-flex e-con-boxed e-con e-parent\" data-id=\"50b9e74\" data-element_type=\"container\" data-e-type=\"container\">\n\t\t\t\t\t<div class=\"e-con-inner\">\n\t\t<div class=\"elementor-element elementor-element-232fa56 e-con-full e-flex e-con e-child\" data-id=\"232fa56\" data-element_type=\"container\" data-e-type=\"container\">\n\t\t<div class=\"elementor-element elementor-element-3ddb429 e-con-full e-flex e-con e-child\" data-id=\"3ddb429\" data-element_type=\"container\" data-e-type=\"container\">\n\t\t\t\t<div class=\"elementor-element elementor-element-16862e1 elementor-widget elementor-widget-image\" data-id=\"16862e1\" data-element_type=\"widget\" data-e-type=\"widget\" data-widget_type=\"image.default\">\n\t\t\t\t<div class=\"elementor-widget-container\">\n\t\t\t\t\t\t\t\t\t\t\t\t\t\t\t<img fetchpriority=\"high\" decoding=\"async\" width=\"2000\" height=\"1878\" src=\"https:\/\/tunduktravel.kg\/wp-content\/uploads\/2026\/01\/d5f8badd53aa6686b93366a77306ad32.webp\" class=\"attachment-full size-full wp-image-4463\" alt=\"\" srcset=\"https:\/\/tunduktravel.kg\/wp-content\/uploads\/2026\/01\/d5f8badd53aa6686b93366a77306ad32.webp 2000w, https:\/\/tunduktravel.kg\/wp-content\/uploads\/2026\/01\/d5f8badd53aa6686b93366a77306ad32-300x282.webp 300w, https:\/\/tunduktravel.kg\/wp-content\/uploads\/2026\/01\/d5f8badd53aa6686b93366a77306ad32-1024x962.webp 1024w, https:\/\/tunduktravel.kg\/wp-content\/uploads\/2026\/01\/d5f8badd53aa6686b93366a77306ad32-768x721.webp 768w, https:\/\/tunduktravel.kg\/wp-content\/uploads\/2026\/01\/d5f8badd53aa6686b93366a77306ad32-1536x1442.webp 1536w\" sizes=\"(max-width: 2000px) 100vw, 2000px\" \/>\t\t\t\t\t\t\t\t\t\t\t\t\t\t\t<\/div>\n\t\t\t\t<\/div>\n\t\t\t\t<\/div>\n\t\t<div class=\"elementor-element elementor-element-c33c5ec e-con-full e-flex e-con e-child\" data-id=\"c33c5ec\" data-element_type=\"container\" data-e-type=\"container\">\n\t\t\t\t<div class=\"elementor-element elementor-element-c9c68bd elementor-widget elementor-widget-image\" data-id=\"c9c68bd\" data-element_type=\"widget\" data-e-type=\"widget\" data-widget_type=\"image.default\">\n\t\t\t\t<div class=\"elementor-widget-container\">\n\t\t\t\t\t\t\t\t\t\t\t\t\t\t\t<img decoding=\"async\" width=\"2000\" height=\"1761\" src=\"https:\/\/tunduktravel.kg\/wp-content\/uploads\/2026\/01\/03484b883654aeb88fc4c8dc81fbfa84.webp\" class=\"attachment-full size-full wp-image-4462\" alt=\"\" srcset=\"https:\/\/tunduktravel.kg\/wp-content\/uploads\/2026\/01\/03484b883654aeb88fc4c8dc81fbfa84.webp 2000w, https:\/\/tunduktravel.kg\/wp-content\/uploads\/2026\/01\/03484b883654aeb88fc4c8dc81fbfa84-300x264.webp 300w, https:\/\/tunduktravel.kg\/wp-content\/uploads\/2026\/01\/03484b883654aeb88fc4c8dc81fbfa84-1024x902.webp 1024w, https:\/\/tunduktravel.kg\/wp-content\/uploads\/2026\/01\/03484b883654aeb88fc4c8dc81fbfa84-768x676.webp 768w, https:\/\/tunduktravel.kg\/wp-content\/uploads\/2026\/01\/03484b883654aeb88fc4c8dc81fbfa84-1536x1352.webp 1536w\" sizes=\"(max-width: 2000px) 100vw, 2000px\" \/>\t\t\t\t\t\t\t\t\t\t\t\t\t\t\t<\/div>\n\t\t\t\t<\/div>\n\t\t\t\t<\/div>\n\t\t<div class=\"elementor-element elementor-element-c996695 e-con-full e-flex e-con e-child\" data-id=\"c996695\" data-element_type=\"container\" data-e-type=\"container\">\n\t\t\t\t<div class=\"elementor-element elementor-element-043255d elementor-widget elementor-widget-image\" data-id=\"043255d\" data-element_type=\"widget\" data-e-type=\"widget\" data-widget_type=\"image.default\">\n\t\t\t\t<div class=\"elementor-widget-container\">\n\t\t\t\t\t\t\t\t\t\t\t\t\t\t\t<img decoding=\"async\" width=\"2000\" height=\"2035\" src=\"https:\/\/tunduktravel.kg\/wp-content\/uploads\/2026\/01\/5ec3799515cd0b209eba63a8c01f01a6.webp\" class=\"attachment-full size-full wp-image-4461\" alt=\"\" srcset=\"https:\/\/tunduktravel.kg\/wp-content\/uploads\/2026\/01\/5ec3799515cd0b209eba63a8c01f01a6.webp 2000w, https:\/\/tunduktravel.kg\/wp-content\/uploads\/2026\/01\/5ec3799515cd0b209eba63a8c01f01a6-295x300.webp 295w, https:\/\/tunduktravel.kg\/wp-content\/uploads\/2026\/01\/5ec3799515cd0b209eba63a8c01f01a6-1006x1024.webp 1006w, https:\/\/tunduktravel.kg\/wp-content\/uploads\/2026\/01\/5ec3799515cd0b209eba63a8c01f01a6-768x781.webp 768w, https:\/\/tunduktravel.kg\/wp-content\/uploads\/2026\/01\/5ec3799515cd0b209eba63a8c01f01a6-1510x1536.webp 1510w\" sizes=\"(max-width: 2000px) 100vw, 2000px\" \/>\t\t\t\t\t\t\t\t\t\t\t\t\t\t\t<\/div>\n\t\t\t\t<\/div>\n\t\t\t\t<\/div>\n\t\t<div class=\"elementor-element elementor-element-378964f e-con-full e-flex e-con e-child\" data-id=\"378964f\" data-element_type=\"container\" data-e-type=\"container\">\n\t\t\t\t<div class=\"elementor-element elementor-element-6aea423 elementor-widget elementor-widget-image\" data-id=\"6aea423\" data-element_type=\"widget\" data-e-type=\"widget\" data-widget_type=\"image.default\">\n\t\t\t\t<div class=\"elementor-widget-container\">\n\t\t\t\t\t\t\t\t\t\t\t\t\t\t\t<img loading=\"lazy\" decoding=\"async\" width=\"2000\" height=\"2040\" src=\"https:\/\/tunduktravel.kg\/wp-content\/uploads\/2026\/01\/5c11785f4be6e7e0e87b37ff5b24c40f.webp\" class=\"attachment-full size-full wp-image-4460\" alt=\"\" srcset=\"https:\/\/tunduktravel.kg\/wp-content\/uploads\/2026\/01\/5c11785f4be6e7e0e87b37ff5b24c40f.webp 2000w, https:\/\/tunduktravel.kg\/wp-content\/uploads\/2026\/01\/5c11785f4be6e7e0e87b37ff5b24c40f-294x300.webp 294w, https:\/\/tunduktravel.kg\/wp-content\/uploads\/2026\/01\/5c11785f4be6e7e0e87b37ff5b24c40f-1004x1024.webp 1004w, https:\/\/tunduktravel.kg\/wp-content\/uploads\/2026\/01\/5c11785f4be6e7e0e87b37ff5b24c40f-768x783.webp 768w, https:\/\/tunduktravel.kg\/wp-content\/uploads\/2026\/01\/5c11785f4be6e7e0e87b37ff5b24c40f-1506x1536.webp 1506w\" sizes=\"(max-width: 2000px) 100vw, 2000px\" \/>\t\t\t\t\t\t\t\t\t\t\t\t\t\t\t<\/div>\n\t\t\t\t<\/div>\n\t\t\t\t<\/div>\n\t\t\t\t<\/div>\n\t\t\t\t\t<\/div>\n\t\t\t\t<\/div>\n\t\t<div class=\"elementor-element elementor-element-6ad7bbad e-flex e-con-boxed e-con e-parent\" data-id=\"6ad7bbad\" data-element_type=\"container\" data-e-type=\"container\" data-settings=\"{&quot;background_background&quot;:&quot;classic&quot;}\">\n\t\t\t\t\t<div class=\"e-con-inner\">\n\t\t\t\t<div class=\"elementor-element elementor-element-19a69363 elementor-widget elementor-widget-heading\" data-id=\"19a69363\" data-element_type=\"widget\" data-e-type=\"widget\" data-widget_type=\"heading.default\">\n\t\t\t\t<div class=\"elementor-widget-container\">\n\t\t\t\t\t<h2 class=\"elementor-heading-title elementor-size-default\">Donnez vie \u00e0 votre aventure\n<\/h2>\t\t\t\t<\/div>\n\t\t\t\t<\/div>\n\t\t\t\t<div class=\"elementor-element elementor-element-7c5676d4 elementor-align-justify elementor-widget elementor-widget-button\" data-id=\"7c5676d4\" data-element_type=\"widget\" data-e-type=\"widget\" data-widget_type=\"button.default\">\n\t\t\t\t<div class=\"elementor-widget-container\">\n\t\t\t\t\t\t\t\t\t<div class=\"elementor-button-wrapper\">\n\t\t\t\t\t<a class=\"elementor-button elementor-button-link elementor-size-sm\" href=\"https:\/\/tunduktravel.kg\/fr\/contact\/\">\n\t\t\t\t\t\t<span class=\"elementor-button-content-wrapper\">\n\t\t\t\t\t\t\t\t\t<span class=\"elementor-button-text\">Contactez-nous<\/span>\n\t\t\t\t\t<\/span>\n\t\t\t\t\t<\/a>\n\t\t\t\t<\/div>\n\t\t\t\t\t\t\t\t<\/div>\n\t\t\t\t<\/div>\n\t\t\t\t\t<\/div>\n\t\t\t\t<\/div>\n\t\t\t\t<\/div>","protected":false},"excerpt":{"rendered":"<p>The Kyrgyz Ornament Kyrgyz ornament is a special part of the culture in Kyrgyzstan. It is not just decoration \u2014 [&hellip;]<\/p>\n","protected":false},"author":2,"featured_media":0,"parent":0,"menu_order":0,"comment_status":"closed","ping_status":"closed","template":"","meta":{"site-sidebar-layout":"no-sidebar","site-content-layout":"","ast-site-content-layout":"full-width-container","site-content-style":"default","site-sidebar-style":"default","ast-global-header-display":"","ast-banner-title-visibility":"","ast-main-header-display":"","ast-hfb-above-header-display":"","ast-hfb-below-header-display":"","ast-hfb-mobile-header-display":"","site-post-title":"disabled","ast-breadcrumbs-content":"","ast-featured-img":"disabled","footer-sml-layout":"","ast-disable-related-posts":"","theme-transparent-header-meta":"","adv-header-id-meta":"","stick-header-meta":"","header-above-stick-meta":"","header-main-stick-meta":"","header-below-stick-meta":"","astra-migrate-meta-layouts":"default","ast-page-background-enabled":"default","ast-page-background-meta":{"desktop":{"background-color":"var(--ast-global-color-4)","background-image":"","background-repeat":"repeat","background-position":"center center","background-size":"auto","background-attachment":"scroll","background-type":"","background-media":"","overlay-type":"","overlay-color":"","overlay-opacity":"","overlay-gradient":""},"tablet":{"background-color":"","background-image":"","background-repeat":"repeat","background-position":"center center","background-size":"auto","background-attachment":"scroll","background-type":"","background-media":"","overlay-type":"","overlay-color":"","overlay-opacity":"","overlay-gradient":""},"mobile":{"background-color":"","background-image":"","background-repeat":"repeat","background-position":"center center","background-size":"auto","background-attachment":"scroll","background-type":"","background-media":"","overlay-type":"","overlay-color":"","overlay-opacity":"","overlay-gradient":""}},"ast-content-background-meta":{"desktop":{"background-color":"var(--ast-global-color-5)","background-image":"","background-repeat":"repeat","background-position":"center center","background-size":"auto","background-attachment":"scroll","background-type":"","background-media":"","overlay-type":"","overlay-color":"","overlay-opacity":"","overlay-gradient":""},"tablet":{"background-color":"var(--ast-global-color-5)","background-image":"","background-repeat":"repeat","background-position":"center center","background-size":"auto","background-attachment":"scroll","background-type":"","background-media":"","overlay-type":"","overlay-color":"","overlay-opacity":"","overlay-gradient":""},"mobile":{"background-color":"var(--ast-global-color-5)","background-image":"","background-repeat":"repeat","background-position":"center center","background-size":"auto","background-attachment":"scroll","background-type":"","background-media":"","overlay-type":"","overlay-color":"","overlay-opacity":"","overlay-gradient":""}},"footnotes":""},"class_list":["post-1142","page","type-page","status-publish","hentry"],"_links":{"self":[{"href":"https:\/\/tunduktravel.kg\/fr\/wp-json\/wp\/v2\/pages\/1142","targetHints":{"allow":["GET"]}}],"collection":[{"href":"https:\/\/tunduktravel.kg\/fr\/wp-json\/wp\/v2\/pages"}],"about":[{"href":"https:\/\/tunduktravel.kg\/fr\/wp-json\/wp\/v2\/types\/page"}],"author":[{"embeddable":true,"href":"https:\/\/tunduktravel.kg\/fr\/wp-json\/wp\/v2\/users\/2"}],"replies":[{"embeddable":true,"href":"https:\/\/tunduktravel.kg\/fr\/wp-json\/wp\/v2\/comments?post=1142"}],"version-history":[{"count":22,"href":"https:\/\/tunduktravel.kg\/fr\/wp-json\/wp\/v2\/pages\/1142\/revisions"}],"predecessor-version":[{"id":4472,"href":"https:\/\/tunduktravel.kg\/fr\/wp-json\/wp\/v2\/pages\/1142\/revisions\/4472"}],"wp:attachment":[{"href":"https:\/\/tunduktravel.kg\/fr\/wp-json\/wp\/v2\/media?parent=1142"}],"curies":[{"name":"wp","href":"https:\/\/api.w.org\/{rel}","templated":true}]}}