{"id":1131,"date":"2025-05-01T12:46:04","date_gmt":"2025-05-01T09:46:04","guid":{"rendered":"https:\/\/tunduktravel.kg\/?page_id=1131"},"modified":"2026-01-14T21:23:17","modified_gmt":"2026-01-14T18:23:17","slug":"national-flag-emblem","status":"publish","type":"page","link":"https:\/\/tunduktravel.kg\/fr\/national-flag-emblem\/","title":{"rendered":"Drapeau et embl\u00e8me nationaux"},"content":{"rendered":"<div data-elementor-type=\"wp-page\" data-elementor-id=\"1131\" class=\"elementor elementor-1131\">\n\t\t\t\t<div class=\"elementor-element elementor-element-5e1f658 e-flex e-con-boxed e-con e-parent\" data-id=\"5e1f658\" data-element_type=\"container\" data-e-type=\"container\" data-settings=\"{&quot;background_background&quot;:&quot;classic&quot;}\">\n\t\t\t\t\t<div class=\"e-con-inner\">\n\t\t\t\t<div class=\"elementor-element elementor-element-2d657d5 elementor-widget elementor-widget-heading\" data-id=\"2d657d5\" data-element_type=\"widget\" data-e-type=\"widget\" data-widget_type=\"heading.default\">\n\t\t\t\t<div class=\"elementor-widget-container\">\n\t\t\t\t\t<h1 class=\"elementor-heading-title elementor-size-default\">Drapeau et embl\u00e8me nationaux<\/h1>\t\t\t\t<\/div>\n\t\t\t\t<\/div>\n\t\t\t\t\t<\/div>\n\t\t\t\t<\/div>\n\t\t<div class=\"elementor-element elementor-element-fa45021 e-flex e-con-boxed e-con e-parent\" data-id=\"fa45021\" data-element_type=\"container\" data-e-type=\"container\">\n\t\t\t\t\t<div class=\"e-con-inner\">\n\t\t<div class=\"elementor-element elementor-element-676e7db e-con-full e-flex e-con e-child\" data-id=\"676e7db\" data-element_type=\"container\" data-e-type=\"container\">\n\t\t\t\t<div class=\"elementor-element elementor-element-58ebc07 elementor-widget elementor-widget-text-editor\" data-id=\"58ebc07\" data-element_type=\"widget\" data-e-type=\"widget\" data-widget_type=\"text-editor.default\">\n\t\t\t\t<div class=\"elementor-widget-container\">\n\t\t\t\t\t\t\t\t\t<p class=\"\" data-start=\"167\" data-end=\"443\">Le drapeau national et l\u2019embl\u00e8me du Kirghizistan sont des symboles puissants qui refl\u00e8tent la riche histoire, la culture et l\u2019identit\u00e9 du pays. Introduits apr\u00e8s l\u2019ind\u00e9pendance au d\u00e9but des ann\u00e9es 1990, ils repr\u00e9sentent tous deux des \u00e9l\u00e9ments cl\u00e9s de l\u2019h\u00e9ritage nomade du peuple kirghiz ainsi que son lien profond avec la nature.<\/p><p class=\"translation-block\" data-start=\"445\" data-end=\"829\">Le drapeau du Kirghizistan pr\u00e9sente un fond rouge avec un soleil dor\u00e9 au centre, d\u2019o\u00f9 rayonnent 40 rayons, chacun symbolisant l\u2019une des 40 tribus unifi\u00e9es par le h\u00e9ros national Manas. \u00c0 l\u2019int\u00e9rieur du soleil se trouve l\u2019image du tunduk, la couronne circulaire d\u2019une yourte traditionnelle, symbole de l\u2019unit\u00e9, du foyer et du ciel. Ce d\u00e9tail relie la R\u00e9publique kirghize moderne \u00e0 son ancien pass\u00e9 nomade.<\/p><p class=\"translation-block\" data-start=\"831\" data-end=\"1281\">L\u2019embl\u00e8me national met en sc\u00e8ne un aigle majestueux aux ailes d\u00e9ploy\u00e9es, sur fond des montagnes du Tian Shan et du lac Issyk-Koul, deux des sites naturels les plus embl\u00e9matiques du pays. L\u2019aigle symbolise la libert\u00e9, la force et l\u2019esprit de la nation. Les couleurs bleu et blanc repr\u00e9sentent la paix, l\u2019ouverture et l\u2019harmonie avec la nature. En haut de l\u2019embl\u00e8me figure le nom du pays en langue kirghize : \u041a\u044b\u0440\u0433\u044b\u0437 \u0420\u0435\u0441\u043f\u0443\u0431\u043b\u0438\u043a\u0430\u0441\u044b.<\/p><p class=\"\" data-start=\"1283\" data-end=\"1591\">Ensemble, le drapeau et l\u2019embl\u00e8me sont bien plus que de simples symboles officiels : ils constituent une expression visuelle des valeurs, de l\u2019histoire et des aspirations du Kirghizistan. Qu\u2019ils flottent fi\u00e8rement dans la capitale ou qu\u2019ils apparaissent sur une yourte de montagne dans un village isol\u00e9, ces symboles rappellent aux habitants comme aux visiteurs l\u2019identit\u00e9 durable et vivante du pays.<\/p>\t\t\t\t\t\t\t\t<\/div>\n\t\t\t\t<\/div>\n\t\t\t\t<\/div>\n\t\t\t\t\t<\/div>\n\t\t\t\t<\/div>\n\t\t<div class=\"elementor-element elementor-element-1e56b31 e-flex e-con-boxed e-con e-parent\" data-id=\"1e56b31\" data-element_type=\"container\" data-e-type=\"container\">\n\t\t\t\t\t<div class=\"e-con-inner\">\n\t\t<div class=\"elementor-element elementor-element-13fd0cc e-con-full e-flex e-con e-child\" data-id=\"13fd0cc\" data-element_type=\"container\" data-e-type=\"container\">\n\t\t<div class=\"elementor-element elementor-element-507e78b e-con-full e-flex e-con e-child\" data-id=\"507e78b\" data-element_type=\"container\" data-e-type=\"container\">\n\t\t\t\t<div class=\"elementor-element elementor-element-2fd256d elementor-widget elementor-widget-image\" data-id=\"2fd256d\" data-element_type=\"widget\" data-e-type=\"widget\" data-widget_type=\"image.default\">\n\t\t\t\t<div class=\"elementor-widget-container\">\n\t\t\t\t\t\t\t\t\t\t\t\t\t\t\t<img fetchpriority=\"high\" decoding=\"async\" width=\"500\" height=\"300\" src=\"https:\/\/tunduktravel.kg\/wp-content\/uploads\/2026\/01\/Flag_of_Kyrgyzstan.svg.webp\" class=\"attachment-full size-full wp-image-4454\" alt=\"\" srcset=\"https:\/\/tunduktravel.kg\/wp-content\/uploads\/2026\/01\/Flag_of_Kyrgyzstan.svg.webp 500w, https:\/\/tunduktravel.kg\/wp-content\/uploads\/2026\/01\/Flag_of_Kyrgyzstan.svg-300x180.webp 300w\" sizes=\"(max-width: 500px) 100vw, 500px\" \/>\t\t\t\t\t\t\t\t\t\t\t\t\t\t\t<\/div>\n\t\t\t\t<\/div>\n\t\t\t\t<div class=\"elementor-element elementor-element-75c2f61 elementor-widget elementor-widget-heading\" data-id=\"75c2f61\" data-element_type=\"widget\" data-e-type=\"widget\" data-widget_type=\"heading.default\">\n\t\t\t\t<div class=\"elementor-widget-container\">\n\t\t\t\t\t<h5 class=\"elementor-heading-title elementor-size-default\">Drapeau national<\/h5>\t\t\t\t<\/div>\n\t\t\t\t<\/div>\n\t\t\t\t<\/div>\n\t\t<div class=\"elementor-element elementor-element-7d56733 e-con-full e-flex e-con e-child\" data-id=\"7d56733\" data-element_type=\"container\" data-e-type=\"container\">\n\t\t\t\t<div class=\"elementor-element elementor-element-a1db389 elementor-widget elementor-widget-image\" data-id=\"a1db389\" data-element_type=\"widget\" data-e-type=\"widget\" data-widget_type=\"image.default\">\n\t\t\t\t<div class=\"elementor-widget-container\">\n\t\t\t\t\t\t\t\t\t\t\t\t\t\t\t<img decoding=\"async\" width=\"2000\" height=\"2099\" src=\"https:\/\/tunduktravel.kg\/wp-content\/uploads\/2026\/01\/emblem.webp\" class=\"attachment-full size-full wp-image-4456\" alt=\"\" srcset=\"https:\/\/tunduktravel.kg\/wp-content\/uploads\/2026\/01\/emblem.webp 2000w, https:\/\/tunduktravel.kg\/wp-content\/uploads\/2026\/01\/emblem-286x300.webp 286w, https:\/\/tunduktravel.kg\/wp-content\/uploads\/2026\/01\/emblem-976x1024.webp 976w, https:\/\/tunduktravel.kg\/wp-content\/uploads\/2026\/01\/emblem-768x806.webp 768w, https:\/\/tunduktravel.kg\/wp-content\/uploads\/2026\/01\/emblem-1464x1536.webp 1464w, https:\/\/tunduktravel.kg\/wp-content\/uploads\/2026\/01\/emblem-1951x2048.webp 1951w\" sizes=\"(max-width: 2000px) 100vw, 2000px\" \/>\t\t\t\t\t\t\t\t\t\t\t\t\t\t\t<\/div>\n\t\t\t\t<\/div>\n\t\t\t\t<div class=\"elementor-element elementor-element-168d399 elementor-widget elementor-widget-heading\" data-id=\"168d399\" data-element_type=\"widget\" data-e-type=\"widget\" data-widget_type=\"heading.default\">\n\t\t\t\t<div class=\"elementor-widget-container\">\n\t\t\t\t\t<h5 class=\"elementor-heading-title elementor-size-default\">Embl\u00e8me national<\/h5>\t\t\t\t<\/div>\n\t\t\t\t<\/div>\n\t\t\t\t<\/div>\n\t\t\t\t<\/div>\n\t\t\t\t\t<\/div>\n\t\t\t\t<\/div>\n\t\t<div class=\"elementor-element elementor-element-47fc7091 e-flex e-con-boxed e-con e-parent\" data-id=\"47fc7091\" data-element_type=\"container\" data-e-type=\"container\" data-settings=\"{&quot;background_background&quot;:&quot;classic&quot;}\">\n\t\t\t\t\t<div class=\"e-con-inner\">\n\t\t\t\t<div class=\"elementor-element elementor-element-25c43802 elementor-widget elementor-widget-heading\" data-id=\"25c43802\" data-element_type=\"widget\" data-e-type=\"widget\" data-widget_type=\"heading.default\">\n\t\t\t\t<div class=\"elementor-widget-container\">\n\t\t\t\t\t<h2 class=\"elementor-heading-title elementor-size-default\">Donnez vie \u00e0 votre aventure\n<\/h2>\t\t\t\t<\/div>\n\t\t\t\t<\/div>\n\t\t\t\t<div class=\"elementor-element elementor-element-1f156660 elementor-align-justify elementor-widget elementor-widget-button\" data-id=\"1f156660\" data-element_type=\"widget\" data-e-type=\"widget\" data-widget_type=\"button.default\">\n\t\t\t\t<div class=\"elementor-widget-container\">\n\t\t\t\t\t\t\t\t\t<div class=\"elementor-button-wrapper\">\n\t\t\t\t\t<a class=\"elementor-button elementor-button-link elementor-size-sm\" href=\"https:\/\/tunduktravel.kg\/fr\/contact\/\">\n\t\t\t\t\t\t<span class=\"elementor-button-content-wrapper\">\n\t\t\t\t\t\t\t\t\t<span class=\"elementor-button-text\">Contactez-nous<\/span>\n\t\t\t\t\t<\/span>\n\t\t\t\t\t<\/a>\n\t\t\t\t<\/div>\n\t\t\t\t\t\t\t\t<\/div>\n\t\t\t\t<\/div>\n\t\t\t\t\t<\/div>\n\t\t\t\t<\/div>\n\t\t\t\t<\/div>","protected":false},"excerpt":{"rendered":"<p>National Flag &amp; Emblem The national flag and emblem of Kyrgyzstan are powerful symbols that reflect the country\u2019s rich history, [&hellip;]<\/p>\n","protected":false},"author":2,"featured_media":0,"parent":0,"menu_order":0,"comment_status":"closed","ping_status":"closed","template":"","meta":{"site-sidebar-layout":"no-sidebar","site-content-layout":"","ast-site-content-layout":"full-width-container","site-content-style":"default","site-sidebar-style":"default","ast-global-header-display":"","ast-banner-title-visibility":"","ast-main-header-display":"","ast-hfb-above-header-display":"","ast-hfb-below-header-display":"","ast-hfb-mobile-header-display":"","site-post-title":"disabled","ast-breadcrumbs-content":"","ast-featured-img":"disabled","footer-sml-layout":"","ast-disable-related-posts":"","theme-transparent-header-meta":"","adv-header-id-meta":"","stick-header-meta":"","header-above-stick-meta":"","header-main-stick-meta":"","header-below-stick-meta":"","astra-migrate-meta-layouts":"default","ast-page-background-enabled":"default","ast-page-background-meta":{"desktop":{"background-color":"var(--ast-global-color-4)","background-image":"","background-repeat":"repeat","background-position":"center center","background-size":"auto","background-attachment":"scroll","background-type":"","background-media":"","overlay-type":"","overlay-color":"","overlay-opacity":"","overlay-gradient":""},"tablet":{"background-color":"","background-image":"","background-repeat":"repeat","background-position":"center center","background-size":"auto","background-attachment":"scroll","background-type":"","background-media":"","overlay-type":"","overlay-color":"","overlay-opacity":"","overlay-gradient":""},"mobile":{"background-color":"","background-image":"","background-repeat":"repeat","background-position":"center center","background-size":"auto","background-attachment":"scroll","background-type":"","background-media":"","overlay-type":"","overlay-color":"","overlay-opacity":"","overlay-gradient":""}},"ast-content-background-meta":{"desktop":{"background-color":"var(--ast-global-color-5)","background-image":"","background-repeat":"repeat","background-position":"center center","background-size":"auto","background-attachment":"scroll","background-type":"","background-media":"","overlay-type":"","overlay-color":"","overlay-opacity":"","overlay-gradient":""},"tablet":{"background-color":"var(--ast-global-color-5)","background-image":"","background-repeat":"repeat","background-position":"center center","background-size":"auto","background-attachment":"scroll","background-type":"","background-media":"","overlay-type":"","overlay-color":"","overlay-opacity":"","overlay-gradient":""},"mobile":{"background-color":"var(--ast-global-color-5)","background-image":"","background-repeat":"repeat","background-position":"center center","background-size":"auto","background-attachment":"scroll","background-type":"","background-media":"","overlay-type":"","overlay-color":"","overlay-opacity":"","overlay-gradient":""}},"footnotes":""},"class_list":["post-1131","page","type-page","status-publish","hentry"],"_links":{"self":[{"href":"https:\/\/tunduktravel.kg\/fr\/wp-json\/wp\/v2\/pages\/1131","targetHints":{"allow":["GET"]}}],"collection":[{"href":"https:\/\/tunduktravel.kg\/fr\/wp-json\/wp\/v2\/pages"}],"about":[{"href":"https:\/\/tunduktravel.kg\/fr\/wp-json\/wp\/v2\/types\/page"}],"author":[{"embeddable":true,"href":"https:\/\/tunduktravel.kg\/fr\/wp-json\/wp\/v2\/users\/2"}],"replies":[{"embeddable":true,"href":"https:\/\/tunduktravel.kg\/fr\/wp-json\/wp\/v2\/comments?post=1131"}],"version-history":[{"count":25,"href":"https:\/\/tunduktravel.kg\/fr\/wp-json\/wp\/v2\/pages\/1131\/revisions"}],"predecessor-version":[{"id":4481,"href":"https:\/\/tunduktravel.kg\/fr\/wp-json\/wp\/v2\/pages\/1131\/revisions\/4481"}],"wp:attachment":[{"href":"https:\/\/tunduktravel.kg\/fr\/wp-json\/wp\/v2\/media?parent=1131"}],"curies":[{"name":"wp","href":"https:\/\/api.w.org\/{rel}","templated":true}]}}